{"id":18736,"date":"2024-12-12T09:25:36","date_gmt":"2024-12-12T08:25:36","guid":{"rendered":"http:\/\/www.hessen-stottern.de\/?page_id=18736"},"modified":"2024-12-12T09:26:48","modified_gmt":"2024-12-12T08:26:48","slug":"stottern-und-hessentag","status":"publish","type":"page","link":"https:\/\/www.hessen-stottern.de\/?page_id=18736","title":{"rendered":"Theater spielen"},"content":{"rendered":"<div class=\"twoclick_social_bookmarks_post_18736 social_share_privacy clearfix 1.6.4 locale-de_DE sprite-de_DE\"><\/div><div class=\"twoclick-js\"><script type=\"text\/javascript\">\/* <![CDATA[ *\/\njQuery(document).ready(function($){if($('.twoclick_social_bookmarks_post_18736')){$('.twoclick_social_bookmarks_post_18736').socialSharePrivacy({\"services\":{\"facebook\":{\"status\":\"on\",\"txt_info\":\"2 Klicks f\\u00fcr mehr Datenschutz: Erst wenn Sie hier klicken, wird der Button aktiv und Sie k\\u00f6nnen Ihre Empfehlung an Facebook senden. Schon beim Aktivieren werden Daten an Dritte \\u00fcbertragen - siehe <em>i<\\\/em>.\",\"perma_option\":\"off\",\"action\":\"like\",\"language\":\"de_DE\"},\"twitter\":{\"reply_to\":\"\",\"tweet_text\":\"Theater%20spielen%20%C2%BB%20Hessen-Stottern.de\",\"status\":\"on\",\"txt_info\":\"2 Klicks f\\u00fcr mehr Datenschutz: Erst wenn Sie hier klicken, wird der Button aktiv und Sie k\\u00f6nnen Ihre Empfehlung an Twitter senden. Schon beim Aktivieren werden Daten an Dritte \\u00fcbertragen - siehe <em>i<\\\/em>.\",\"perma_option\":\"off\",\"language\":\"de\",\"referrer_track\":\"\"}},\"txt_help\":\"Wenn Sie diese Felder durch einen Klick aktivieren, werden Informationen an Facebook, Twitter, Flattr, Xing, t3n, LinkedIn, Pinterest oder Google eventuell ins Ausland \\u00fcbertragen und unter Umst\\u00e4nden auch dort gespeichert. N\\u00e4heres erfahren Sie durch einen Klick auf das <em>i<\\\/em>.\",\"settings_perma\":\"Dauerhaft aktivieren und Daten\\u00fcber-tragung zustimmen:\",\"info_link\":\"http:\\\/\\\/www.heise.de\\\/ct\\\/artikel\\\/2-Klicks-fuer-mehr-Datenschutz-1333879.html\",\"uri\":\"https:\\\/\\\/www.hessen-stottern.de\\\/?page_id=18736\",\"post_id\":18736,\"post_title_referrer_track\":\"Theater+spielen\",\"display_infobox\":\"on\"});}});\n\/* ]]> *\/<\/script><\/div>\n<p>Stottern zu ver\u00e4ndern ist Spiel zwischen Realit\u00e4t, Leichigkeit. Kurzweilig in eine Rolle zu schl\u00fcpfen und eine ganz andere Person zu spielen haben schon viele ber\u00fchmte Stotternde Schauspieler erkannt und nutzen dies aktiv f\u00fcr ihre eigene Sprachbehinderung.<br \/><br \/>Aber es muss nicht gleich eine rie\u00dfen Theaterst\u00fcck oder vor der gro\u00dfen Fernsehkamera sein mit einem Millionen Zuschauer zu besten Sendezeit im Fernsehen. <br \/><br \/>Es gibt auch kleine Selbstexperimente die Du dich stellen kannst um souver\u00e4ner mit deinem eigenen Stottern umgehen zu k\u00f6nnen. Und es gibt und gab schon viele Projeke in den Stotterer Selbsthilfegruppen um spielerisch in Form von Standup Theater\/Improtheater seine eigenen sprachlichen Grenzen auszuprobieren und neue M\u00f6glichkeiten f\u00fcr sich und einer ganzen Theatergruppe zu erm\u00f6glichen.<br \/><br \/>Beim Theaterspielen geht es in der ersten Linie um die Freude am Spielen und nicht um die Perfektion um einen aufwendig gelernten Text wie eine Maschine runter sprechen zu k\u00f6nnen. Und nat\u00fcrlich soll das eigene Selbstbewusstsein dabei gest\u00e4rkt werden um zuk\u00fcnftige neue Hindernisse in schwierigen Sprechsituationen besser und souver\u00e4ner meistern zu k\u00f6nnen und die Lust am Sprechen neu zu finden.<br \/><br \/>Hier ein paar Anregungen die Du vielleicht im ganz kleinen mit deinen neuen Freunden aus deiner Stotterer Selbsthilfegruppe gemeinsam umsetzen kannst<br \/><br \/>\u2022 Lust am scheitern (<a href=\"https:\/\/www.youtube.com\/watch?v=T-uR84ZXO4Y\" target=\"_blank\" rel=\"noopener\">&lt;&gt;<\/a>)<br \/>\u2022 Frei Schnauze (<a href=\"https:\/\/www.youtube.com\/results?search_query=Frei+Schnauze\" target=\"_blank\" rel=\"noopener\">&lt;&gt;<\/a>)<br \/>\u2022 Schillerstra\u00dfe (<a href=\"https:\/\/www.youtube.com\/results?search_query=Schillerstra%C3%9Fe\" target=\"_blank\" rel=\"noopener\">&lt;&gt;<\/a>)<br \/>\u2022 Genial daneben (<a href=\"https:\/\/www.youtube.com\/results?search_query=genial+daneben\" target=\"_blank\" rel=\"noopener\">&lt;&gt;<\/a>)<\/p>\n","protected":false},"excerpt":{"rendered":"<p>Stottern zu ver\u00e4ndern ist Spiel zwischen Realit\u00e4t, Leichigkeit. Kurzweilig in eine Rolle zu schl\u00fcpfen und eine ganz andere Person zu spielen haben schon viele ber\u00fchmte Stotternde Schauspieler erkannt und nutzen dies aktiv f\u00fcr ihre eigene Sprachbehinderung. Aber es muss nicht &hellip; <a href=\"https:\/\/www.hessen-stottern.de\/?page_id=18736\">Weiterlesen <span class=\"meta-nav\">&rarr;<\/span><\/a><\/p>\n","protected":false},"author":6,"featured_media":0,"parent":2,"menu_order":0,"comment_status":"closed","ping_status":"closed","template":"","meta":{"_price":"","_stock":"","_tribe_ticket_header":"","_tribe_default_ticket_provider":"","_tribe_ticket_capacity":"0","_ticket_start_date":"","_ticket_end_date":"","_tribe_ticket_show_description":"","_tribe_ticket_show_not_going":false,"_tribe_ticket_use_global_stock":"","_tribe_ticket_global_stock_level":"","_global_stock_mode":"","_global_stock_cap":"","_tribe_rsvp_for_event":"","_tribe_ticket_going_count":"","_tribe_ticket_not_going_count":"","_tribe_tickets_list":"[]","_tribe_ticket_has_attendee_info_fields":false,"footnotes":"","_tec_slr_enabled":"","_tec_slr_layout":"","_links_to":"","_links_to_target":""},"class_list":["post-18736","page","type-page","status-publish","hentry"],"aioseo_notices":[],"ticketed":false,"_links":{"self":[{"href":"https:\/\/www.hessen-stottern.de\/index.php?rest_route=\/wp\/v2\/pages\/18736","targetHints":{"allow":["GET"]}}],"collection":[{"href":"https:\/\/www.hessen-stottern.de\/index.php?rest_route=\/wp\/v2\/pages"}],"about":[{"href":"https:\/\/www.hessen-stottern.de\/index.php?rest_route=\/wp\/v2\/types\/page"}],"author":[{"embeddable":true,"href":"https:\/\/www.hessen-stottern.de\/index.php?rest_route=\/wp\/v2\/users\/6"}],"replies":[{"embeddable":true,"href":"https:\/\/www.hessen-stottern.de\/index.php?rest_route=%2Fwp%2Fv2%2Fcomments&post=18736"}],"version-history":[{"count":1,"href":"https:\/\/www.hessen-stottern.de\/index.php?rest_route=\/wp\/v2\/pages\/18736\/revisions"}],"predecessor-version":[{"id":42968,"href":"https:\/\/www.hessen-stottern.de\/index.php?rest_route=\/wp\/v2\/pages\/18736\/revisions\/42968"}],"up":[{"embeddable":true,"href":"https:\/\/www.hessen-stottern.de\/index.php?rest_route=\/wp\/v2\/pages\/2"}],"wp:attachment":[{"href":"https:\/\/www.hessen-stottern.de\/index.php?rest_route=%2Fwp%2Fv2%2Fmedia&parent=18736"}],"curies":[{"name":"wp","href":"https:\/\/api.w.org\/{rel}","templated":true}]}}