{"id":24258,"date":"2024-12-13T08:35:25","date_gmt":"2024-12-13T07:35:25","guid":{"rendered":"http:\/\/www.hessen-stottern.de\/?page_id=24258"},"modified":"2024-12-13T08:35:27","modified_gmt":"2024-12-13T07:35:27","slug":"ich-stottere","status":"publish","type":"page","link":"https:\/\/www.hessen-stottern.de\/?page_id=24258","title":{"rendered":"Ich stottere&#8230;"},"content":{"rendered":"<div class=\"twoclick_social_bookmarks_post_24258 social_share_privacy clearfix 1.6.4 locale-de_DE sprite-de_DE\"><\/div><div class=\"twoclick-js\"><script type=\"text\/javascript\">\/* <![CDATA[ *\/\njQuery(document).ready(function($){if($('.twoclick_social_bookmarks_post_24258')){$('.twoclick_social_bookmarks_post_24258').socialSharePrivacy({\"services\":{\"facebook\":{\"status\":\"on\",\"txt_info\":\"2 Klicks f\\u00fcr mehr Datenschutz: Erst wenn Sie hier klicken, wird der Button aktiv und Sie k\\u00f6nnen Ihre Empfehlung an Facebook senden. Schon beim Aktivieren werden Daten an Dritte \\u00fcbertragen - siehe <em>i<\\\/em>.\",\"perma_option\":\"off\",\"action\":\"like\",\"language\":\"de_DE\"},\"twitter\":{\"reply_to\":\"\",\"tweet_text\":\"Ich%20stottere%E2%80%A6%20%C2%BB%20Hessen-Stottern.de\",\"status\":\"on\",\"txt_info\":\"2 Klicks f\\u00fcr mehr Datenschutz: Erst wenn Sie hier klicken, wird der Button aktiv und Sie k\\u00f6nnen Ihre Empfehlung an Twitter senden. Schon beim Aktivieren werden Daten an Dritte \\u00fcbertragen - siehe <em>i<\\\/em>.\",\"perma_option\":\"off\",\"language\":\"de\",\"referrer_track\":\"\"}},\"txt_help\":\"Wenn Sie diese Felder durch einen Klick aktivieren, werden Informationen an Facebook, Twitter, Flattr, Xing, t3n, LinkedIn, Pinterest oder Google eventuell ins Ausland \\u00fcbertragen und unter Umst\\u00e4nden auch dort gespeichert. N\\u00e4heres erfahren Sie durch einen Klick auf das <em>i<\\\/em>.\",\"settings_perma\":\"Dauerhaft aktivieren und Daten\\u00fcber-tragung zustimmen:\",\"info_link\":\"http:\\\/\\\/www.heise.de\\\/ct\\\/artikel\\\/2-Klicks-fuer-mehr-Datenschutz-1333879.html\",\"uri\":\"https:\\\/\\\/www.hessen-stottern.de\\\/?page_id=24258\",\"post_id\":24258,\"post_title_referrer_track\":\"Ich+stottere%26%238230%3B\",\"display_infobox\":\"on\"});}});\n\/* ]]> *\/<\/script><\/div>\n<p>\u00abIch stottere\u00bb ist ein Online-Projekt um anderen Betroffenen mit ihrem Stottern Mut zu machen und als Vorbild zu dienen. Immer wieder h\u00f6rt man: <em>Mit deinem Stottern kannst Du \/ k\u00f6nnen Sie doch diesen Beruf niemals ergreifen.<\/em> Mit der fadenscheinigsten argumenten wird behauptet das man in diesen und jenen Beruf doch sprechen m\u00fcsse und das man diesen Beruf wegen des Stottern niemals aus\u00fcben k\u00f6nne.<\/p>\n\n\n\n<p><strong>Doch in Wirklichkeit gibt es keine einzige T\u00e4tigkeit im beruflichen Kontext wo man nicht \u2500 Nicht sprechen mu\u00df<\/strong>. <\/p>\n\n\n\n<p>Neben den Ber\u00fchmten Stotternden wie Marilyn Monroe und Isaac Newton und Co. <a href=\"http:\/\/www.prominente.hessen-stottern.de\">&lt;&gt; <\/a>herrscht viel \u00f6fter der Wunsch ganz gew\u00f6hnliche Berufe in der sp\u00e4teren Berufswelt aus\u00fcben zu k\u00f6nnen. Diese sind z.b. Friseur, Bauarbeiter, Krankenschwester, G\u00e4rtner, Polizist und und und&#8230;<\/p>\n\n\n\n<p>Und so geht&#8217;s<\/p>\n\n\n\n<p>Du hast hier die M\u00f6glichkeit Dich <strong>\u00f6ffentlich <\/strong>kurz mit deinem Namen, Beruf Ort und evtl. deinem Geburtstag\/Geburtsjahr vorzustellen.<\/p>\n\n\n\n<p>Ziel ist es zu zeigen das sehr wohl Menschen gibt die in bestimmten Berufen schon erfolgreich waren und sind.<\/p>\n\n\n\n<figure><iframe loading=\"lazy\" src=\"https:\/\/calendar.google.com\/calendar\/embed?src=ftobcor68r1j1j38c5uv3c81lg%40group.calendar.google.com&amp;ctz=Europe%2FBerlin\" width=\"800\" height=\"600\"><\/iframe><\/figure>\n","protected":false},"excerpt":{"rendered":"<p>\u00abIch stottere\u00bb ist ein Online-Projekt um anderen Betroffenen mit ihrem Stottern Mut zu machen und als Vorbild zu dienen. Immer wieder h\u00f6rt man: Mit deinem Stottern kannst Du \/ k\u00f6nnen Sie doch diesen Beruf niemals ergreifen. Mit der fadenscheinigsten argumenten &hellip; <a href=\"https:\/\/www.hessen-stottern.de\/?page_id=24258\">Weiterlesen <span class=\"meta-nav\">&rarr;<\/span><\/a><\/p>\n","protected":false},"author":6,"featured_media":0,"parent":41289,"menu_order":2,"comment_status":"closed","ping_status":"closed","template":"","meta":{"_price":"","_stock":"","_tribe_ticket_header":"","_tribe_default_ticket_provider":"","_tribe_ticket_capacity":"0","_ticket_start_date":"","_ticket_end_date":"","_tribe_ticket_show_description":"","_tribe_ticket_show_not_going":false,"_tribe_ticket_use_global_stock":"","_tribe_ticket_global_stock_level":"","_global_stock_mode":"","_global_stock_cap":"","_tribe_rsvp_for_event":"","_tribe_ticket_going_count":"","_tribe_ticket_not_going_count":"","_tribe_tickets_list":"[]","_tribe_ticket_has_attendee_info_fields":false,"footnotes":"","_tec_slr_enabled":"","_tec_slr_layout":"","_links_to":"","_links_to_target":""},"class_list":["post-24258","page","type-page","status-publish","hentry"],"aioseo_notices":[],"ticketed":false,"_links":{"self":[{"href":"https:\/\/www.hessen-stottern.de\/index.php?rest_route=\/wp\/v2\/pages\/24258","targetHints":{"allow":["GET"]}}],"collection":[{"href":"https:\/\/www.hessen-stottern.de\/index.php?rest_route=\/wp\/v2\/pages"}],"about":[{"href":"https:\/\/www.hessen-stottern.de\/index.php?rest_route=\/wp\/v2\/types\/page"}],"author":[{"embeddable":true,"href":"https:\/\/www.hessen-stottern.de\/index.php?rest_route=\/wp\/v2\/users\/6"}],"replies":[{"embeddable":true,"href":"https:\/\/www.hessen-stottern.de\/index.php?rest_route=%2Fwp%2Fv2%2Fcomments&post=24258"}],"version-history":[{"count":1,"href":"https:\/\/www.hessen-stottern.de\/index.php?rest_route=\/wp\/v2\/pages\/24258\/revisions"}],"predecessor-version":[{"id":42854,"href":"https:\/\/www.hessen-stottern.de\/index.php?rest_route=\/wp\/v2\/pages\/24258\/revisions\/42854"}],"up":[{"embeddable":true,"href":"https:\/\/www.hessen-stottern.de\/index.php?rest_route=\/wp\/v2\/pages\/41289"}],"wp:attachment":[{"href":"https:\/\/www.hessen-stottern.de\/index.php?rest_route=%2Fwp%2Fv2%2Fmedia&parent=24258"}],"curies":[{"name":"wp","href":"https:\/\/api.w.org\/{rel}","templated":true}]}}