{"id":32730,"date":"2019-09-13T15:06:36","date_gmt":"2019-09-13T13:06:36","guid":{"rendered":"http:\/\/www.hessen-stottern.de\/?page_id=32730"},"modified":"2019-11-24T16:17:26","modified_gmt":"2019-11-24T15:17:26","slug":"stotterquiz","status":"publish","type":"page","link":"https:\/\/www.hessen-stottern.de\/?page_id=32730","title":{"rendered":"Stotterquiz"},"content":{"rendered":"<div class=\"twoclick_social_bookmarks_post_32730 social_share_privacy clearfix 1.6.4 locale-de_DE sprite-de_DE\"><\/div><div class=\"twoclick-js\"><script type=\"text\/javascript\">\/* <![CDATA[ *\/\njQuery(document).ready(function($){if($('.twoclick_social_bookmarks_post_32730')){$('.twoclick_social_bookmarks_post_32730').socialSharePrivacy({\"services\":{\"facebook\":{\"status\":\"on\",\"txt_info\":\"2 Klicks f\\u00fcr mehr Datenschutz: Erst wenn Sie hier klicken, wird der Button aktiv und Sie k\\u00f6nnen Ihre Empfehlung an Facebook senden. Schon beim Aktivieren werden Daten an Dritte \\u00fcbertragen - siehe <em>i<\\\/em>.\",\"perma_option\":\"off\",\"action\":\"like\",\"language\":\"de_DE\"},\"twitter\":{\"reply_to\":\"\",\"tweet_text\":\"Stotterquiz%20%C2%BB%20Hessen-Stottern.de\",\"status\":\"on\",\"txt_info\":\"2 Klicks f\\u00fcr mehr Datenschutz: Erst wenn Sie hier klicken, wird der Button aktiv und Sie k\\u00f6nnen Ihre Empfehlung an Twitter senden. Schon beim Aktivieren werden Daten an Dritte \\u00fcbertragen - siehe <em>i<\\\/em>.\",\"perma_option\":\"off\",\"language\":\"de\",\"referrer_track\":\"\"}},\"txt_help\":\"Wenn Sie diese Felder durch einen Klick aktivieren, werden Informationen an Facebook, Twitter, Flattr, Xing, t3n, LinkedIn, Pinterest oder Google eventuell ins Ausland \\u00fcbertragen und unter Umst\\u00e4nden auch dort gespeichert. N\\u00e4heres erfahren Sie durch einen Klick auf das <em>i<\\\/em>.\",\"settings_perma\":\"Dauerhaft aktivieren und Daten\\u00fcber-tragung zustimmen:\",\"info_link\":\"http:\\\/\\\/www.heise.de\\\/ct\\\/artikel\\\/2-Klicks-fuer-mehr-Datenschutz-1333879.html\",\"uri\":\"https:\\\/\\\/www.hessen-stottern.de\\\/?page_id=32730\",\"post_id\":32730,\"post_title_referrer_track\":\"Stotterquiz\",\"display_infobox\":\"on\"});}});\n\/* ]]> *\/<\/script><\/div>\n<p>01.<strong>Wieviele Stotternde gibt es in Hessen?<\/strong><br><strong>Antwort 1:<\/strong>  ca. 62.000 (L\u00f6sungsbuchstabe R)<br><strong>Antwort 2: <\/strong> ca. 620 (L\u00f6sungsbuchstabe W)<br><strong>Online:<\/strong> <a href=\"https:\/\/strawpoll.de\/2fxxzr2\" target=\"_blank\" rel=\"noreferrer noopener\">https:\/\/strawpoll.de\/2fxxzr2<\/a><\/p>\n\n\n\n<p>02.<strong>Stottern mehr M\u00e4nner als Frauen?<\/strong><br><strong>Antwort 1:<\/strong>&nbsp; Ja (L\u00f6sungsbuchstabe U)<br><strong>Antwort 2:&nbsp;<\/strong> Nein (L\u00f6sungsbuchstabe A)<br><strong>Online:<\/strong> <a rel=\"noreferrer noopener\" href=\"https:\/\/strawpoll.de\/494939s\" target=\"_blank\">https:\/\/strawpoll.de\/494939s<\/a><\/p>\n\n\n\n<p>03.<strong>Ist Stottern eine St\u00f6rung im Sprechablauf?<\/strong><br><strong>Antwort 1:<\/strong>&nbsp; Ja (L\u00f6sungsbuchstabe T)<br><strong>Antwort 2:&nbsp;<\/strong> Nein (L\u00f6sungsbuchstabe E)<br><strong>Online:<\/strong> <a rel=\"noreferrer noopener\" href=\"https:\/\/strawpoll.de\/c222f2g\" target=\"_blank\">https:\/\/strawpoll.de\/c222f2g<\/a><\/p>\n\n\n\n<p>04.<strong>Haben stotternde Menschen beim singen wie beim sprechen die gleichen Probleme?<\/strong><br><strong>Antwort 1:<\/strong>&nbsp; Ja (L\u00f6sungsbuchstabe C)<br><strong>Antwort 2:&nbsp;<\/strong> Nein (L\u00f6sungsbuchstabe T)<br><strong>Online:<\/strong> <a rel=\"noreferrer noopener\" href=\"https:\/\/strawpoll.de\/d7c29w5\" target=\"_blank\">https:\/\/strawpoll.de\/d7c29w5<\/a><\/p>\n\n\n\n<p>\n05.<strong>Wird die St\u00e4rke des Stotterns durch die Reaktionen der Mitmenschen beeinflusst?<\/strong><br><strong>Antwort 1:<\/strong>&nbsp; Ja (L\u00f6sungsbuchstabe E)<br><strong>Antwort 2:&nbsp;<\/strong> Nein (L\u00f6sungsbuchstabe H)<br><strong>Online:<\/strong><a rel=\"noreferrer noopener\" href=\"https:\/\/strawpoll.de\/d45c77d\" target=\"_blank\">https:\/\/strawpoll.de\/d45c77d<\/a><\/p>\n\n\n\n<p>\n06.<strong>Gibt es stotternde \u00c4rzte, Lehrer, Priester, Schauspieler, Politiker und Telefonisten?<\/strong><br><strong>Antwort 1:<\/strong>&nbsp; Ja (L\u00f6sungsbuchstabe R)<br><strong>Antwort 2:&nbsp;<\/strong> Nein (L\u00f6sungsbuchstabe T)<br><strong>Online:<\/strong><a rel=\"noreferrer noopener\" href=\"https:\/\/strawpoll.de\/zf3dc1s\" target=\"_blank\">https:\/\/strawpoll.de\/zf3dc1s<\/a><\/p>\n\n\n\n<p>\n07.<strong>Kommt es vor das Personen die von Stotternden angerufen werden den H\u00f6rer vorzeitig wieder auflegen?<\/strong><br><strong>Antwort 1:<\/strong>&nbsp; Ja (L\u00f6sungsbuchstabe S)<br><strong>Antwort 2:&nbsp;<\/strong> Nein (L\u00f6sungsbuchstabe E)<br><strong>Online:<\/strong><a rel=\"noreferrer noopener\" href=\"https:\/\/strawpoll.de\/5wey8xx\" target=\"_blank\">https:\/\/strawpoll.de\/5wey8xx<\/a><\/p>\n\n\n\n<p>\n08.<strong>Helfen Stotternden gut gemeinte Ratschl\u00e4ge wie \u00bb<\/strong><em>Sprich langsam<\/em><strong>\u00ab oder \u00bb<\/strong><em>Hol erst mal tief Luft<\/em><strong>\u00ab ?<\/strong><br><strong>Antwort 1:<\/strong>&nbsp; Ja (L\u00f6sungsbuchstabe R)<br><strong>Antwort 2:&nbsp;<\/strong> Nein (L\u00f6sungsbuchstabe H)<br><strong>Online:<\/strong><a rel=\"noreferrer noopener\" href=\"https:\/\/strawpoll.de\/5dg2c35\" target=\"_blank\">https:\/\/strawpoll.de\/5dg2c35<\/a><\/p>\n\n\n\n<p>\n09.<strong>Sollte man Stotternden helfen, wenn sie h\u00e4ngen bleiben, und man das schon wei\u00df was sie sagen wollen?<\/strong><br><strong>Antwort 1:<\/strong>&nbsp; Ja (L\u00f6sungsbuchstabe S)<br><strong>Antwort 2:&nbsp;<\/strong> Nein (L\u00f6sungsbuchstabe A)<br><strong>Online:<\/strong><a rel=\"noreferrer noopener\" href=\"https:\/\/strawpoll.de\/4zf8zz6\" target=\"_blank\">https:\/\/strawpoll.de\/4zf8zz6<\/a><\/p>\n\n\n\n<p>\n10.<strong>Sind normal sprechende Menschen intelligenter als Stotternde?<\/strong><br><strong>Antwort 1:<\/strong>&nbsp; Ja (L\u00f6sungsbuchstabe B)<br><strong>Antwort 2:&nbsp;<\/strong> Nein (L\u00f6sungsbuchstabe U)<br><strong>Online:<\/strong><a rel=\"noreferrer noopener\" href=\"https:\/\/strawpoll.de\/r5b5s25\" target=\"_blank\">https:\/\/strawpoll.de\/r5b5s25<\/a><\/p>\n\n\n\n<p>\n11.<strong>Sollte man im Gespr\u00e4ch mit einem Stotternden Blickkontakt halten?<\/strong><br><strong>Antwort 1:<\/strong>&nbsp; Ja (L\u00f6sungsbuchstabe S)<br><strong>Antwort 2:&nbsp;<\/strong> Nein (L\u00f6sungsbuchstabe A)<br><strong>Online:<\/strong><a rel=\"noreferrer noopener\" href=\"https:\/\/strawpoll.de\/1195ezg\" target=\"_blank\">https:\/\/strawpoll.de\/1195ezg<\/a><\/p>\n\n\n\n<p>\n12.<strong>Hilft es Stotternden wenn nab das Problem &#8222;Stottern&#8220; tabusiert?<\/strong><br><strong>Antwort 1:<\/strong>&nbsp; Ja (L\u00f6sungsbuchstabe C)<br><strong>Antwort 2:&nbsp;<\/strong> Nein (L\u00f6sungsbuchstabe E)<br><strong>Online:<\/strong><a rel=\"noreferrer noopener\" href=\"https:\/\/strawpoll.de\/x343s8s\" target=\"_blank\">https:\/\/strawpoll.de\/x343s8s<\/a><\/p>\n\n\n\n<p>\n13.<strong>Wieviele Stotterer Selbsthilfegruppen gibt es in Hessen?<\/strong><br><strong>Antwort 1:<\/strong>&nbsp; Ja (L\u00f6sungsbuchstabe H)<br><strong>Antwort 2:&nbsp;<\/strong> Nein (L\u00f6sungsbuchstabe N)<br><strong>Online:<\/strong><a rel=\"noreferrer noopener\" href=\"https:\/\/strawpoll.de\/4b1yaw7\" target=\"_blank\">https:\/\/strawpoll.de\/4b1yaw7<\/a><\/p>\n","protected":false},"excerpt":{"rendered":"<p>01.Wieviele Stotternde gibt es in Hessen?Antwort 1: ca. 62.000 (L\u00f6sungsbuchstabe R)Antwort 2: ca. 620 (L\u00f6sungsbuchstabe W)Online: https:\/\/strawpoll.de\/2fxxzr2 02.Stottern mehr M\u00e4nner als Frauen?Antwort 1:&nbsp; Ja (L\u00f6sungsbuchstabe U)Antwort 2:&nbsp; Nein (L\u00f6sungsbuchstabe A)Online: https:\/\/strawpoll.de\/494939s 03.Ist Stottern eine St\u00f6rung im Sprechablauf?Antwort 1:&nbsp; Ja (L\u00f6sungsbuchstabe &hellip; <a href=\"https:\/\/www.hessen-stottern.de\/?page_id=32730\">Weiterlesen <span class=\"meta-nav\">&rarr;<\/span><\/a><\/p>\n","protected":false},"author":6,"featured_media":0,"parent":13638,"menu_order":0,"comment_status":"closed","ping_status":"closed","template":"","meta":{"_price":"","_stock":"","_tribe_ticket_header":"","_tribe_default_ticket_provider":"","_tribe_ticket_capacity":"0","_ticket_start_date":"","_ticket_end_date":"","_tribe_ticket_show_description":"","_tribe_ticket_show_not_going":false,"_tribe_ticket_use_global_stock":"","_tribe_ticket_global_stock_level":"","_global_stock_mode":"","_global_stock_cap":"","_tribe_rsvp_for_event":"","_tribe_ticket_going_count":"","_tribe_ticket_not_going_count":"","_tribe_tickets_list":"[]","_tribe_ticket_has_attendee_info_fields":false,"footnotes":"","_tec_slr_enabled":"","_tec_slr_layout":"","_links_to":"","_links_to_target":""},"class_list":["post-32730","page","type-page","status-publish","hentry"],"aioseo_notices":[],"ticketed":false,"_links":{"self":[{"href":"https:\/\/www.hessen-stottern.de\/index.php?rest_route=\/wp\/v2\/pages\/32730","targetHints":{"allow":["GET"]}}],"collection":[{"href":"https:\/\/www.hessen-stottern.de\/index.php?rest_route=\/wp\/v2\/pages"}],"about":[{"href":"https:\/\/www.hessen-stottern.de\/index.php?rest_route=\/wp\/v2\/types\/page"}],"author":[{"embeddable":true,"href":"https:\/\/www.hessen-stottern.de\/index.php?rest_route=\/wp\/v2\/users\/6"}],"replies":[{"embeddable":true,"href":"https:\/\/www.hessen-stottern.de\/index.php?rest_route=%2Fwp%2Fv2%2Fcomments&post=32730"}],"version-history":[{"count":0,"href":"https:\/\/www.hessen-stottern.de\/index.php?rest_route=\/wp\/v2\/pages\/32730\/revisions"}],"up":[{"embeddable":true,"href":"https:\/\/www.hessen-stottern.de\/index.php?rest_route=\/wp\/v2\/pages\/13638"}],"wp:attachment":[{"href":"https:\/\/www.hessen-stottern.de\/index.php?rest_route=%2Fwp%2Fv2%2Fmedia&parent=32730"}],"curies":[{"name":"wp","href":"https:\/\/api.w.org\/{rel}","templated":true}]}}