{"id":34830,"date":"2022-08-14T14:23:00","date_gmt":"2022-08-14T12:23:00","guid":{"rendered":"http:\/\/www.hessen-stottern.de\/?page_id=34830"},"modified":"2022-08-14T14:23:43","modified_gmt":"2022-08-14T12:23:43","slug":"plz-61-suche","status":"publish","type":"page","link":"https:\/\/www.hessen-stottern.de\/?page_id=34830","title":{"rendered":"61xxx"},"content":{"rendered":"<div class=\"twoclick_social_bookmarks_post_34830 social_share_privacy clearfix 1.6.4 locale-de_DE sprite-de_DE\"><\/div><div class=\"twoclick-js\"><script type=\"text\/javascript\">\/* <![CDATA[ *\/\njQuery(document).ready(function($){if($('.twoclick_social_bookmarks_post_34830')){$('.twoclick_social_bookmarks_post_34830').socialSharePrivacy({\"services\":{\"facebook\":{\"status\":\"on\",\"txt_info\":\"2 Klicks f\\u00fcr mehr Datenschutz: Erst wenn Sie hier klicken, wird der Button aktiv und Sie k\\u00f6nnen Ihre Empfehlung an Facebook senden. Schon beim Aktivieren werden Daten an Dritte \\u00fcbertragen - siehe <em>i<\\\/em>.\",\"perma_option\":\"off\",\"action\":\"like\",\"language\":\"de_DE\"},\"twitter\":{\"reply_to\":\"\",\"tweet_text\":\"61xxx%20%C2%BB%20Hessen-Stottern.de\",\"status\":\"on\",\"txt_info\":\"2 Klicks f\\u00fcr mehr Datenschutz: Erst wenn Sie hier klicken, wird der Button aktiv und Sie k\\u00f6nnen Ihre Empfehlung an Twitter senden. Schon beim Aktivieren werden Daten an Dritte \\u00fcbertragen - siehe <em>i<\\\/em>.\",\"perma_option\":\"off\",\"language\":\"de\",\"referrer_track\":\"\"}},\"txt_help\":\"Wenn Sie diese Felder durch einen Klick aktivieren, werden Informationen an Facebook, Twitter, Flattr, Xing, t3n, LinkedIn, Pinterest oder Google eventuell ins Ausland \\u00fcbertragen und unter Umst\\u00e4nden auch dort gespeichert. N\\u00e4heres erfahren Sie durch einen Klick auf das <em>i<\\\/em>.\",\"settings_perma\":\"Dauerhaft aktivieren und Daten\\u00fcber-tragung zustimmen:\",\"info_link\":\"http:\\\/\\\/www.heise.de\\\/ct\\\/artikel\\\/2-Klicks-fuer-mehr-Datenschutz-1333879.html\",\"uri\":\"https:\\\/\\\/www.hessen-stottern.de\\\/?page_id=34830\",\"post_id\":34830,\"post_title_referrer_track\":\"61xxx\",\"display_infobox\":\"on\"});}});\n\/* ]]> *\/<\/script><\/div><p><!--StartFragment--><\/p>\n<p><!--StartFragment--><\/p>\n<p><!--StartFragment--><\/p>\n<p><!--StartFragment--><\/p>\n<p><!--StartFragment--><\/p>\n<pre class=\"block-editor-rich-text__editable editor-rich-text__editable\" role=\"textbox\" contenteditable=\"true\" aria-multiline=\"true\" data-is-placeholder-visible=\"false\" aria-label=\"Schreibe vorformatierten Text\u2026\" aria-autocomplete=\"list\">Suche deine Postleitzahl:<!--StartFragment--><\/pre>\n\n\n<h2 class=\"wp-block-heading\">61<\/h2>\n\n\n\n<pre class=\"wp-block-preformatted\">61118 <a rel=\"noreferrer noopener\" aria-label=\"<> (\u00f6ffnet in neuem Tab)\" href=\"http:\/\/www.hessen-stottern.de\/?s=61118\" target=\"_blank\">&lt;&gt;<\/a> Bad Vilbel\n61130 <a rel=\"noreferrer noopener\" aria-label=\"<> (\u00f6ffnet in neuem Tab)\" href=\"http:\/\/www.hessen-stottern.de\/?s=61130\" target=\"_blank\">&lt;&gt;<\/a> Nidderau\n61137 <a rel=\"noreferrer noopener\" aria-label=\"<> (\u00f6ffnet in neuem Tab)\" href=\"http:\/\/www.hessen-stottern.de\/?s=61137\" target=\"_blank\">&lt;&gt;<\/a> Sch\u00f6neck\n61138 <a rel=\"noreferrer noopener\" aria-label=\"<> (\u00f6ffnet in neuem Tab)\" href=\"http:\/\/www.hessen-stottern.de\/?s=61138\" target=\"_blank\">&lt;&gt;<\/a> Niederdorfelden\n61169 <a rel=\"noreferrer noopener\" aria-label=\"<> (\u00f6ffnet in neuem Tab)\" href=\"http:\/\/www.hessen-stottern.de\/?s=61169\" target=\"_blank\">&lt;&gt;<\/a> Friedberg\n61184 <a rel=\"noreferrer noopener\" aria-label=\"<> (\u00f6ffnet in neuem Tab)\" href=\"http:\/\/www.hessen-stottern.de\/?s=61184\" target=\"_blank\">&lt;&gt;<\/a> Karben\n61191 <a rel=\"noreferrer noopener\" aria-label=\"<> (\u00f6ffnet in neuem Tab)\" href=\"http:\/\/www.hessen-stottern.de\/?s=61191\" target=\"_blank\">&lt;&gt;<\/a> Rosbach vor der H\u00f6he\n61194 <a rel=\"noreferrer noopener\" aria-label=\"<> (\u00f6ffnet in neuem Tab)\" href=\"http:\/\/www.hessen-stottern.de\/?s=61194\" target=\"_blank\">&lt;&gt;<\/a> Niddatal\n61197 <a rel=\"noreferrer noopener\" aria-label=\"<> (\u00f6ffnet in neuem Tab)\" href=\"http:\/\/www.hessen-stottern.de\/?s=61197\" target=\"_blank\">&lt;&gt;<\/a> Florstadt\n61200 <a rel=\"noreferrer noopener\" aria-label=\"<> (\u00f6ffnet in neuem Tab)\" href=\"http:\/\/www.hessen-stottern.de\/?s=61200\" target=\"_blank\">&lt;&gt;<\/a> W\u00f6lfersheim\n61203 <a rel=\"noreferrer noopener\" aria-label=\"<> (\u00f6ffnet in neuem Tab)\" href=\"http:\/\/www.hessen-stottern.de\/?s=61203\" target=\"_blank\">&lt;&gt;<\/a> Reichelsheim\n61206 <a rel=\"noreferrer noopener\" aria-label=\"<> (\u00f6ffnet in neuem Tab)\" href=\"http:\/\/www.hessen-stottern.de\/?s=61206\" target=\"_blank\">&lt;&gt;<\/a> W\u00f6llstadt\n61209 <a rel=\"noreferrer noopener\" aria-label=\"<> (\u00f6ffnet in neuem Tab)\" href=\"http:\/\/www.hessen-stottern.de\/?s=61209\" target=\"_blank\">&lt;&gt;<\/a> Echzell\n61231 <a rel=\"noreferrer noopener\" aria-label=\"<> (\u00f6ffnet in neuem Tab)\" href=\"http:\/\/www.hessen-stottern.de\/?s=61231\" target=\"_blank\">&lt;&gt;<\/a> Bad Nauheim\n61239 <a rel=\"noreferrer noopener\" aria-label=\"<> (\u00f6ffnet in neuem Tab)\" href=\"http:\/\/www.hessen-stottern.de\/?s=61239\" target=\"_blank\">&lt;&gt;<\/a> Ober-M\u00f6rlen\n61250 <a rel=\"noreferrer noopener\" aria-label=\"<> (\u00f6ffnet in neuem Tab)\" href=\"http:\/\/www.hessen-stottern.de\/?s=61250\" target=\"_blank\">&lt;&gt;<\/a> Usingen\n61267 <a rel=\"noreferrer noopener\" aria-label=\"<> (\u00f6ffnet in neuem Tab)\" href=\"http:\/\/www.hessen-stottern.de\/?s=61267\" target=\"_blank\">&lt;&gt;<\/a> Neu-Anspach\n61273 <a rel=\"noreferrer noopener\" aria-label=\"<> (\u00f6ffnet in neuem Tab)\" href=\"http:\/\/www.hessen-stottern.de\/?s=61273\" target=\"_blank\">&lt;&gt;<\/a> Wehrheim\n61276 <a rel=\"noreferrer noopener\" aria-label=\"<> (\u00f6ffnet in neuem Tab)\" href=\"http:\/\/www.hessen-stottern.de\/?s=61276\" target=\"_blank\">&lt;&gt;<\/a> Weilrod\n61279 <a rel=\"noreferrer noopener\" aria-label=\"<> (\u00f6ffnet in neuem Tab)\" href=\"http:\/\/www.hessen-stottern.de\/?s=61279\" target=\"_blank\">&lt;&gt;<\/a> Gr\u00e4venwiesbach\n61348 <a rel=\"noreferrer noopener\" aria-label=\"<> (\u00f6ffnet in neuem Tab)\" href=\"http:\/\/www.hessen-stottern.de\/?s=61348\" target=\"_blank\">&lt;&gt;<\/a> Bad Homburg vor der H\u00f6he - Gonzenheim\n61350 <a rel=\"noreferrer noopener\" aria-label=\"<> (\u00f6ffnet in neuem Tab)\" href=\"http:\/\/www.hessen-stottern.de\/?s=61350\" target=\"_blank\">&lt;&gt;<\/a> Bad Homburg vor der H\u00f6he\n61352 <a rel=\"noreferrer noopener\" aria-label=\"<> (\u00f6ffnet in neuem Tab)\" href=\"http:\/\/www.hessen-stottern.de\/?s=61352\" target=\"_blank\">&lt;&gt;<\/a> Bad Homburg vor der H\u00f6he\n61381 <a rel=\"noreferrer noopener\" aria-label=\"<> (\u00f6ffnet in neuem Tab)\" href=\"http:\/\/www.hessen-stottern.de\/?s=61381\" target=\"_blank\">&lt;&gt;<\/a> Friedrichsdorf\n61389 <a rel=\"noreferrer noopener\" aria-label=\"<> (\u00f6ffnet in neuem Tab)\" href=\"http:\/\/www.hessen-stottern.de\/?s=61389\" target=\"_blank\">&lt;&gt;<\/a> Schmitten\n61440 <a rel=\"noreferrer noopener\" aria-label=\"<> (\u00f6ffnet in neuem Tab)\" href=\"http:\/\/www.hessen-stottern.de\/?s=61440\" target=\"_blank\">&lt;&gt;<\/a> Oberursel\n61149 <a rel=\"noreferrer noopener\" aria-label=\"<> (\u00f6ffnet in neuem Tab)\" href=\"http:\/\/www.hessen-stottern.de\/?s=61449\" target=\"_blank\">&lt;&gt;<\/a> Steinbach\n61462 <a rel=\"noreferrer noopener\" aria-label=\"<> (\u00f6ffnet in neuem Tab)\" href=\"http:\/\/www.hessen-stottern.de\/?s=61462\" target=\"_blank\">&lt;&gt;<\/a> K\u00f6nigstein im Taunus\n61476 <a rel=\"noreferrer noopener\" aria-label=\"<> (\u00f6ffnet in neuem Tab)\" href=\"http:\/\/www.hessen-stottern.de\/?s=61476\" target=\"_blank\">&lt;&gt;<\/a> Kronberg im Taunus\n61479 <a rel=\"noreferrer noopener\" aria-label=\"<> (\u00f6ffnet in neuem Tab)\" href=\"http:\/\/www.hessen-stottern.de\/?s=61479\" target=\"_blank\">&lt;&gt;<\/a> Glash\u00fctten<\/pre>\n","protected":false},"excerpt":{"rendered":"<p>Suche deine Postleitzahl: 61 61118 &lt;&gt; Bad Vilbel 61130 &lt;&gt; Nidderau 61137 &lt;&gt; Sch\u00f6neck 61138 &lt;&gt; Niederdorfelden 61169 &lt;&gt; Friedberg 61184 &lt;&gt; Karben 61191 &lt;&gt; Rosbach vor der H\u00f6he 61194 &lt;&gt; Niddatal 61197 &lt;&gt; Florstadt 61200 &lt;&gt; W\u00f6lfersheim 61203 &lt;&gt; &hellip; <a href=\"https:\/\/www.hessen-stottern.de\/?page_id=34830\">Weiterlesen <span class=\"meta-nav\">&rarr;<\/span><\/a><\/p>\n","protected":false},"author":6,"featured_media":0,"parent":35807,"menu_order":0,"comment_status":"closed","ping_status":"closed","template":"","meta":{"_price":"","_stock":"","_tribe_ticket_header":"","_tribe_default_ticket_provider":"","_tribe_ticket_capacity":"0","_ticket_start_date":"","_ticket_end_date":"","_tribe_ticket_show_description":"","_tribe_ticket_show_not_going":false,"_tribe_ticket_use_global_stock":"","_tribe_ticket_global_stock_level":"","_global_stock_mode":"","_global_stock_cap":"","_tribe_rsvp_for_event":"","_tribe_ticket_going_count":"","_tribe_ticket_not_going_count":"","_tribe_tickets_list":"[]","_tribe_ticket_has_attendee_info_fields":false,"footnotes":"","_tec_slr_enabled":"","_tec_slr_layout":"","_links_to":"","_links_to_target":""},"class_list":["post-34830","page","type-page","status-publish","hentry"],"aioseo_notices":[],"ticketed":false,"_links":{"self":[{"href":"https:\/\/www.hessen-stottern.de\/index.php?rest_route=\/wp\/v2\/pages\/34830","targetHints":{"allow":["GET"]}}],"collection":[{"href":"https:\/\/www.hessen-stottern.de\/index.php?rest_route=\/wp\/v2\/pages"}],"about":[{"href":"https:\/\/www.hessen-stottern.de\/index.php?rest_route=\/wp\/v2\/types\/page"}],"author":[{"embeddable":true,"href":"https:\/\/www.hessen-stottern.de\/index.php?rest_route=\/wp\/v2\/users\/6"}],"replies":[{"embeddable":true,"href":"https:\/\/www.hessen-stottern.de\/index.php?rest_route=%2Fwp%2Fv2%2Fcomments&post=34830"}],"version-history":[{"count":0,"href":"https:\/\/www.hessen-stottern.de\/index.php?rest_route=\/wp\/v2\/pages\/34830\/revisions"}],"up":[{"embeddable":true,"href":"https:\/\/www.hessen-stottern.de\/index.php?rest_route=\/wp\/v2\/pages\/35807"}],"wp:attachment":[{"href":"https:\/\/www.hessen-stottern.de\/index.php?rest_route=%2Fwp%2Fv2%2Fmedia&parent=34830"}],"curies":[{"name":"wp","href":"https:\/\/api.w.org\/{rel}","templated":true}]}}