{"id":35794,"date":"2023-07-29T10:40:57","date_gmt":"2023-07-29T08:40:57","guid":{"rendered":"http:\/\/www.hessen-stottern.de\/?page_id=35794"},"modified":"2023-07-29T10:40:08","modified_gmt":"2023-07-29T08:40:08","slug":"unterstuetzen","status":"publish","type":"page","link":"https:\/\/www.hessen-stottern.de\/?page_id=35794","title":{"rendered":"Ma\u00dfnahmen"},"content":{"rendered":"<div class=\"twoclick_social_bookmarks_post_35794 social_share_privacy clearfix 1.6.4 locale-de_DE sprite-de_DE\"><\/div><div class=\"twoclick-js\"><script type=\"text\/javascript\">\/* <![CDATA[ *\/\njQuery(document).ready(function($){if($('.twoclick_social_bookmarks_post_35794')){$('.twoclick_social_bookmarks_post_35794').socialSharePrivacy({\"services\":{\"facebook\":{\"status\":\"on\",\"txt_info\":\"2 Klicks f\\u00fcr mehr Datenschutz: Erst wenn Sie hier klicken, wird der Button aktiv und Sie k\\u00f6nnen Ihre Empfehlung an Facebook senden. Schon beim Aktivieren werden Daten an Dritte \\u00fcbertragen - siehe <em>i<\\\/em>.\",\"perma_option\":\"off\",\"action\":\"like\",\"language\":\"de_DE\"},\"twitter\":{\"reply_to\":\"\",\"tweet_text\":\"Ma%C3%9Fnahmen%20%C2%BB%20Hessen-Stottern.de\",\"status\":\"on\",\"txt_info\":\"2 Klicks f\\u00fcr mehr Datenschutz: Erst wenn Sie hier klicken, wird der Button aktiv und Sie k\\u00f6nnen Ihre Empfehlung an Twitter senden. Schon beim Aktivieren werden Daten an Dritte \\u00fcbertragen - siehe <em>i<\\\/em>.\",\"perma_option\":\"off\",\"language\":\"de\",\"referrer_track\":\"\"}},\"txt_help\":\"Wenn Sie diese Felder durch einen Klick aktivieren, werden Informationen an Facebook, Twitter, Flattr, Xing, t3n, LinkedIn, Pinterest oder Google eventuell ins Ausland \\u00fcbertragen und unter Umst\\u00e4nden auch dort gespeichert. N\\u00e4heres erfahren Sie durch einen Klick auf das <em>i<\\\/em>.\",\"settings_perma\":\"Dauerhaft aktivieren und Daten\\u00fcber-tragung zustimmen:\",\"info_link\":\"http:\\\/\\\/www.heise.de\\\/ct\\\/artikel\\\/2-Klicks-fuer-mehr-Datenschutz-1333879.html\",\"uri\":\"https:\\\/\\\/www.hessen-stottern.de\\\/?page_id=35794\",\"post_id\":35794,\"post_title_referrer_track\":\"Ma%C3%9Fnahmen\",\"display_infobox\":\"on\"});}});\n\/* ]]> *\/<\/script><\/div>\n<p>So k\u00f6nnen Sie Stotternde Menschem, unseren Verein und Stotterer Selbsthilfegruppen  unterst\u00fctzen &#8230;<\/p>\n\n\n<ul style=\"list-style-type: square;\">\n<li><strong>Im Gespr\u00e4ch mit Betroffenen<\/strong><\/li>\n<\/ul>\n<p>\u2022 Zeigen Sie Verst\u00e4ndnis wenn ihr Gegen\u00fcber im Gespr\u00e4ch stottert.<br>\u2022 Warten Sie bis der Stotternde im Gespr\u00e4ch wirklich ausgesprochen hat.<br>\u2022 Korriegen Sie im Gespr\u00e4ch nicht die S\u00e4tze des Stotternden.<br>\u2022 Bewahren Sie weiterhin den nat\u00fcrlichen Blickkontakt.<br>\u2022 Zeigen Sie Zivilcourage wenn ein Stotternder gemobbt wird.<\/p>\n<ul style=\"list-style-type: square;\">\n<li><strong>Soziale und Gesellschaftliche Unterst\u00fctzung<\/strong><\/li>\n<\/ul>\n<p>\u2022 Informieren Sie sich \u00fcber das Thema Stottern \u2500 gut informiert gehts leichter!<br>\u2022 Erziehen Sie ihr Kind zu einem sozialen Menschen.<br>\u2022 Erkl\u00e4ren Sie ruhig schon im fr\u00fchsten Alter das es jeder Mensch unterschiedliche St\u00e4rken und Schw\u00e4chen hat.<br>\u2022 Lachen Sie nicht \u00fcber sondern mit stotternden Menschen.<br>\u2022 Helfen Sie mit das Vorurteile in der Gesellschaft abgebaut werden.<br>\u2022 Zeigen Sie Zivilcourage wenn ein Stotternder gemobbt wird.<\/p>\n<ul style=\"list-style-type: square;\">\n<li><strong>Zeitspenden<\/strong><\/li>\n<\/ul>\n<p>\u2022 Werde aktiv in der Stotterer Selbsthilfe<strong><br><\/strong>\u2022 Schreiben Sie uns eine Rezession wenn Sie zufrieden sind<br>\u2022 Teilen Sie die Social Media Kan\u00e4le von Joachim Haas mit ihren Freunden<br>\u2022 Machen Sie andere auf unsere Aktionen, Projekte und Visonen aufmerksam<br>\u2022 Geben Sie unsere Flyer, Brosch\u00fcren und Werbemittel weiter<br>\u2022 Empfehlen Sie unsere Stotterer Selbsthilfegruppen<br>\u2022 Schreiben Sie zum Welttag des Stotterns (22.Okt.) einen eigenen Artikel.<\/p>\n<ul style=\"list-style-type: square;\">\n<li><strong>Schulen<\/strong><\/li>\n<\/ul>\n<p>\u2022 Informieren Sie sich als Lehrer \u00fcber den Nachteilsausgleich f\u00fcr Stotternde <br>\u2022 Unterbinden Sie Mobbing couragiert in ihrer gesamten Schule<br>\u2022 Gew\u00e4hren Sie dem Stotternden die gleichen schulischen Chancen mit einem angemessenem Nachteilsausgleich.<br>\u2022 Veranstalten Sie als Lehrer eine Unterrichtstunde zum Thema: <em>\u00bbAnders sein\u00ab<\/em> und laden Sie Uns dazu sein.<\/p>\n<ul style=\"list-style-type: square;\">\n<li><strong>Unternehmen<\/strong><\/li>\n<\/ul>\n<p>\u2022 Bedenken Sie als Arbeitgeber das Stottern nichts mit mangelnder Intelligenz zu tun hat.<br>\u2022 R\u00e4umen Sie ihrem Bewerber eine verl\u00e4ngerte Antwort-Zeit in Ihrem Vorstellungsgespr\u00e4ch ein.<br>\u2022 H\u00f6chstwahrscheinlich wissen Sie nicht das Stotternde unabh\u00e4ngig von ihrem Sprechproblem ganz normal arbeiten k\u00f6nnen.<br>\u2022 Je souver\u00e4ner Sie mit dem Stottern ihres Bewerbers umgehen desto besser funktioniert die Kommunikation auf beiden Seiten.<br>\u2022 Schaffen Sie in ihrem Unternehmen ein Klima des Verst\u00e4ndnis<\/p>\n<ul style=\"list-style-type: square;\">\n<li><strong>Stottern erkennen \u2500 So unterst\u00fctzen Sie ihr Kind<\/strong><\/li>\n<\/ul>\n<p>\u2022 Besuchen Sie regelm\u00e4ssig alle Vorsorgeuntersuchungen (U1 bis J2)<br>\u2022 Ihr Kind verz\u00f6gert beim Sprechen seine Worte schon l\u00e4nger als 6 Monate<br>\u2022 Ihr Kind zeigt beim Sprechen Mitbewegungen mit Armen, Beinen u.\u00e4 ? <br>\u2022 Ihr Kind zeigt <a title=\"Vermeidungsstrategien\" href=\"https:\/\/www.hessen-stottern.de\/?page_id=39615\">Vermeidungsstrategien<\/a> oder hat Angst zu sprechen?<br>\u2022 Besuchen Sie gemeinsam einen Logop\u00e4den wenn ihr Kind stottert<\/p>\n<p>\u2022 Starten Sie als Logop\u00e4de\/Logop\u00e4din eine Kooperation mit uns.<\/p>\n<p>\u2022 Verlinken Sie als B\u00fcrgermeister unsere Webseite mit ihrer Internetpr\u00e4senz ihrer Stadt.<br>\u2022 Besuchen Sie unseren Infostand und lernen Sie uns pers\u00f6nlich kennen.<br>\u2022 Werden Sie aktiv in der Stotterer Selbsthilfegruppe<\/p>\n<p>.<\/p>\n<p>\u2022 Besuchen Sie alleine oder mit ihrem Kind eine Stotterer Selbsthilfegruppe<\/p>\n<p>\u2022 Starten Sie mit ihrem Verein gemeinsam mit Uns ein starkes B\u00fcndnis f\u00fcr mehr Toleranz und Vielfalt.<br>\u2022 In Kinderg\u00e4rten, Schulen und Universit\u00e4ten haben es Stotternde besonders schwer \u2500 hier helfen wahre Freude.<\/p>\n\n","protected":false},"excerpt":{"rendered":"<p>So k\u00f6nnen Sie Stotternde Menschem, unseren Verein und Stotterer Selbsthilfegruppen unterst\u00fctzen &#8230; Im Gespr\u00e4ch mit Betroffenen \u2022 Zeigen Sie Verst\u00e4ndnis wenn ihr Gegen\u00fcber im Gespr\u00e4ch stottert.\u2022 Warten Sie bis der Stotternde im Gespr\u00e4ch wirklich ausgesprochen hat.\u2022 Korriegen Sie im Gespr\u00e4ch &hellip; <a href=\"https:\/\/www.hessen-stottern.de\/?page_id=35794\">Weiterlesen <span class=\"meta-nav\">&rarr;<\/span><\/a><\/p>\n","protected":false},"author":6,"featured_media":0,"parent":7947,"menu_order":0,"comment_status":"closed","ping_status":"closed","template":"","meta":{"_price":"","_stock":"","_tribe_ticket_header":"","_tribe_default_ticket_provider":"","_tribe_ticket_capacity":"0","_ticket_start_date":"","_ticket_end_date":"","_tribe_ticket_show_description":"","_tribe_ticket_show_not_going":false,"_tribe_ticket_use_global_stock":"","_tribe_ticket_global_stock_level":"","_global_stock_mode":"","_global_stock_cap":"","_tribe_rsvp_for_event":"","_tribe_ticket_going_count":"","_tribe_ticket_not_going_count":"","_tribe_tickets_list":"[]","_tribe_ticket_has_attendee_info_fields":false,"footnotes":"","_tec_slr_enabled":"","_tec_slr_layout":"","_links_to":"","_links_to_target":""},"class_list":["post-35794","page","type-page","status-publish","hentry"],"aioseo_notices":[],"ticketed":false,"_links":{"self":[{"href":"https:\/\/www.hessen-stottern.de\/index.php?rest_route=\/wp\/v2\/pages\/35794","targetHints":{"allow":["GET"]}}],"collection":[{"href":"https:\/\/www.hessen-stottern.de\/index.php?rest_route=\/wp\/v2\/pages"}],"about":[{"href":"https:\/\/www.hessen-stottern.de\/index.php?rest_route=\/wp\/v2\/types\/page"}],"author":[{"embeddable":true,"href":"https:\/\/www.hessen-stottern.de\/index.php?rest_route=\/wp\/v2\/users\/6"}],"replies":[{"embeddable":true,"href":"https:\/\/www.hessen-stottern.de\/index.php?rest_route=%2Fwp%2Fv2%2Fcomments&post=35794"}],"version-history":[{"count":0,"href":"https:\/\/www.hessen-stottern.de\/index.php?rest_route=\/wp\/v2\/pages\/35794\/revisions"}],"up":[{"embeddable":true,"href":"https:\/\/www.hessen-stottern.de\/index.php?rest_route=\/wp\/v2\/pages\/7947"}],"wp:attachment":[{"href":"https:\/\/www.hessen-stottern.de\/index.php?rest_route=%2Fwp%2Fv2%2Fmedia&parent=35794"}],"curies":[{"name":"wp","href":"https:\/\/api.w.org\/{rel}","templated":true}]}}