{"id":36611,"date":"2023-07-27T20:05:50","date_gmt":"2023-07-27T18:05:50","guid":{"rendered":"https:\/\/www.hessen-stottern.de\/?page_id=36611"},"modified":"2023-07-27T20:05:51","modified_gmt":"2023-07-27T18:05:51","slug":"serioese-therapien","status":"publish","type":"page","link":"https:\/\/www.hessen-stottern.de\/?page_id=36611","title":{"rendered":"Seri\u00f6se Therapien"},"content":{"rendered":"<div class=\"twoclick_social_bookmarks_post_36611 social_share_privacy clearfix 1.6.4 locale-de_DE sprite-de_DE\"><\/div><div class=\"twoclick-js\"><script type=\"text\/javascript\">\/* <![CDATA[ *\/\njQuery(document).ready(function($){if($('.twoclick_social_bookmarks_post_36611')){$('.twoclick_social_bookmarks_post_36611').socialSharePrivacy({\"services\":{\"facebook\":{\"status\":\"on\",\"txt_info\":\"2 Klicks f\\u00fcr mehr Datenschutz: Erst wenn Sie hier klicken, wird der Button aktiv und Sie k\\u00f6nnen Ihre Empfehlung an Facebook senden. Schon beim Aktivieren werden Daten an Dritte \\u00fcbertragen - siehe <em>i<\\\/em>.\",\"perma_option\":\"off\",\"action\":\"like\",\"language\":\"de_DE\"},\"twitter\":{\"reply_to\":\"\",\"tweet_text\":\"Seri%C3%B6se%20Therapien%20%C2%BB%20Hessen-Stottern.de\",\"status\":\"on\",\"txt_info\":\"2 Klicks f\\u00fcr mehr Datenschutz: Erst wenn Sie hier klicken, wird der Button aktiv und Sie k\\u00f6nnen Ihre Empfehlung an Twitter senden. Schon beim Aktivieren werden Daten an Dritte \\u00fcbertragen - siehe <em>i<\\\/em>.\",\"perma_option\":\"off\",\"language\":\"de\",\"referrer_track\":\"\"}},\"txt_help\":\"Wenn Sie diese Felder durch einen Klick aktivieren, werden Informationen an Facebook, Twitter, Flattr, Xing, t3n, LinkedIn, Pinterest oder Google eventuell ins Ausland \\u00fcbertragen und unter Umst\\u00e4nden auch dort gespeichert. N\\u00e4heres erfahren Sie durch einen Klick auf das <em>i<\\\/em>.\",\"settings_perma\":\"Dauerhaft aktivieren und Daten\\u00fcber-tragung zustimmen:\",\"info_link\":\"http:\\\/\\\/www.heise.de\\\/ct\\\/artikel\\\/2-Klicks-fuer-mehr-Datenschutz-1333879.html\",\"uri\":\"https:\\\/\\\/www.hessen-stottern.de\\\/?page_id=36611\",\"post_id\":36611,\"post_title_referrer_track\":\"Seri%C3%B6se+Therapien\",\"display_infobox\":\"on\"});}});\n\/* ]]> *\/<\/script><\/div>\n<p>Die sprichw\u00f6rtliche Spreu vom Weizen \u2500 also das unterscheiden von seri\u00f6sen und unseri\u00f6sen Therapien ist nicht so einfach. Wir haben Ihnen hier einige Merkmalen erstellt an dennen sie das F\u00fcr und Wider leichter unterscheiden k\u00f6nnen.<br \/><br \/><strong>Seri\u00f6se Therapienanbieter:<\/strong><br \/>\u2022 werden von der Krankenkasse \u00fcbernommen.<br \/>\u2022 sind auf dem neusten Stand der wissenschaftlichen Erkentnisse.<br \/>\u2022 erm\u00f6glichen ein Erstgespr\u00e4ch innerhalb von 14 Tagen<br \/>\u2022 halten f\u00fcr Sie Brosch\u00fcren\/Flyer der Stotterer Selbsthilfe bereit.<br \/>\u2022 erl\u00e4utern transparent unterschiedliche Therapieans\u00e4tze.<br \/>\u2022 bezieht auf Wunsch das Umfeld des Klienten mit ein.<br \/>\u2022 stellen realistische Erwartungshaltungen.<br \/>\u2022 nehmen in R\u00fcckspr\u00e4che mit dem Betroffenen Kontakt zur Schule auf.<br \/>\u2022 nehmen selbst regelm\u00e4ssig an Fortbildungen teil.<br \/>\u2022 ver\u00e4ndern das Konzept wenn nach 6 Monaten ooder 20-30 Sitzungen<br \/>keine Ver\u00e4nderung bei ihrem Klienten zu erkennen ist.<br \/><br \/><strong>Unseri\u00f6se Therapienanbieter:<\/strong><br \/>\u2022 geben bei fehlendem Therapieerfolg ihrem Klienten die Schuld.<br \/>\u2022 versprechen eine schnelle und v\u00f6llst\u00e4ndige Heilung in k\u00fcrzester Zeit<br \/>\u2022 sind nicht auf das Thema Stottern spezialisiert.<br \/>\u2022 sind nicht Mitglied im Deutschen Bundesverband f\u00fcr Logop\u00e4den (<a href=\"https:\/\/www.dbl-ev.de\" target=\"_blank\" rel=\"noopener noreferrer\">DBL<\/a>)<br \/>\u2022 sind nicht IVS zertifizierte Therapeuten (<a href=\"https:\/\/www.ivs-online.de\" target=\"_blank\" rel=\"noopener noreferrer\">IVS<\/a>)<br \/>\u2022 empfehlen nicht den Besuch einer Stotterer Selbsthilfegruppe<br \/><br \/>Holen Sie sich vor ihrer bevorstehenden Therapie nicht nur Informationen beim Therapieanbieter ein, sondern auch bei unabh\u00e4ngigen Partnern wie z.B. bei Ihrem Stotterberater <a href=\"https:\/\/www.hessen-stottern.de\/?page_id=18870\" target=\"_blank\" rel=\"noopener noreferrer\">&lt;&gt;<\/a><\/p>\n","protected":false},"excerpt":{"rendered":"<p>Die sprichw\u00f6rtliche Spreu vom Weizen \u2500 also das unterscheiden von seri\u00f6sen und unseri\u00f6sen Therapien ist nicht so einfach. Wir haben Ihnen hier einige Merkmalen erstellt an dennen sie das F\u00fcr und Wider leichter unterscheiden k\u00f6nnen. Seri\u00f6se Therapienanbieter:\u2022 werden von der &hellip; <a href=\"https:\/\/www.hessen-stottern.de\/?page_id=36611\">Weiterlesen <span class=\"meta-nav\">&rarr;<\/span><\/a><\/p>\n","protected":false},"author":6,"featured_media":0,"parent":13591,"menu_order":0,"comment_status":"closed","ping_status":"closed","template":"","meta":{"_price":"","_stock":"","_tribe_ticket_header":"","_tribe_default_ticket_provider":"","_tribe_ticket_capacity":"0","_ticket_start_date":"","_ticket_end_date":"","_tribe_ticket_show_description":"","_tribe_ticket_show_not_going":false,"_tribe_ticket_use_global_stock":"","_tribe_ticket_global_stock_level":"","_global_stock_mode":"","_global_stock_cap":"","_tribe_rsvp_for_event":"","_tribe_ticket_going_count":"","_tribe_ticket_not_going_count":"","_tribe_tickets_list":"[]","_tribe_ticket_has_attendee_info_fields":false,"footnotes":"","_tec_slr_enabled":"","_tec_slr_layout":"","_links_to":"","_links_to_target":""},"class_list":["post-36611","page","type-page","status-publish","hentry"],"aioseo_notices":[],"ticketed":false,"_links":{"self":[{"href":"https:\/\/www.hessen-stottern.de\/index.php?rest_route=\/wp\/v2\/pages\/36611","targetHints":{"allow":["GET"]}}],"collection":[{"href":"https:\/\/www.hessen-stottern.de\/index.php?rest_route=\/wp\/v2\/pages"}],"about":[{"href":"https:\/\/www.hessen-stottern.de\/index.php?rest_route=\/wp\/v2\/types\/page"}],"author":[{"embeddable":true,"href":"https:\/\/www.hessen-stottern.de\/index.php?rest_route=\/wp\/v2\/users\/6"}],"replies":[{"embeddable":true,"href":"https:\/\/www.hessen-stottern.de\/index.php?rest_route=%2Fwp%2Fv2%2Fcomments&post=36611"}],"version-history":[{"count":0,"href":"https:\/\/www.hessen-stottern.de\/index.php?rest_route=\/wp\/v2\/pages\/36611\/revisions"}],"up":[{"embeddable":true,"href":"https:\/\/www.hessen-stottern.de\/index.php?rest_route=\/wp\/v2\/pages\/13591"}],"wp:attachment":[{"href":"https:\/\/www.hessen-stottern.de\/index.php?rest_route=%2Fwp%2Fv2%2Fmedia&parent=36611"}],"curies":[{"name":"wp","href":"https:\/\/api.w.org\/{rel}","templated":true}]}}