{"id":38997,"date":"2020-07-21T21:06:56","date_gmt":"2020-07-21T19:06:56","guid":{"rendered":"https:\/\/www.hessen-stottern.de\/?page_id=38997"},"modified":"2020-07-21T22:12:30","modified_gmt":"2020-07-21T20:12:30","slug":"ewiger-selbsthilfekalender","status":"publish","type":"page","link":"https:\/\/www.hessen-stottern.de\/?page_id=38997","title":{"rendered":"Ewiger Selbsthilfekalender"},"content":{"rendered":"<div class=\"twoclick_social_bookmarks_post_38997 social_share_privacy clearfix 1.6.4 locale-de_DE sprite-de_DE\"><\/div><div class=\"twoclick-js\"><script type=\"text\/javascript\">\/* <![CDATA[ *\/\njQuery(document).ready(function($){if($('.twoclick_social_bookmarks_post_38997')){$('.twoclick_social_bookmarks_post_38997').socialSharePrivacy({\"services\":{\"facebook\":{\"status\":\"on\",\"txt_info\":\"2 Klicks f\\u00fcr mehr Datenschutz: Erst wenn Sie hier klicken, wird der Button aktiv und Sie k\\u00f6nnen Ihre Empfehlung an Facebook senden. Schon beim Aktivieren werden Daten an Dritte \\u00fcbertragen - siehe <em>i<\\\/em>.\",\"perma_option\":\"off\",\"action\":\"like\",\"language\":\"de_DE\"},\"twitter\":{\"reply_to\":\"\",\"tweet_text\":\"Ewiger%20Selbsthilfekalender%20%C2%BB%20Hessen-Stottern.de\",\"status\":\"on\",\"txt_info\":\"2 Klicks f\\u00fcr mehr Datenschutz: Erst wenn Sie hier klicken, wird der Button aktiv und Sie k\\u00f6nnen Ihre Empfehlung an Twitter senden. Schon beim Aktivieren werden Daten an Dritte \\u00fcbertragen - siehe <em>i<\\\/em>.\",\"perma_option\":\"off\",\"language\":\"de\",\"referrer_track\":\"\"}},\"txt_help\":\"Wenn Sie diese Felder durch einen Klick aktivieren, werden Informationen an Facebook, Twitter, Flattr, Xing, t3n, LinkedIn, Pinterest oder Google eventuell ins Ausland \\u00fcbertragen und unter Umst\\u00e4nden auch dort gespeichert. N\\u00e4heres erfahren Sie durch einen Klick auf das <em>i<\\\/em>.\",\"settings_perma\":\"Dauerhaft aktivieren und Daten\\u00fcber-tragung zustimmen:\",\"info_link\":\"http:\\\/\\\/www.heise.de\\\/ct\\\/artikel\\\/2-Klicks-fuer-mehr-Datenschutz-1333879.html\",\"uri\":\"https:\\\/\\\/www.hessen-stottern.de\\\/?page_id=38997\",\"post_id\":38997,\"post_title_referrer_track\":\"Ewiger+Selbsthilfekalender\",\"display_infobox\":\"on\"});}});\n\/* ]]> *\/<\/script><\/div>\n<ul>\n<li>Der Ewige Selbsthilfekalender kann von Ansprechpartnern f\u00fcr alle Selbsthilfegruppen, unabh\u00e4ngig von der inhaltlichen Ausrichtung kostenlos heruntergeladen und f\u00fcr seine Gruppenarbeit genutzt werden. Der ewige Selbsthilfekalender enth\u00e4lt die Gruppentermine von 2020 bis 2100 und ber\u00fccksichtigt sowohl den Rhythmus (gerade + ungerade Kalenderwochen), Gemeinjahre als auch Schaltjahre. Die jeweils 14 Jahreskalender sind mehrfach nutzbar und im PDF Format mit Hilfe des Adobe Acrobat Reader auf allen g\u00e4ngigen Ger\u00e4ten lesbar.<\/li>\n<\/ul>\n<table style=\"border-collapse: collapse; width: 62.7587%; height: 184px;\">\n<tbody>\n<tr style=\"height: 23px;\">\n<td style=\"width: 33.3333%; height: 23px;\"><strong>Wochentag<\/strong><\/td>\n<td style=\"width: 14.3162%; height: 23px;\"><strong>Gerade<\/strong><\/td>\n<td style=\"width: 10.8179%; height: 23px;\"><strong>Ungerade<\/strong><\/td>\n<\/tr>\n<tr style=\"height: 23px;\">\n<td style=\"width: 33.3333%; height: 23px;\">Montag<\/td>\n<td style=\"width: 14.3162%; height: 23px;\"><a href=\"http:\/\/www.hessen-stottern.de\/downloads\/EK\/moge.pdf?=11c1e2ad73\" target=\"_blank\" rel=\"noopener noreferrer\">MOGE<\/a><\/td>\n<td style=\"width: 10.8179%; height: 23px;\"><a href=\"http:\/\/www.hessen-stottern.de\/downloads\/EK\/moug.pdf\" target=\"_blank\" rel=\"noopener noreferrer\">MOUG<\/a><\/td>\n<\/tr>\n<tr>\n<td style=\"width: 33.3333%;\">Dienstag<\/td>\n<td style=\"width: 14.3162%;\"><a href=\"http:\/\/www.hessen-stottern.de\/downloads\/EK\/dige.pdf\">DIGE<\/a><\/td>\n<td style=\"width: 10.8179%;\"><a href=\"http:\/\/www.hessen-stottern.de\/downloads\/EK\/diug.pdf\" target=\"_blank\" rel=\"noopener noreferrer\">DIUG<\/a><\/td>\n<\/tr>\n<tr style=\"height: 23px;\">\n<td style=\"width: 33.3333%; height: 23px;\">Mittwoch<\/td>\n<td style=\"width: 14.3162%; height: 23px;\"><a href=\"http:\/\/www.hessen-stottern.de\/downloads\/EK\/mige.pdf\" target=\"_blank\" rel=\"noopener noreferrer\">MIGE<\/a><\/td>\n<td style=\"width: 10.8179%; height: 23px;\"><a href=\"http:\/\/www.hessen-stottern.de\/downloads\/EK\/miug.pdf\" target=\"_blank\" rel=\"noopener noreferrer\">MIUG<\/a><\/td>\n<\/tr>\n<tr style=\"height: 23px;\">\n<td style=\"width: 33.3333%; height: 23px;\">Donnerstag<\/td>\n<td style=\"width: 14.3162%; height: 23px;\"><a href=\"http:\/\/www.hessen-stottern.de\/downloads\/EK\/doge.pdf\" target=\"_blank\" rel=\"noopener noreferrer\">DOGE<\/a><\/td>\n<td style=\"width: 10.8179%; height: 23px;\"><a href=\"http:\/\/www.hessen-stottern.de\/downloads\/EK\/doug.pdf\" target=\"_blank\" rel=\"noopener noreferrer\">DOUG<\/a><\/td>\n<\/tr>\n<tr style=\"height: 23px;\">\n<td style=\"width: 33.3333%; height: 23px;\">Freitag<\/td>\n<td style=\"width: 14.3162%; height: 23px;\"><a href=\"http:\/\/www.hessen-stottern.de\/downloads\/EK\/frge.pdf\" target=\"_blank\" rel=\"noopener noreferrer\">FRGE<\/a><\/td>\n<td style=\"width: 10.8179%; height: 23px;\"><a href=\"http:\/\/www.hessen-stottern.de\/downloads\/EK\/frug.pdf\" target=\"_blank\" rel=\"noopener noreferrer\">FRUG<\/a><\/td>\n<\/tr>\n<tr style=\"height: 23px;\">\n<td style=\"width: 33.3333%; height: 23px;\">Samstag<\/td>\n<td style=\"width: 14.3162%; height: 23px;\"><a href=\"http:\/\/www.hessen-stottern.de\/downloads\/EK\/sage.pdf\" target=\"_blank\" rel=\"noopener noreferrer\">SAGE<\/a><\/td>\n<td style=\"width: 10.8179%; height: 23px;\"><a href=\"http:\/\/www.hessen-stottern.de\/downloads\/EK\/saug.pdf\" target=\"_blank\" rel=\"noopener noreferrer\">SAUG<\/a><\/td>\n<\/tr>\n<tr style=\"height: 23px;\">\n<td style=\"width: 33.3333%; height: 23px;\">Sonntag<\/td>\n<td style=\"width: 14.3162%; height: 23px;\"><a href=\"http:\/\/www.hessen-stottern.de\/downloads\/EK\/soge.pdf\" target=\"_blank\" rel=\"noopener noreferrer\">SOGE<\/a><\/td>\n<td style=\"width: 10.8179%; height: 23px;\"><a href=\"http:\/\/www.hessen-stottern.de\/downloads\/EK\/soug.pdf\" target=\"_blank\" rel=\"noopener noreferrer\">SOUG<\/a><\/td>\n<\/tr>\n<tr>\n<td style=\"width: 33.3333%;\">Alle Kalender<\/td>\n<td style=\"width: 25.1341%; text-align: center;\" colspan=\"2\"><a href=\"http:\/\/www.hessen-stottern.de\/downloads\/EK\/alle.pdf\" target=\"_blank\" rel=\"noopener noreferrer\">ALLE<\/a><\/td>\n<\/tr>\n<\/tbody>\n<\/table>\n","protected":false},"excerpt":{"rendered":"<p>Der Ewige Selbsthilfekalender kann von Ansprechpartnern f\u00fcr alle Selbsthilfegruppen, unabh\u00e4ngig von der inhaltlichen Ausrichtung kostenlos heruntergeladen und f\u00fcr seine Gruppenarbeit genutzt werden. Der ewige Selbsthilfekalender enth\u00e4lt die Gruppentermine von 2020 bis 2100 und ber\u00fccksichtigt sowohl den Rhythmus (gerade + ungerade &hellip; <a href=\"https:\/\/www.hessen-stottern.de\/?page_id=38997\">Weiterlesen <span class=\"meta-nav\">&rarr;<\/span><\/a><\/p>\n","protected":false},"author":6,"featured_media":0,"parent":13638,"menu_order":0,"comment_status":"closed","ping_status":"closed","template":"","meta":{"_price":"","_stock":"","_tribe_ticket_header":"","_tribe_default_ticket_provider":"","_tribe_ticket_capacity":"0","_ticket_start_date":"","_ticket_end_date":"","_tribe_ticket_show_description":"","_tribe_ticket_show_not_going":false,"_tribe_ticket_use_global_stock":"","_tribe_ticket_global_stock_level":"","_global_stock_mode":"","_global_stock_cap":"","_tribe_rsvp_for_event":"","_tribe_ticket_going_count":"","_tribe_ticket_not_going_count":"","_tribe_tickets_list":"[]","_tribe_ticket_has_attendee_info_fields":false,"footnotes":"","_tec_slr_enabled":"","_tec_slr_layout":"","_links_to":"","_links_to_target":""},"class_list":["post-38997","page","type-page","status-publish","hentry"],"aioseo_notices":[],"ticketed":false,"_links":{"self":[{"href":"https:\/\/www.hessen-stottern.de\/index.php?rest_route=\/wp\/v2\/pages\/38997","targetHints":{"allow":["GET"]}}],"collection":[{"href":"https:\/\/www.hessen-stottern.de\/index.php?rest_route=\/wp\/v2\/pages"}],"about":[{"href":"https:\/\/www.hessen-stottern.de\/index.php?rest_route=\/wp\/v2\/types\/page"}],"author":[{"embeddable":true,"href":"https:\/\/www.hessen-stottern.de\/index.php?rest_route=\/wp\/v2\/users\/6"}],"replies":[{"embeddable":true,"href":"https:\/\/www.hessen-stottern.de\/index.php?rest_route=%2Fwp%2Fv2%2Fcomments&post=38997"}],"version-history":[{"count":0,"href":"https:\/\/www.hessen-stottern.de\/index.php?rest_route=\/wp\/v2\/pages\/38997\/revisions"}],"up":[{"embeddable":true,"href":"https:\/\/www.hessen-stottern.de\/index.php?rest_route=\/wp\/v2\/pages\/13638"}],"wp:attachment":[{"href":"https:\/\/www.hessen-stottern.de\/index.php?rest_route=%2Fwp%2Fv2%2Fmedia&parent=38997"}],"curies":[{"name":"wp","href":"https:\/\/api.w.org\/{rel}","templated":true}]}}