{"id":39586,"date":"2025-07-19T12:10:47","date_gmt":"2025-07-19T10:10:47","guid":{"rendered":"https:\/\/www.hessen-stottern.de\/?page_id=39586"},"modified":"2025-07-19T15:18:39","modified_gmt":"2025-07-19T13:18:39","slug":"konzept","status":"publish","type":"page","link":"https:\/\/www.hessen-stottern.de\/?page_id=39586","title":{"rendered":"Konzept"},"content":{"rendered":"<div class=\"twoclick_social_bookmarks_post_39586 social_share_privacy clearfix 1.6.4 locale-de_DE sprite-de_DE\"><\/div><div class=\"twoclick-js\"><script type=\"text\/javascript\">\/* <![CDATA[ *\/\njQuery(document).ready(function($){if($('.twoclick_social_bookmarks_post_39586')){$('.twoclick_social_bookmarks_post_39586').socialSharePrivacy({\"services\":{\"facebook\":{\"status\":\"on\",\"txt_info\":\"2 Klicks f\\u00fcr mehr Datenschutz: Erst wenn Sie hier klicken, wird der Button aktiv und Sie k\\u00f6nnen Ihre Empfehlung an Facebook senden. Schon beim Aktivieren werden Daten an Dritte \\u00fcbertragen - siehe <em>i<\\\/em>.\",\"perma_option\":\"off\",\"action\":\"like\",\"language\":\"de_DE\"},\"twitter\":{\"reply_to\":\"\",\"tweet_text\":\"Konzept%20%C2%BB%20Hessen-Stottern.de\",\"status\":\"on\",\"txt_info\":\"2 Klicks f\\u00fcr mehr Datenschutz: Erst wenn Sie hier klicken, wird der Button aktiv und Sie k\\u00f6nnen Ihre Empfehlung an Twitter senden. Schon beim Aktivieren werden Daten an Dritte \\u00fcbertragen - siehe <em>i<\\\/em>.\",\"perma_option\":\"off\",\"language\":\"de\",\"referrer_track\":\"\"}},\"txt_help\":\"Wenn Sie diese Felder durch einen Klick aktivieren, werden Informationen an Facebook, Twitter, Flattr, Xing, t3n, LinkedIn, Pinterest oder Google eventuell ins Ausland \\u00fcbertragen und unter Umst\\u00e4nden auch dort gespeichert. N\\u00e4heres erfahren Sie durch einen Klick auf das <em>i<\\\/em>.\",\"settings_perma\":\"Dauerhaft aktivieren und Daten\\u00fcber-tragung zustimmen:\",\"info_link\":\"http:\\\/\\\/www.heise.de\\\/ct\\\/artikel\\\/2-Klicks-fuer-mehr-Datenschutz-1333879.html\",\"uri\":\"https:\\\/\\\/www.hessen-stottern.de\\\/?page_id=39586\",\"post_id\":39586,\"post_title_referrer_track\":\"Konzept\",\"display_infobox\":\"on\"});}});\n\/* ]]> *\/<\/script><\/div>\n<p><strong>Das Konzept:<br \/>Stotterbar<\/strong> bietet die M\u00f6glichkeit von Stotternden f\u00fcr Stotternde auf gleicher Augenh\u00f6he zu kommunizeren im Rahmen der Stotterer Selbsthilfe mit dem Hilfe zur Selbsthilfe-Gedanke sich auszutauchen und voneinander zu profitieren.<br \/><br \/><strong>Mein Angebot:<\/strong><br \/>\u2022 Wir k\u00f6nnen \u00fcber alles was Stottern betrifft und dar\u00fcber hinaus alles was besprochen werden kann, sollte oder vielleicht sogar angesprochen werden muss auch besprechen. Offen ehrlich von Stotterer zu Stotterer !<br \/><br \/>\u2022 Selbsthilfegruppen<br \/>\u2022 Sprechangst<br \/>\u2022 Isolation und Selbstisolation<br \/>\u2022 Mobbing (psychische Gewalt)<br \/>\u2022 Suzifdgedanken und -Erfahrungen<br \/>\u2022 \u00dcbergewiicht\/Adipositas\u00a0<br \/>\u2022 Aufbau von Resilenz<br \/>\u2022 gesunde Ern\u00e4hrung<br \/>\u2022 Ehrenamtliches Engagement<br \/>\u2022 Aufbau, St\u00e4rkung, Neugr\u00fcndung von Stotterer Selbsthilfegruppen<br \/>\u2022 Auditorisch-Visuelle Syn\u00e4sthesie Wahrnehmung<br \/>\u2022 Erfahrungsaustausch<br \/><br \/><strong>Mein Ziele:<\/strong> <br \/>Stottern ver\u00e4ndern damit man mit\/trotz\/wegen dem eigenen Stottern ein gutes, gl\u00fcckliches und erf\u00fcllendes Leben f\u00fchren kann. Dazu sollen Plattformen dienen um um das eigene Stottern mit anderen Betroffenen offen und ohne Vorurteile sprechen und diskutieren zu k\u00f6nnen. So sollen in er Peergroup positive Einfl\u00fcsse innerhalb geteilt und multipliziert werden und diese mit eigenen erlebbaren Gl\u00fcckmomenten gef\u00fcllt werden.<br \/><br \/><strong>Zielgruppen: <br \/><\/strong>\u2022 Stotternde<br \/>\u2022 Angeh\u00f6rige stotternder Menschen und ihre Freunde<br \/>\u2022 Fachleute<br \/>\u2022 Netzwerk-Partner<br \/>\u2022 Interessierte<br \/><br \/><strong>Erreichbarkeit:<br \/><\/strong>Unter dem Bereich:\u00bb<a href=\"https:\/\/www.hessen-stottern.de\/?page_id=23881\">Erreichbarkeit<\/a>\u00ab findest Du die Zeiten an den ich telefonisch zu erreichen bin. Dabei ist die Nennung des Namens nicht zwigend erforderlich, da ich aus eigener Biografie wei\u00df wie schwerig das mit dem Stottern ist gerade im Bereich Sprechangst\/Outing, Selbstakzeptaanz unter starken Sprechblockaden, Vermeidungsverhalten sein kann..<br \/><br \/><strong>Plattformen: <\/strong>(Befindet sich noch in der Ausarbeitung)<br \/><br \/><br \/><\/p>\n<p><strong><br \/><br \/><\/strong><\/p>\n\n\n","protected":false},"excerpt":{"rendered":"<p>Das Konzept:Stotterbar bietet die M\u00f6glichkeit von Stotternden f\u00fcr Stotternde auf gleicher Augenh\u00f6he zu kommunizeren im Rahmen der Stotterer Selbsthilfe mit dem Hilfe zur Selbsthilfe-Gedanke sich auszutauchen und voneinander zu profitieren. Mein Angebot:\u2022 Wir k\u00f6nnen \u00fcber alles was Stottern betrifft und &hellip; <a href=\"https:\/\/www.hessen-stottern.de\/?page_id=39586\">Weiterlesen <span class=\"meta-nav\">&rarr;<\/span><\/a><\/p>\n","protected":false},"author":6,"featured_media":0,"parent":18870,"menu_order":1,"comment_status":"closed","ping_status":"closed","template":"","meta":{"_price":"","_stock":"","_tribe_ticket_header":"","_tribe_default_ticket_provider":"","_tribe_ticket_capacity":"0","_ticket_start_date":"","_ticket_end_date":"","_tribe_ticket_show_description":"","_tribe_ticket_show_not_going":false,"_tribe_ticket_use_global_stock":"","_tribe_ticket_global_stock_level":"","_global_stock_mode":"","_global_stock_cap":"","_tribe_rsvp_for_event":"","_tribe_ticket_going_count":"","_tribe_ticket_not_going_count":"","_tribe_tickets_list":"[]","_tribe_ticket_has_attendee_info_fields":false,"footnotes":"","_tec_slr_enabled":"","_tec_slr_layout":"","_links_to":"","_links_to_target":""},"class_list":["post-39586","page","type-page","status-publish","hentry"],"aioseo_notices":[],"ticketed":false,"_links":{"self":[{"href":"https:\/\/www.hessen-stottern.de\/index.php?rest_route=\/wp\/v2\/pages\/39586","targetHints":{"allow":["GET"]}}],"collection":[{"href":"https:\/\/www.hessen-stottern.de\/index.php?rest_route=\/wp\/v2\/pages"}],"about":[{"href":"https:\/\/www.hessen-stottern.de\/index.php?rest_route=\/wp\/v2\/types\/page"}],"author":[{"embeddable":true,"href":"https:\/\/www.hessen-stottern.de\/index.php?rest_route=\/wp\/v2\/users\/6"}],"replies":[{"embeddable":true,"href":"https:\/\/www.hessen-stottern.de\/index.php?rest_route=%2Fwp%2Fv2%2Fcomments&post=39586"}],"version-history":[{"count":35,"href":"https:\/\/www.hessen-stottern.de\/index.php?rest_route=\/wp\/v2\/pages\/39586\/revisions"}],"predecessor-version":[{"id":45237,"href":"https:\/\/www.hessen-stottern.de\/index.php?rest_route=\/wp\/v2\/pages\/39586\/revisions\/45237"}],"up":[{"embeddable":true,"href":"https:\/\/www.hessen-stottern.de\/index.php?rest_route=\/wp\/v2\/pages\/18870"}],"wp:attachment":[{"href":"https:\/\/www.hessen-stottern.de\/index.php?rest_route=%2Fwp%2Fv2%2Fmedia&parent=39586"}],"curies":[{"name":"wp","href":"https:\/\/api.w.org\/{rel}","templated":true}]}}