{"id":39615,"date":"2023-08-09T14:42:53","date_gmt":"2023-08-09T12:42:53","guid":{"rendered":"https:\/\/www.hessen-stottern.de\/?page_id=39615"},"modified":"2023-08-09T14:44:04","modified_gmt":"2023-08-09T12:44:04","slug":"vermeidungsverhalten","status":"publish","type":"page","link":"https:\/\/www.hessen-stottern.de\/?page_id=39615","title":{"rendered":"Vermeidungsstrategien"},"content":{"rendered":"<div class=\"twoclick_social_bookmarks_post_39615 social_share_privacy clearfix 1.6.4 locale-de_DE sprite-de_DE\"><\/div><div class=\"twoclick-js\"><script type=\"text\/javascript\">\/* <![CDATA[ *\/\njQuery(document).ready(function($){if($('.twoclick_social_bookmarks_post_39615')){$('.twoclick_social_bookmarks_post_39615').socialSharePrivacy({\"services\":{\"facebook\":{\"status\":\"on\",\"txt_info\":\"2 Klicks f\\u00fcr mehr Datenschutz: Erst wenn Sie hier klicken, wird der Button aktiv und Sie k\\u00f6nnen Ihre Empfehlung an Facebook senden. Schon beim Aktivieren werden Daten an Dritte \\u00fcbertragen - siehe <em>i<\\\/em>.\",\"perma_option\":\"off\",\"action\":\"like\",\"language\":\"de_DE\"},\"twitter\":{\"reply_to\":\"\",\"tweet_text\":\"Vermeidungsstrategien%20%C2%BB%20Hessen-Stottern.de\",\"status\":\"on\",\"txt_info\":\"2 Klicks f\\u00fcr mehr Datenschutz: Erst wenn Sie hier klicken, wird der Button aktiv und Sie k\\u00f6nnen Ihre Empfehlung an Twitter senden. Schon beim Aktivieren werden Daten an Dritte \\u00fcbertragen - siehe <em>i<\\\/em>.\",\"perma_option\":\"off\",\"language\":\"de\",\"referrer_track\":\"\"}},\"txt_help\":\"Wenn Sie diese Felder durch einen Klick aktivieren, werden Informationen an Facebook, Twitter, Flattr, Xing, t3n, LinkedIn, Pinterest oder Google eventuell ins Ausland \\u00fcbertragen und unter Umst\\u00e4nden auch dort gespeichert. N\\u00e4heres erfahren Sie durch einen Klick auf das <em>i<\\\/em>.\",\"settings_perma\":\"Dauerhaft aktivieren und Daten\\u00fcber-tragung zustimmen:\",\"info_link\":\"http:\\\/\\\/www.heise.de\\\/ct\\\/artikel\\\/2-Klicks-fuer-mehr-Datenschutz-1333879.html\",\"uri\":\"https:\\\/\\\/www.hessen-stottern.de\\\/?page_id=39615\",\"post_id\":39615,\"post_title_referrer_track\":\"Vermeidungsstrategien\",\"display_infobox\":\"on\"});}});\n\/* ]]> *\/<\/script><\/div>\n<p>Wenn man von Vermeidungsstrategien im Zusammenhang mit dem <a href=\"https:\/\/www.hessen-stottern.de\/?page_id=24402\">Stottern<\/a> spricht, sind Strategien gemeint die das eigentliche Stottern nicht verbessern oder gar verschwinden lassen obwohl es f\u00fcr die Betroffenen zun\u00e4chst den anscheint macht. Vielmehr wird das eigentliche Grundproblem der Sprechbehinderung weiter verschlimmert, da es zu einer Art Nuss in einer zus\u00e4tzlichen Verpackung zur eigentlichen Schale kommt, so das man noch schwieriger an die eigentliche Frucht (in dem Fall das Stottern) gelangt.<\/p>\n<p>Ich m\u00f6chte Ihnen aufzeigen welche Strategien es gibt um einerseits das Bewusstsein f\u00fcr Nichtbetroffene zu sch\u00e4rfen und gleichzeitig Stotternden die Gelegenheit der Selbstreflektion bieten.<\/p>\n<p>Es gibt drei M\u00f6glichkeiten f\u00fcr den Stotternden beim sprechen zu reagieren:<\/p>\n<h2>1.) Flucht<\/h2>\n<p><strong>Gespr\u00e4chsvermeidung:<\/strong> Nur mit bestimmten Personen oder Gruppen wird \u00fcberhaupt ein Gespr\u00e4ch begonnen. Die Angst zu versagen ist so \u00fcberm\u00e4chtig und beherrscht das gesamte Leben. H\u00e4ufig kommt es auch vor das bestimmte Orte (<strong>No-go Area<\/strong>) von Betroffnenen selbst festgelegt werden in den sie sich nicht mehr bewegen oder aufhalten k\u00f6nnen. Neben dem <strong>Schweigen<\/strong> ist auch eine komplette soziale Isolation \u00fcber eine Dauer von mehreren Monaten, Jahren oder sogar Jahrzehnten m\u00f6glich. Die <strong>klassische Flucht<\/strong> im Gespr\u00e4ch ist die wohl h\u00e4ufigste Strategie eines stotternden Menschen um sich die Peinlichkeit des eigenen bef\u00fcrchteten Sprechversagens vor Ort und direkt zu entziehen.<\/p>\n<h2>2.) Die wohl h\u00e4ufigste <strong><span class=\"ILfuVd\"><span class=\"hgKElc\">Vermeidungsstrategien<\/span><\/span><\/strong>:<\/h2>\n<p>\u2022 <strong>langziehen von<\/strong> <strong>Konsonanten<\/strong>: wie z.B. Aaaaapfel<\/p>\n<p>\u2022 <strong>Silbenwiederholungen<\/strong> wie Ta-Ta-Ta-Ta-Tasse<\/p>\n<p>\u2022 <strong>Wortwiederholungen<\/strong> wie Gibst du \u2500 Gibst du \u2500 Gibst du mir bitte ein Br\u00f6tchen<\/p>\n<p>\u2022 <strong>Wortaustausch mit gleicher Bedeutung:<\/strong> Karre, Wagen, Fahrzeug, Schlitten anstatt Auto<\/p>\n<p>\u2022 <strong>Kunstpausen<\/strong> absichtlich herbeigef\u00fchrte Pausen um die Zeit der Blockade zu \u00fcbergehen<\/p>\n<p><strong>\u2022 Flicklaute<\/strong>: \u00bb\u00e4hm, also, aber, gell, und dann\u00ab und \u00e4hnliche sollen eine Pause vor dem vermeintlich schwierigen Wort das als n\u00e4chstes nur schwer stotternd gesagt werden soll vorgeschoben werden um die Pause zu f\u00fcllen.<\/p>\n<p><strong>\u2022 Floskeln:<\/strong> \u00bbDann sage ich mal Tsch\u00fcss\u00ab anstatt \u00bbTsch\u00fcss\u00ab Das Anlauf nehmen bzw. vorschieben ganzer W\u00f6rter und Satzteile soll das schwierige Wort: \u00bbTsch\u00fcss\u00ab vereinfachen in dem der Sprechfluss bereits gestartet wurde und das schwierige Wort in der Hoffnung mit fl\u00fcssig ausgesprochen werden kann.<\/p>\n<p><strong>\u2022 Deuten:<\/strong> Mit dem Finger auf etwas deuten um es nicht aussprechen zu m\u00fcssen oder das zeigen der gew\u00fcnschten Anzahl der Br\u00f6tchen beim B\u00e4cker mit den Fingern.<\/p>\n<p><strong>\u2022 k\u00f6rperliche Mitbewegungen<\/strong> mit den Armen, Beinen, F\u00fc\u00dfen, H\u00e4nden, Kopf, Fingern in Form von schlagen, schnipsen, klatschen, treten, stampfen, zucken.<\/p>\n<p>\u2022 <strong>kaum wahrnehmbare Mitbewegungen<\/strong>: schlucken, mit den Augen zwinkern, Luft holen u.\u00e4.<\/p>\n<p>\u2022 <strong>Variation der Sprechlautst\u00e4rke:<\/strong> Fl\u00fcstern, sehr laut\/leise sprechen.<\/p>\n<p>\u2022 <strong>Theater spielen:<\/strong> Absichtlich vom Stuhl fallen, Toliette besuchen, Bauchschmerzen\/Kopfschmerzen\/Abwesenheit vort\u00e4uschen um im Deutschunterricht in der Schule nicht als n\u00e4chster vorlesen zu m\u00fcssen.<\/p>\n<p><strong>Umwege in Kauf nehmen:<\/strong> Anstatt beim Busfahrer eine Fahrkarte kaufen zu m\u00fcssen lieber einen 2 Kilometer langen Fu\u00dfweg bei <span class=\"aCOpRe\"><em>str\u00f6menden <\/em><\/span>Regen in kauf nehmen anstatt\u00a0 sprechen zu m\u00fcssen.<\/p>\n<p><strong>Einsatz von anderen Sprechern:<\/strong> Die Schwester \/ Der Bruder oder ein anderer naher <span class=\"aCOpRe\"><em>eingeweihte Person <\/em><\/span>vom Stottern geht mit zu Einkaufen und erledigt alle Sprecheins\u00e4tze f\u00fcr den Stotternden.<\/p>\n<h2>3.) Durchstottern (Sprechen ohne Tricks \/ Begleitsymtomatik)<\/h2>\n<p>Einer der schwierigsten aber am effektivsten ist das einfache durchstottern. Ohne Tricks, einfach loszusprechen und die auftretenden Symtome offen und ehrllich zu zeigen ist wohl ein gro\u00dfer Traum eines jeden Betroffenen. Das Stottern mit Vermeidungsstrategien ist anstrengend und mindestens genauso auff\u00e4llig wie das durchstottern, aber nat\u00fcrlich nicht so anstrengend wie sich stets \u00fcberlegen und planen zu m\u00fcssen wie man wieder als n\u00e4chstes das eigene Stottern verstecken\/verheimlichen kann. Wie man dahin gelangt ist ein weiter Weg und setzt viele kleine und gro\u00dfe Stolpersteine auf den Pfad. Lesen Sie dazu weiter auf dieser Homepage, ich werde versuchen Ihnen hierzu viele verschiedene m\u00f6gliche Wege aufzuzeigen.<\/p>\n<p>\u00a0<\/p>\n","protected":false},"excerpt":{"rendered":"<p>Wenn man von Vermeidungsstrategien im Zusammenhang mit dem Stottern spricht, sind Strategien gemeint die das eigentliche Stottern nicht verbessern oder gar verschwinden lassen obwohl es f\u00fcr die Betroffenen zun\u00e4chst den anscheint macht. Vielmehr wird das eigentliche Grundproblem der Sprechbehinderung weiter &hellip; <a href=\"https:\/\/www.hessen-stottern.de\/?page_id=39615\">Weiterlesen <span class=\"meta-nav\">&rarr;<\/span><\/a><\/p>\n","protected":false},"author":6,"featured_media":0,"parent":13574,"menu_order":0,"comment_status":"closed","ping_status":"closed","template":"","meta":{"_price":"","_stock":"","_tribe_ticket_header":"","_tribe_default_ticket_provider":"","_tribe_ticket_capacity":"0","_ticket_start_date":"","_ticket_end_date":"","_tribe_ticket_show_description":"","_tribe_ticket_show_not_going":false,"_tribe_ticket_use_global_stock":"","_tribe_ticket_global_stock_level":"","_global_stock_mode":"","_global_stock_cap":"","_tribe_rsvp_for_event":"","_tribe_ticket_going_count":"","_tribe_ticket_not_going_count":"","_tribe_tickets_list":"[]","_tribe_ticket_has_attendee_info_fields":false,"footnotes":"","_tec_slr_enabled":"","_tec_slr_layout":"","_links_to":"","_links_to_target":""},"class_list":["post-39615","page","type-page","status-publish","hentry"],"aioseo_notices":[],"ticketed":false,"_links":{"self":[{"href":"https:\/\/www.hessen-stottern.de\/index.php?rest_route=\/wp\/v2\/pages\/39615","targetHints":{"allow":["GET"]}}],"collection":[{"href":"https:\/\/www.hessen-stottern.de\/index.php?rest_route=\/wp\/v2\/pages"}],"about":[{"href":"https:\/\/www.hessen-stottern.de\/index.php?rest_route=\/wp\/v2\/types\/page"}],"author":[{"embeddable":true,"href":"https:\/\/www.hessen-stottern.de\/index.php?rest_route=\/wp\/v2\/users\/6"}],"replies":[{"embeddable":true,"href":"https:\/\/www.hessen-stottern.de\/index.php?rest_route=%2Fwp%2Fv2%2Fcomments&post=39615"}],"version-history":[{"count":0,"href":"https:\/\/www.hessen-stottern.de\/index.php?rest_route=\/wp\/v2\/pages\/39615\/revisions"}],"up":[{"embeddable":true,"href":"https:\/\/www.hessen-stottern.de\/index.php?rest_route=\/wp\/v2\/pages\/13574"}],"wp:attachment":[{"href":"https:\/\/www.hessen-stottern.de\/index.php?rest_route=%2Fwp%2Fv2%2Fmedia&parent=39615"}],"curies":[{"name":"wp","href":"https:\/\/api.w.org\/{rel}","templated":true}]}}