{"id":39945,"date":"2022-01-06T13:57:47","date_gmt":"2022-01-06T12:57:47","guid":{"rendered":"https:\/\/www.hessen-stottern.de\/?page_id=39945"},"modified":"2022-01-06T15:06:50","modified_gmt":"2022-01-06T14:06:50","slug":"gruppenregeln","status":"publish","type":"page","link":"https:\/\/www.hessen-stottern.de\/?page_id=39945","title":{"rendered":"Gruppenregeln"},"content":{"rendered":"<div class=\"twoclick_social_bookmarks_post_39945 social_share_privacy clearfix 1.6.4 locale-de_DE sprite-de_DE\"><\/div><div class=\"twoclick-js\"><script type=\"text\/javascript\">\/* <![CDATA[ *\/\njQuery(document).ready(function($){if($('.twoclick_social_bookmarks_post_39945')){$('.twoclick_social_bookmarks_post_39945').socialSharePrivacy({\"services\":{\"facebook\":{\"status\":\"on\",\"txt_info\":\"2 Klicks f\\u00fcr mehr Datenschutz: Erst wenn Sie hier klicken, wird der Button aktiv und Sie k\\u00f6nnen Ihre Empfehlung an Facebook senden. Schon beim Aktivieren werden Daten an Dritte \\u00fcbertragen - siehe <em>i<\\\/em>.\",\"perma_option\":\"off\",\"action\":\"like\",\"language\":\"de_DE\"},\"twitter\":{\"reply_to\":\"\",\"tweet_text\":\"Gruppenregeln%20%C2%BB%20Hessen-Stottern.de\",\"status\":\"on\",\"txt_info\":\"2 Klicks f\\u00fcr mehr Datenschutz: Erst wenn Sie hier klicken, wird der Button aktiv und Sie k\\u00f6nnen Ihre Empfehlung an Twitter senden. Schon beim Aktivieren werden Daten an Dritte \\u00fcbertragen - siehe <em>i<\\\/em>.\",\"perma_option\":\"off\",\"language\":\"de\",\"referrer_track\":\"\"}},\"txt_help\":\"Wenn Sie diese Felder durch einen Klick aktivieren, werden Informationen an Facebook, Twitter, Flattr, Xing, t3n, LinkedIn, Pinterest oder Google eventuell ins Ausland \\u00fcbertragen und unter Umst\\u00e4nden auch dort gespeichert. N\\u00e4heres erfahren Sie durch einen Klick auf das <em>i<\\\/em>.\",\"settings_perma\":\"Dauerhaft aktivieren und Daten\\u00fcber-tragung zustimmen:\",\"info_link\":\"http:\\\/\\\/www.heise.de\\\/ct\\\/artikel\\\/2-Klicks-fuer-mehr-Datenschutz-1333879.html\",\"uri\":\"https:\\\/\\\/www.hessen-stottern.de\\\/?page_id=39945\",\"post_id\":39945,\"post_title_referrer_track\":\"Gruppenregeln\",\"display_infobox\":\"on\"});}});\n\/* ]]> *\/<\/script><\/div>\n<p>Wir wollen in den Gruppenabenden der Stotterer Selbsthilfe ein konstruktives Miteinander:<\/p>\n<p>01.) Nicht-Stotternde und Stotternde sind gleicherma\u00dfen an einem Gruppenabend willkommen<\/p>\n<p>02.) Frauen und M\u00e4nner sowie Kinder ab 12 Jahren d\u00fcrfen mit dem schriftlichen Einverst\u00e4ndnis ihrer Erziehungsberechtigiten an dem Gruppenabend teilnehmen.<\/p>\n<p>03.) Die Zugeh\u00f6rigkeit der Gruppe spielt keine Rolle da sich alle einbringen k\u00f6nnen.<\/p>\n<p>04.) Alle gesagte bleibt im Raum das hei\u00dft das man vertrauliche Dinge nicht herumerz\u00e4hlt.<\/p>\n<p>05.) Der Moderator des Abends versucht ein gleichm\u00e4\u00dfige Gewichtung aller Redebeitr\u00e4ge, Beteiligungen herzustellen, das bedeutet das Vielredner auch schon einmal gebeten werden k\u00f6nnen einem anderen Teilnehmer zu erm\u00f6glichen.<\/p>\n<p>06.) Sch\u00f6n ist es immer wenn m\u00f6glichst alle Teilnehmer p\u00fcnktlich zum Gruppenabend erscheinen und begr\u00fc\u00dft werden k\u00f6nnen. So entstehen Zwischendrin keine unerw\u00fcnschten Unterbrechungen die jeden st\u00f6ren.<\/p>\n<p>07.) Drigende Angelegenheiten haben Vorrang das hei\u00dft aber nicht das man mit jeder Kleinigkeit sofort ein Vorrang einger\u00e4umt bekommt. Hierdrunter z\u00e4hlen Missverst\u00e4ndnisse innerhalb der Gruppe, Streitigkeiten die nur in der Gruppe gekl\u00e4rt werden k\u00f6nnen, sowie medizinische Notf\u00e4lle und beh\u00f6rdliche angeordnete Ma\u00dfnahmen.<\/p>\n<p>08.) Wir lassen uns gegenseitig aussprechen da einige weniger stark und andere sehr stark stottern und jeder die Gelgenheit haben soll seinen Standpunkt in Ruhe und ohne Sprechdruck, Sprechangst ausf\u00fchren zu d\u00fcrfen.<\/p>\n<p>09.) Meinungsverschiedenheiten sind sehr erw\u00fcnscht, beleben den Gruppenabend und f\u00fcllen ihn mit den unterschiedlichsen Aspekten, Einstellungen, Wahrnehmungen und Gef\u00fchlen. Doch wir wollen alle ein Grundma\u00df an Fairness, Toleranz und Achtung unserem Gegen\u00fcber bewahren. Wilde Hasstriaden und Beschimpfungen passen hier nicht rein.<\/p>\n<p>10.) Wir bleiben wann immer es geht bei der Ich-Formulierung wenn wir kommunizieren. Du-Formulierungen (Angriffsformulierung, z.b. Du hast schon wieder \/ noch nie) bringen uns oft nicht weiter und vergiften all zu schnell das gute Klima innerhalb der Gruppe.<\/p>\n<p>11.) Jeder Teilnehmer kann, muss aber nichts sagen, wenn es sein ausdr\u00fccklicher Wunsch ist. Beim ersten reinschnuppern in die Gruppe tut es gut einfach nur mal zuzuh\u00f6ren und das ganze auf sich wirken zu lassen. Auch Menschen mit sehr gro\u00dfer Sprechangst gibst es die M\u00f6glichkeit frei zu entscheiden ob sie aktiv beteiligen m\u00f6chten oder erst einmal die passive Rolle einnehmen wollen.<\/p>\n<p>12.) St\u00f6rungen von Handys, Smartphones und anderen technischen Ger\u00e4ten bitten wir zu unterlassen sofern sie nicht wirklich akut wichtig sind. Nat\u00fcrlich muss ein Feuerwehrmann\/Arzt ect. in Rufbereitschaft, oder ein Angeh\u00f6riger einer im sterben liegenden Person immer erreichbar sein. Das wollen wir alle und wird von allen Teilnehmern getragen.<\/p>\n<p>13.) Wir m\u00f6chten keine unautorisierten Bild, Ton oder Bild\/Ton Aufnahmen wenn diese nicht von allen Beteiligten Personen ausdr\u00fccklich in freier Entscheidung genehmigt wurde. In \u00dcbungssequenzen z.b. im Videotraining, Telefontraining. Sprech\u00fcbungen und Aufzeichnungen zur eignen Kontrolle sichern wir jedem eine sofortige L\u00f6schung zu wenn der Teilnehmer selbst \u00fcber seine eigenen Aufnahmen keiner Kopie bedarf.<\/p>\n<p>14.) Wir alle wissen aus Eigener Erfahrung wie schwer es ist zu seinem Stottern zu stehen, Deshalb m\u00f6chten wir keine Konkurenz innerhalb der Teilnehmer zwischen einzelnen Sprechmethoden, Sprechtechniken sowie Teilnehmer die keine Therapieerfahrung hatten oder auch keine Therapie derzeit anstreben.<\/p>\n<p>15.) Sich an dem Thema Outing heranzutasten ist schwer und bedarf einiger \u00dcberwindung, Dieses Outing-Erfahrung ist wichtig da es die H\u00fcrden der Sprechangst \u00fcberwinden kann, kann aber auch \u00fcberfordern wenn man nach dem letzten Infostand in der Innenstadt von seinem Chef oder Vorgesetzen am Arbeitsplatz auf sein Stottern angesprochen wird. Wir versuchen daher innerhalb unserer Gruppenabende Neulinge spielerisch in Rollenspielen sowie Inhaltlich m\u00f6glichst alle Vor- und Nachteile realistisch aufzuzeigen damit der Teilnehmer selbst frei und mit gutem Gewissen mitmachen oder die M\u00f6glichkeit ablehnen kann.<\/p>\n<p>16.) Die Teilnahme an einem Gruppenabend ist kostenlos sofern nicht vorangek\u00fcndigte kostenpflichtige Seminare\/Workshops, Tagungen oder andere Kosten anfallen, Wir versuchen immer diesen Kostenbeitrag pro Teilnehmer so gering wie m\u00f6glich zu halten und soviel wie m\u00f6glich ohne Kostenbeteiligung zu erm\u00f6glichen. F\u00fcr Menschen mit besonders geringer Haushaltskasse versuchen wir als Gruppe zu unterst\u00fctzen sofern dies m\u00f6glich ist.<\/p>\n","protected":false},"excerpt":{"rendered":"<p>Wir wollen in den Gruppenabenden der Stotterer Selbsthilfe ein konstruktives Miteinander: 01.) Nicht-Stotternde und Stotternde sind gleicherma\u00dfen an einem Gruppenabend willkommen 02.) Frauen und M\u00e4nner sowie Kinder ab 12 Jahren d\u00fcrfen mit dem schriftlichen Einverst\u00e4ndnis ihrer Erziehungsberechtigiten an dem Gruppenabend &hellip; <a href=\"https:\/\/www.hessen-stottern.de\/?page_id=39945\">Weiterlesen <span class=\"meta-nav\">&rarr;<\/span><\/a><\/p>\n","protected":false},"author":6,"featured_media":0,"parent":9,"menu_order":0,"comment_status":"closed","ping_status":"closed","template":"","meta":{"_price":"","_stock":"","_tribe_ticket_header":"","_tribe_default_ticket_provider":"","_tribe_ticket_capacity":"0","_ticket_start_date":"","_ticket_end_date":"","_tribe_ticket_show_description":"","_tribe_ticket_show_not_going":false,"_tribe_ticket_use_global_stock":"","_tribe_ticket_global_stock_level":"","_global_stock_mode":"","_global_stock_cap":"","_tribe_rsvp_for_event":"","_tribe_ticket_going_count":"","_tribe_ticket_not_going_count":"","_tribe_tickets_list":"[]","_tribe_ticket_has_attendee_info_fields":false,"footnotes":"","_tec_slr_enabled":"","_tec_slr_layout":"","_links_to":"","_links_to_target":""},"class_list":["post-39945","page","type-page","status-publish","hentry"],"aioseo_notices":[],"ticketed":false,"_links":{"self":[{"href":"https:\/\/www.hessen-stottern.de\/index.php?rest_route=\/wp\/v2\/pages\/39945","targetHints":{"allow":["GET"]}}],"collection":[{"href":"https:\/\/www.hessen-stottern.de\/index.php?rest_route=\/wp\/v2\/pages"}],"about":[{"href":"https:\/\/www.hessen-stottern.de\/index.php?rest_route=\/wp\/v2\/types\/page"}],"author":[{"embeddable":true,"href":"https:\/\/www.hessen-stottern.de\/index.php?rest_route=\/wp\/v2\/users\/6"}],"replies":[{"embeddable":true,"href":"https:\/\/www.hessen-stottern.de\/index.php?rest_route=%2Fwp%2Fv2%2Fcomments&post=39945"}],"version-history":[{"count":0,"href":"https:\/\/www.hessen-stottern.de\/index.php?rest_route=\/wp\/v2\/pages\/39945\/revisions"}],"up":[{"embeddable":true,"href":"https:\/\/www.hessen-stottern.de\/index.php?rest_route=\/wp\/v2\/pages\/9"}],"wp:attachment":[{"href":"https:\/\/www.hessen-stottern.de\/index.php?rest_route=%2Fwp%2Fv2%2Fmedia&parent=39945"}],"curies":[{"name":"wp","href":"https:\/\/api.w.org\/{rel}","templated":true}]}}