{"id":39957,"date":"2023-09-15T10:14:01","date_gmt":"2023-09-15T08:14:01","guid":{"rendered":"https:\/\/www.hessen-stottern.de\/?page_id=39957"},"modified":"2023-09-15T10:14:04","modified_gmt":"2023-09-15T08:14:04","slug":"ziele-2","status":"publish","type":"page","link":"https:\/\/www.hessen-stottern.de\/?page_id=39957","title":{"rendered":"Ziele"},"content":{"rendered":"<div class=\"twoclick_social_bookmarks_post_39957 social_share_privacy clearfix 1.6.4 locale-de_DE sprite-de_DE\"><\/div><div class=\"twoclick-js\"><script type=\"text\/javascript\">\/* <![CDATA[ *\/\njQuery(document).ready(function($){if($('.twoclick_social_bookmarks_post_39957')){$('.twoclick_social_bookmarks_post_39957').socialSharePrivacy({\"services\":{\"facebook\":{\"status\":\"on\",\"txt_info\":\"2 Klicks f\\u00fcr mehr Datenschutz: Erst wenn Sie hier klicken, wird der Button aktiv und Sie k\\u00f6nnen Ihre Empfehlung an Facebook senden. Schon beim Aktivieren werden Daten an Dritte \\u00fcbertragen - siehe <em>i<\\\/em>.\",\"perma_option\":\"off\",\"action\":\"like\",\"language\":\"de_DE\"},\"twitter\":{\"reply_to\":\"\",\"tweet_text\":\"Ziele%20%C2%BB%20Hessen-Stottern.de\",\"status\":\"on\",\"txt_info\":\"2 Klicks f\\u00fcr mehr Datenschutz: Erst wenn Sie hier klicken, wird der Button aktiv und Sie k\\u00f6nnen Ihre Empfehlung an Twitter senden. Schon beim Aktivieren werden Daten an Dritte \\u00fcbertragen - siehe <em>i<\\\/em>.\",\"perma_option\":\"off\",\"language\":\"de\",\"referrer_track\":\"\"}},\"txt_help\":\"Wenn Sie diese Felder durch einen Klick aktivieren, werden Informationen an Facebook, Twitter, Flattr, Xing, t3n, LinkedIn, Pinterest oder Google eventuell ins Ausland \\u00fcbertragen und unter Umst\\u00e4nden auch dort gespeichert. N\\u00e4heres erfahren Sie durch einen Klick auf das <em>i<\\\/em>.\",\"settings_perma\":\"Dauerhaft aktivieren und Daten\\u00fcber-tragung zustimmen:\",\"info_link\":\"http:\\\/\\\/www.heise.de\\\/ct\\\/artikel\\\/2-Klicks-fuer-mehr-Datenschutz-1333879.html\",\"uri\":\"https:\\\/\\\/www.hessen-stottern.de\\\/?page_id=39957\",\"post_id\":39957,\"post_title_referrer_track\":\"Ziele\",\"display_infobox\":\"on\"});}});\n\/* ]]> *\/<\/script><\/div>\n<p>Meine Ziele f\u00fcr den Landesverband Hessen der Stotterer Selbsthilfe e.V. (von Joachim Haas)<\/p>\n<p>Ich m\u00f6chte ein freundliches faires und konstruktives Miteinander. Hass, Hetze und Intrigen lehne ich generell ab. Denn diese schaffen nur ung\u00fcnstige Ausgangssituationen die keiner m\u00f6chte. Den Landesverband Hessen der Stotterer Selbsthilfe e.V. mi seinen Selbsthilfegruppen w\u00fcnsche ich mir in Zukunft an dem alle an einem Strang ziehen und das Stottern gesellschaftlich, informativ, aufkl\u00e4rerisch, inhaltlich und strukturell voran bringen.<\/p>\n<p>Gemeinsam k\u00f6nnen wir es schaffen das Stottern auf eine neue Ebene zu heben !<\/p>\n<h2>Hier meine Projekte und Ziele in Stichpunkten:<\/h2>\n<blockquote>\n<p>Information:<\/p>\n<\/blockquote>\n<p>\u2022 Beratung und Coaching von Stotternden und ihren Angeh\u00f6rigen sowie Interessierten und Organisationen<\/p>\n<p>\u2022 Schaffung einer hessischen Selbsthilfekontaktstelle Stottern<\/p>\n<p>\u2022 Tipps f\u00fcr Nichtstotternde<\/p>\n<blockquote>\n<p>Struktur:<\/p>\n<\/blockquote>\n<p>\u2022 Gr\u00fcndung der Stotterer Selbsthilfegruppen (<a title=\"Neugr\u00fcndungen\" href=\"https:\/\/www.hessen-stottern.de\/?page_id=39940\">Link<\/a>)<\/p>\n<p>\u2022 St\u00e4rkung der Stotterer Selbsthilfegruppen (<a title=\"Aktive Stotterer Selbsthilfegruppen\" href=\"https:\/\/www.hessen-stottern.de\/?page_id=39931\">Link<\/a>)<\/p>\n<p>\u2022 Gr\u00fcndung des Hauptankers<\/p>\n<p>\u2022 Gr\u00fcndung der Regionalanker Nordhessen \u2500 Mittelhessen \u2500 S\u00fcdhessen<\/p>\n<blockquote>\n<p>Netzwerke:<\/p>\n<\/blockquote>\n<p>\u2022 Kontakt pro Selbsthilfegruppe (KPS) incl Logop\u00e4denverzeichnis f\u00fcr Hessen<\/p>\n<p>\u2022 Gr\u00fcndung von Arbeitskreise (AK&#8217;s) + Arbeitsgemeinschaften (AG&#8217;s)<\/p>\n<p>\u2022 Bildung von Netzwerken<\/p>\n<p>\u2022 Therapiefinder &amp; Logop\u00e4diefinder<\/p>\n<p>\u2022 Social Media Projekte (Vernetzen, Informieren und Mitmachen) in Youtube, Facebook, Twitter und Instagram<\/p>\n<blockquote>\n<p>Mitmachen:<\/p>\n<\/blockquote>\n<p>\u2022 Outing-Projekte<\/p>\n<p>\u2022 Dokumente zur Unterst\u00fctzung von SHG-Ansprechpartnern<\/p>\n<p>\u2022 Mitmach-Spiele &amp; Projekte f\u00fcr Stotternde und Nichtstotternde<\/p>\n<p>\u2022 Sprechspiele und Projekte f\u00fcr Stotternde und Nichtstotternde<\/p>\n<blockquote>\n<p>Vereinsarbeit:<\/p>\n<\/blockquote>\n<p>\u2022 Mobbing im Verein beenden (<a title=\"Mobbing im Verein\" href=\"https:\/\/www.hessen-stottern.de\/?page_id=39962\">Link<\/a>)<\/p>\n<p>\u2022 Einf\u00fchrung der Stellenausschreibungen<\/p>\n<p>\u2022 St\u00e4rkung der SHG-Ansprechpartner<\/p>\n<p>\u2022 Vereinsmitglieder einbinden<\/p>\n<p>euer Joachim Haas (Vereinsmitglied im Landesverband Hessen der Stotterer Selbsthilfe e.V.)\u00a0 \u2500 Stand: 11.Januar 2022\u00a0<\/p>\n","protected":false},"excerpt":{"rendered":"<p>Meine Ziele f\u00fcr den Landesverband Hessen der Stotterer Selbsthilfe e.V. (von Joachim Haas) Ich m\u00f6chte ein freundliches faires und konstruktives Miteinander. Hass, Hetze und Intrigen lehne ich generell ab. Denn diese schaffen nur ung\u00fcnstige Ausgangssituationen die keiner m\u00f6chte. Den Landesverband &hellip; <a href=\"https:\/\/www.hessen-stottern.de\/?page_id=39957\">Weiterlesen <span class=\"meta-nav\">&rarr;<\/span><\/a><\/p>\n","protected":false},"author":6,"featured_media":0,"parent":7947,"menu_order":0,"comment_status":"closed","ping_status":"closed","template":"","meta":{"_price":"","_stock":"","_tribe_ticket_header":"","_tribe_default_ticket_provider":"","_tribe_ticket_capacity":"0","_ticket_start_date":"","_ticket_end_date":"","_tribe_ticket_show_description":"","_tribe_ticket_show_not_going":false,"_tribe_ticket_use_global_stock":"","_tribe_ticket_global_stock_level":"","_global_stock_mode":"","_global_stock_cap":"","_tribe_rsvp_for_event":"","_tribe_ticket_going_count":"","_tribe_ticket_not_going_count":"","_tribe_tickets_list":"[]","_tribe_ticket_has_attendee_info_fields":false,"footnotes":"","_tec_slr_enabled":"","_tec_slr_layout":"","_links_to":"","_links_to_target":""},"class_list":["post-39957","page","type-page","status-publish","hentry"],"aioseo_notices":[],"ticketed":false,"_links":{"self":[{"href":"https:\/\/www.hessen-stottern.de\/index.php?rest_route=\/wp\/v2\/pages\/39957","targetHints":{"allow":["GET"]}}],"collection":[{"href":"https:\/\/www.hessen-stottern.de\/index.php?rest_route=\/wp\/v2\/pages"}],"about":[{"href":"https:\/\/www.hessen-stottern.de\/index.php?rest_route=\/wp\/v2\/types\/page"}],"author":[{"embeddable":true,"href":"https:\/\/www.hessen-stottern.de\/index.php?rest_route=\/wp\/v2\/users\/6"}],"replies":[{"embeddable":true,"href":"https:\/\/www.hessen-stottern.de\/index.php?rest_route=%2Fwp%2Fv2%2Fcomments&post=39957"}],"version-history":[{"count":0,"href":"https:\/\/www.hessen-stottern.de\/index.php?rest_route=\/wp\/v2\/pages\/39957\/revisions"}],"up":[{"embeddable":true,"href":"https:\/\/www.hessen-stottern.de\/index.php?rest_route=\/wp\/v2\/pages\/7947"}],"wp:attachment":[{"href":"https:\/\/www.hessen-stottern.de\/index.php?rest_route=%2Fwp%2Fv2%2Fmedia&parent=39957"}],"curies":[{"name":"wp","href":"https:\/\/api.w.org\/{rel}","templated":true}]}}