{"id":39962,"date":"2024-11-04T14:11:04","date_gmt":"2024-11-04T13:11:04","guid":{"rendered":"https:\/\/www.hessen-stottern.de\/?page_id=39962"},"modified":"2024-11-04T16:28:09","modified_gmt":"2024-11-04T15:28:09","slug":"mobbing","status":"publish","type":"page","link":"https:\/\/www.hessen-stottern.de\/?page_id=39962","title":{"rendered":"Mobbing und Stottern"},"content":{"rendered":"<div class=\"twoclick_social_bookmarks_post_39962 social_share_privacy clearfix 1.6.4 locale-de_DE sprite-de_DE\"><\/div><div class=\"twoclick-js\"><script type=\"text\/javascript\">\/* <![CDATA[ *\/\njQuery(document).ready(function($){if($('.twoclick_social_bookmarks_post_39962')){$('.twoclick_social_bookmarks_post_39962').socialSharePrivacy({\"services\":{\"facebook\":{\"status\":\"on\",\"txt_info\":\"2 Klicks f\\u00fcr mehr Datenschutz: Erst wenn Sie hier klicken, wird der Button aktiv und Sie k\\u00f6nnen Ihre Empfehlung an Facebook senden. Schon beim Aktivieren werden Daten an Dritte \\u00fcbertragen - siehe <em>i<\\\/em>.\",\"perma_option\":\"off\",\"action\":\"like\",\"language\":\"de_DE\"},\"twitter\":{\"reply_to\":\"\",\"tweet_text\":\"Mobbing%20und%20Stottern%20%C2%BB%20Hessen-Stottern.de\",\"status\":\"on\",\"txt_info\":\"2 Klicks f\\u00fcr mehr Datenschutz: Erst wenn Sie hier klicken, wird der Button aktiv und Sie k\\u00f6nnen Ihre Empfehlung an Twitter senden. Schon beim Aktivieren werden Daten an Dritte \\u00fcbertragen - siehe <em>i<\\\/em>.\",\"perma_option\":\"off\",\"language\":\"de\",\"referrer_track\":\"\"}},\"txt_help\":\"Wenn Sie diese Felder durch einen Klick aktivieren, werden Informationen an Facebook, Twitter, Flattr, Xing, t3n, LinkedIn, Pinterest oder Google eventuell ins Ausland \\u00fcbertragen und unter Umst\\u00e4nden auch dort gespeichert. N\\u00e4heres erfahren Sie durch einen Klick auf das <em>i<\\\/em>.\",\"settings_perma\":\"Dauerhaft aktivieren und Daten\\u00fcber-tragung zustimmen:\",\"info_link\":\"http:\\\/\\\/www.heise.de\\\/ct\\\/artikel\\\/2-Klicks-fuer-mehr-Datenschutz-1333879.html\",\"uri\":\"https:\\\/\\\/www.hessen-stottern.de\\\/?page_id=39962\",\"post_id\":39962,\"post_title_referrer_track\":\"Mobbing+und+Stottern\",\"display_infobox\":\"on\"});}});\n\/* ]]> *\/<\/script><\/div>\n<p><strong>Was ist Mobbing?<\/strong><\/p>\n<p>Mobbing ist psychische Gewalt, die durch das wiederholte und regelm\u00e4\u00dfige, vorwiegend seelische Schikanieren, Qu\u00e4len und Verletzen eines einzelnen Menschen durch eine Gruppe von bis zu vier Personen oder durch eine einzelne Person in \u00fcberlegener Position definiert ist. Zu den typischen Mobbinghandlungen geh\u00f6ren u. a. Dem\u00fctigungen, Verbreitung falscher Tatsachenbehauptungen, Zuweisung sinnloser Aufgaben und anderweitiger Machtmissbrauch, Gewaltandrohung, soziale Ausschluss\/Ausgrenzung oder eine fortgesetzte, unangemessene Kritik an einer nat\u00fcrlichen Person oder ihrem Tun, die einer Tyrannei bzw. einem unmenschlich-r\u00fccksichtslosen Umgang gleichkommt.<br \/><br \/><strong>Stottern ohne zus\u00e4tzliches Mobbing<\/strong><br \/>Stottern ist ganz ohne Mobbing schon eine sehr k\u00f6rperlich anstrengende Beeintr\u00e4chtigung des Redeflusses, das sich durch das kraftvolle herauspressen der blockierden Buchstaben, Silben, und W\u00f6rter bemerkbar macht. Sowie die Scham die gew\u00fcnschte inhaltiche Botschaft dem Gespr\u00e4chspartner nicht fl\u00fcssig und ohne fehlerfrei im Gespr\u00e4ch \u00fcbermiteln zu k\u00f6nnen.Nicht selten wird beim unwillk\u00fcrlichen h\u00e4ngenbleiben (Stotterblockade) vom Stotterden durch ein falsche Erfolgserlebnis (zus\u00e4tzliche Sekund\u00e4rbelastung beim Stotterns), in dem der K\u00f6rper dazu eingesetzt wird um das bereits blockierte Wort sprichw\u00f6rtlich herauszuschlagen (zus\u00e4tzliche Kraftanstrengungen zum Nettostottern) in dem ryhymische Mitbewegungen von Armen, H\u00e4nden, F\u00fc\u00df und des Rumpfs) eingesetzt werden um so vermeindlich schneller aus der Sprechblockade sich befreien zu k\u00f6nnen.<\/p>\n<p>Zudem kommen die seelischen Belastung, die auch ohne Mobbing von Au\u00dfen in der Innenwelt des Stotternden oftmals einen phsisische Belastung darstellen. So ist dies z.b. die Angst beim Sprechen versagt zu haben, &#8222;Nicht-Normal zu sein wie andere Normalsprecher), eine Belastung f\u00fcr Andere das abgehackte Sprechen aufzub\u00fcrden sowie die Nicht richtig inhaltiich (Botschaft und Angst die Symptomatik und Probleme beim nat\u00fcrlichen Redefluss zus\u00e4tzlich den Stotternden einschr\u00e4nken k\u00f6nnen. (Siehe <a title=\"Was ist Stottern?\" href=\"https:\/\/www.hessen-stottern.de\/?page_id=24402\">Was ist Stottern<\/a>)<br \/><br \/><strong>Stottern und Mobbing<\/strong><br \/>Kommt Mobbing zum bereits vorhanden Stottern kommen ung\u00fcnstige Faktoren f\u00fcr den Stotterden hinzu. Dabei m\u00f6chte ich deutlichst unterschieden wissen ob es sich um eine berechtigte inhaltiche Kritik handelt, um eine vom Stotternden oft zu starke Wahrnehmung seines Stotterns (\u00dcberempfindlichkeit) die durch Unkenntniss, Unachtsamkeit, Unaufmerksamkeit, mangelnder Empathie oder zeitliche Faktoren) oder um eine tats\u00e4chliche dauerhafte schickan\u00f6se, willk\u00fcrliche, willentlich b\u00f6sartigen und beabsichtigten Angriff (psychische und physische Gewalt) wie es sich beim Mobbing vorliegt handelt.<\/p>\n<p>Kommt es zum Mobbing beim Stottern sind bereits antranierte F\u00e4higkeiten (z.b. durch eine fundierte Stottertherapie) die in der allt\u00e4glichen Leben bislang gut funktionierten und zu einem selbst-akzeptierten Sprechmuster f\u00fchrten (Zugriff auf das eigene Stottern) durch Mobbing zeitweise (periodisch), in bestimmten Situationen (Einzelpersonen, Gruppen) sowie Orten (z.b. Stammtisch, Clique, Sportverein) nicht mehr,nur eingeschr\u00e4nkt m\u00f6glich bis ununm\u00f6glich. <br \/><br \/>Im \u00bb<a href=\"https:\/\/www.youtube.com\/watch?v=GLzaAqgC25M\" target=\"_blank\" rel=\"noopener\">Experiment: Der Rassist in uns<\/a>\u00ab (ZDF,2014, Dauer 74 Minuten nach Jane Elliott) gibt es zwei Szenen, die sinnbildlich den psyshischen Ausnahmezustand der Mobbingopfer charakterisieren.<br \/><br \/>Szene 1: Eine Klientin ist nicht mehr in der Lage ihren eigenen Namen auf ein Blatt Papier zu schreiben.<\/p>\n<p>Szene 2: Ein Klient (Normalsprecher) ist aufgrund des psyischen Drucks durch den Leiter des Workshops (Schauspieler) nicht mehr in der Lage eine an der Leinwand befestigten Text (u.a. englischer Angiiszmus) fehlerfrei der anwensenden Gruppe vorzulesen. Siehe &lt;&gt;<\/p>\n<p><br \/><strong>Das Ziel von Mobbing<\/strong><br \/>Das Ziel von Mobbing ist bei Stotternden auch wie es auch bei allen anderen Mobbingattacken vorlirgen oft die Ausgrenzung, Stigmaitisierung, die Willk\u00fcr (Handlungsunterlassung. Handlungsbefehl) sowie das verantwortlich machen von eigenen Fehlern und Schw\u00e4chen (S\u00fcndenblock)<\/p>\n<p><strong>Wo kommt Mobbing vor&#8230;<\/strong><br \/>Mobbing kommt in allen Lebensbereichen vor, darunter z\u00e4hlen: in der Familie, Schule, am Arbeitsplatz, Wohneinrichtungen, Nachbarschaft, Kirche und Vereinen sowie im Internet (Cybermobbing)<br \/><br \/><strong>Gr\u00fcnde f\u00fcr Mobbing<\/strong><br \/>Die Gr\u00fcnde f\u00fcr Mobbing sind vielschichichtig und k\u00f6nnen nur beispielhaft beschrieben werden. Darunter z\u00e4hlen: Neid, Missgunst, Machtaus\u00fcbung, Freude am Qu\u00e4len\/Sadismus<\/p>\n","protected":false},"excerpt":{"rendered":"<p>Was ist Mobbing? Mobbing ist psychische Gewalt, die durch das wiederholte und regelm\u00e4\u00dfige, vorwiegend seelische Schikanieren, Qu\u00e4len und Verletzen eines einzelnen Menschen durch eine Gruppe von bis zu vier Personen oder durch eine einzelne Person in \u00fcberlegener Position definiert ist. &hellip; <a href=\"https:\/\/www.hessen-stottern.de\/?page_id=39962\">Weiterlesen <span class=\"meta-nav\">&rarr;<\/span><\/a><\/p>\n","protected":false},"author":6,"featured_media":0,"parent":40996,"menu_order":0,"comment_status":"closed","ping_status":"closed","template":"","meta":{"_price":"","_stock":"","_tribe_ticket_header":"","_tribe_default_ticket_provider":"","_tribe_ticket_capacity":"0","_ticket_start_date":"","_ticket_end_date":"","_tribe_ticket_show_description":"","_tribe_ticket_show_not_going":false,"_tribe_ticket_use_global_stock":"","_tribe_ticket_global_stock_level":"","_global_stock_mode":"","_global_stock_cap":"","_tribe_rsvp_for_event":"","_tribe_ticket_going_count":"","_tribe_ticket_not_going_count":"","_tribe_tickets_list":"[]","_tribe_ticket_has_attendee_info_fields":false,"footnotes":"","_tec_slr_enabled":"","_tec_slr_layout":"","_links_to":"","_links_to_target":""},"class_list":["post-39962","page","type-page","status-publish","hentry"],"aioseo_notices":[],"ticketed":false,"_links":{"self":[{"href":"https:\/\/www.hessen-stottern.de\/index.php?rest_route=\/wp\/v2\/pages\/39962","targetHints":{"allow":["GET"]}}],"collection":[{"href":"https:\/\/www.hessen-stottern.de\/index.php?rest_route=\/wp\/v2\/pages"}],"about":[{"href":"https:\/\/www.hessen-stottern.de\/index.php?rest_route=\/wp\/v2\/types\/page"}],"author":[{"embeddable":true,"href":"https:\/\/www.hessen-stottern.de\/index.php?rest_route=\/wp\/v2\/users\/6"}],"replies":[{"embeddable":true,"href":"https:\/\/www.hessen-stottern.de\/index.php?rest_route=%2Fwp%2Fv2%2Fcomments&post=39962"}],"version-history":[{"count":7,"href":"https:\/\/www.hessen-stottern.de\/index.php?rest_route=\/wp\/v2\/pages\/39962\/revisions"}],"predecessor-version":[{"id":43502,"href":"https:\/\/www.hessen-stottern.de\/index.php?rest_route=\/wp\/v2\/pages\/39962\/revisions\/43502"}],"up":[{"embeddable":true,"href":"https:\/\/www.hessen-stottern.de\/index.php?rest_route=\/wp\/v2\/pages\/40996"}],"wp:attachment":[{"href":"https:\/\/www.hessen-stottern.de\/index.php?rest_route=%2Fwp%2Fv2%2Fmedia&parent=39962"}],"curies":[{"name":"wp","href":"https:\/\/api.w.org\/{rel}","templated":true}]}}