{"id":40234,"date":"2023-05-14T14:05:37","date_gmt":"2023-05-14T12:05:37","guid":{"rendered":"https:\/\/www.hessen-stottern.de\/?page_id=40234"},"modified":"2023-05-14T14:07:48","modified_gmt":"2023-05-14T12:07:48","slug":"perspektivwechsel-stottern","status":"publish","type":"page","link":"https:\/\/www.hessen-stottern.de\/?page_id=40234","title":{"rendered":"Perspektivwechsel Stottern"},"content":{"rendered":"<div class=\"twoclick_social_bookmarks_post_40234 social_share_privacy clearfix 1.6.4 locale-de_DE sprite-de_DE\"><\/div><div class=\"twoclick-js\"><script type=\"text\/javascript\">\/* <![CDATA[ *\/\njQuery(document).ready(function($){if($('.twoclick_social_bookmarks_post_40234')){$('.twoclick_social_bookmarks_post_40234').socialSharePrivacy({\"services\":{\"facebook\":{\"status\":\"on\",\"txt_info\":\"2 Klicks f\\u00fcr mehr Datenschutz: Erst wenn Sie hier klicken, wird der Button aktiv und Sie k\\u00f6nnen Ihre Empfehlung an Facebook senden. Schon beim Aktivieren werden Daten an Dritte \\u00fcbertragen - siehe <em>i<\\\/em>.\",\"perma_option\":\"off\",\"action\":\"like\",\"language\":\"de_DE\"},\"twitter\":{\"reply_to\":\"\",\"tweet_text\":\"Perspektivwechsel%20Stottern%20%C2%BB%20Hessen-Stottern.de\",\"status\":\"on\",\"txt_info\":\"2 Klicks f\\u00fcr mehr Datenschutz: Erst wenn Sie hier klicken, wird der Button aktiv und Sie k\\u00f6nnen Ihre Empfehlung an Twitter senden. Schon beim Aktivieren werden Daten an Dritte \\u00fcbertragen - siehe <em>i<\\\/em>.\",\"perma_option\":\"off\",\"language\":\"de\",\"referrer_track\":\"\"}},\"txt_help\":\"Wenn Sie diese Felder durch einen Klick aktivieren, werden Informationen an Facebook, Twitter, Flattr, Xing, t3n, LinkedIn, Pinterest oder Google eventuell ins Ausland \\u00fcbertragen und unter Umst\\u00e4nden auch dort gespeichert. N\\u00e4heres erfahren Sie durch einen Klick auf das <em>i<\\\/em>.\",\"settings_perma\":\"Dauerhaft aktivieren und Daten\\u00fcber-tragung zustimmen:\",\"info_link\":\"http:\\\/\\\/www.heise.de\\\/ct\\\/artikel\\\/2-Klicks-fuer-mehr-Datenschutz-1333879.html\",\"uri\":\"https:\\\/\\\/www.hessen-stottern.de\\\/?page_id=40234\",\"post_id\":40234,\"post_title_referrer_track\":\"Perspektivwechsel+Stottern\",\"display_infobox\":\"on\"});}});\n\/* ]]> *\/<\/script><\/div>\n<p>Guten Tag sehr geehrte Nichtstotternden,<\/p>\n<p>&nbsp;<\/p>\n\n\n\n<div class=\"xdj266r x11i5rnm xat24cr x1mh8g0r x1vvkbs x126k92a\">\n<div dir=\"auto\">haben Sie sich schon einmal in die Lage eines Stotternden hinein versetzt wie sich ein Betroffener mit seinem Stottern f\u00fchlt wenn die W\u00f6rter beim Sprechen nicht wie selbstverst\u00e4ndlich heraus kommen?<\/div>\n<\/div>\n<div dir=\"auto\">\u00a0<\/div>\n<blockquote>\n<div dir=\"auto\">Beispiel Situation 1: \u2500 beim Fr\u00fchst\u00fcck<\/div>\n<\/blockquote>\n<div dir=\"auto\">Stellen Sie sich vor Sie \u00f6ffnen den Mund und m\u00f6chten ihrem Gegen\u00fcber z.b. beim gemeinsamen morgendlichen Fr\u00fchst\u00fccken bitten ob sie die Kaffeekanne gereicht bekommen k\u00f6nnen und es kommt aus ihrem Mund heraus: KKKKK\u2500\u2500KKKKK\u2500\u2500KKKK\u2500\u2500KKKK\u2500\u2500KKKkannst dddddd\u2500\u2500Du mir bbbbitte mal die Kkkkaaffeekanne geben?<\/div>\n<div dir=\"auto\">\u00a0<\/div>\n<div dir=\"auto\">\n<blockquote>\n<div dir=\"auto\">Beispiel Situation 2: \u2500 im Vorstellungsgespr\u00e4ch<\/div>\n<\/blockquote>\n<div dir=\"auto\">Nehmen wir an Sie w\u00fcrden selbst Stottern und m\u00fc\u00dften sich auf eine neuen Arbeitsplatz bewerben und Heute w\u00e4re der gro\u00dfe Tag an dem Sie sich den kritischen Blick ihres neuen potenziellen Arbeitgebers vorstellen m\u00fcssten. Als bei der allerersten Antwort ihrer Seitz dieser bemekt das Sie Stottern erwidert der Chef der Personalabteilung: \u00bbNein Danke \u2500 Wir k\u00f6nnen Sie in unserem Unternehmen mit ihrer Behinderung nicht gebrauchen.\u00ab<\/div>\n<\/div>\n<div dir=\"auto\">\u00a0<\/div>\n<div dir=\"auto\">\n<blockquote>\n<div dir=\"auto\">Beispiel Situation 3: \u2500 im Kindergarten<\/div>\n<\/blockquote>\n<div dir=\"auto\">Nehmen wir an Sie w\u00fcrden selbst Stottern und w\u00e4ren 3 Jahre alt und k\u00e4men gerade in den Kindergarten. Bei der Vorstellungsrunde mit zwanzig bis drei\u00dfig anderen Kindern fangen alle laut zu lachen als Du sagst: \u00bb Iiiiiich hhhhhh\u2500\u2500hei\u2500\u2500hei\u2500\u2500hei\u2500\u2500hei\u2500\u2500hei\u2500\u2500hei\u2500\u2500hei\u00dfe NNNNN\u2500\u2500Nico uuuuund bbbbin drei Ja\u2500\u2500Ja\u2500\u2500Jahre alt.<\/div>\n<\/div>\n<div dir=\"auto\">\u00a0<\/div>\n<div dir=\"auto\">&#8222;\u2500\u2500&#8220; sind Sprechblockaden ohne Ton (auch tonisches Stottern genannt)<\/div>\n<div dir=\"auto\">\u00a0<\/div>\n<div dir=\"auto\">\u2022 Wie w\u00fcrden Sie sich f\u00fchlen?<\/div>\n<div dir=\"auto\">\u2022 Wie w\u00fcrden Sie in dieser beklemmenden Sprechsituation am liebsten selbst von anderen Mitmenschen behandelt werden?<\/div>\n<div dir=\"auto\">\u00a0<\/div>\n<div dir=\"auto\">Aktionen in Social Media Kan\u00e4len:<\/div>\n<div dir=\"auto\">\u2500 <a title=\"Facebook\" href=\"https:\/\/www.facebook.com\/haas78\/posts\/pfbid02hDDseqkAiEPF2eSDP8r2FtCcbqh23WrUwY4Lcw3RmN5hDviRrDBy8yKDANEWRWofl\" target=\"_blank\" rel=\"noopener\">Facebook<\/a><\/div>\n<div dir=\"auto\">\u2500 <a title=\"Twitter\" href=\"https:\/\/twitter.com\/Haas_J\/status\/1657693543366885376\" target=\"_blank\" rel=\"noopener\">Twitter<\/a><\/div>\n<div dir=\"auto\">\u2500 <a title=\"Instagram\" href=\"https:\/\/www.instagram.com\/p\/CsORJaSti-c\/\" target=\"_blank\" rel=\"noopener\">Instagram<\/a><\/div>\n<div dir=\"auto\">\u00a0<\/div>\n","protected":false},"excerpt":{"rendered":"<p>Guten Tag sehr geehrte Nichtstotternden, &nbsp; haben Sie sich schon einmal in die Lage eines Stotternden hinein versetzt wie sich ein Betroffener mit seinem Stottern f\u00fchlt wenn die W\u00f6rter beim Sprechen nicht wie selbstverst\u00e4ndlich heraus kommen? \u00a0 Beispiel Situation 1: &hellip; <a href=\"https:\/\/www.hessen-stottern.de\/?page_id=40234\">Weiterlesen <span class=\"meta-nav\">&rarr;<\/span><\/a><\/p>\n","protected":false},"author":6,"featured_media":0,"parent":13574,"menu_order":0,"comment_status":"closed","ping_status":"closed","template":"","meta":{"_price":"","_stock":"","_tribe_ticket_header":"","_tribe_default_ticket_provider":"","_tribe_ticket_capacity":"0","_ticket_start_date":"","_ticket_end_date":"","_tribe_ticket_show_description":"","_tribe_ticket_show_not_going":false,"_tribe_ticket_use_global_stock":"","_tribe_ticket_global_stock_level":"","_global_stock_mode":"","_global_stock_cap":"","_tribe_rsvp_for_event":"","_tribe_ticket_going_count":"","_tribe_ticket_not_going_count":"","_tribe_tickets_list":"[]","_tribe_ticket_has_attendee_info_fields":false,"footnotes":"","_tec_slr_enabled":"","_tec_slr_layout":"","_links_to":"","_links_to_target":""},"class_list":["post-40234","page","type-page","status-publish","hentry"],"aioseo_notices":[],"ticketed":false,"_links":{"self":[{"href":"https:\/\/www.hessen-stottern.de\/index.php?rest_route=\/wp\/v2\/pages\/40234","targetHints":{"allow":["GET"]}}],"collection":[{"href":"https:\/\/www.hessen-stottern.de\/index.php?rest_route=\/wp\/v2\/pages"}],"about":[{"href":"https:\/\/www.hessen-stottern.de\/index.php?rest_route=\/wp\/v2\/types\/page"}],"author":[{"embeddable":true,"href":"https:\/\/www.hessen-stottern.de\/index.php?rest_route=\/wp\/v2\/users\/6"}],"replies":[{"embeddable":true,"href":"https:\/\/www.hessen-stottern.de\/index.php?rest_route=%2Fwp%2Fv2%2Fcomments&post=40234"}],"version-history":[{"count":0,"href":"https:\/\/www.hessen-stottern.de\/index.php?rest_route=\/wp\/v2\/pages\/40234\/revisions"}],"up":[{"embeddable":true,"href":"https:\/\/www.hessen-stottern.de\/index.php?rest_route=\/wp\/v2\/pages\/13574"}],"wp:attachment":[{"href":"https:\/\/www.hessen-stottern.de\/index.php?rest_route=%2Fwp%2Fv2%2Fmedia&parent=40234"}],"curies":[{"name":"wp","href":"https:\/\/api.w.org\/{rel}","templated":true}]}}