{"id":40254,"date":"2024-11-28T21:30:23","date_gmt":"2024-11-28T20:30:23","guid":{"rendered":"https:\/\/www.hessen-stottern.de\/?page_id=40254"},"modified":"2024-11-28T21:35:34","modified_gmt":"2024-11-28T20:35:34","slug":"serioese-stottertherapien-von-unserioesen-stotterherapeuten-erkennen","status":"publish","type":"page","link":"https:\/\/www.hessen-stottern.de\/?page_id=40254","title":{"rendered":"Wie finde ich eine seri\u00f6se Stottertherapie?"},"content":{"rendered":"<div class=\"twoclick_social_bookmarks_post_40254 social_share_privacy clearfix 1.6.4 locale-de_DE sprite-de_DE\"><\/div><div class=\"twoclick-js\"><script type=\"text\/javascript\">\/* <![CDATA[ *\/\njQuery(document).ready(function($){if($('.twoclick_social_bookmarks_post_40254')){$('.twoclick_social_bookmarks_post_40254').socialSharePrivacy({\"services\":{\"facebook\":{\"status\":\"on\",\"txt_info\":\"2 Klicks f\\u00fcr mehr Datenschutz: Erst wenn Sie hier klicken, wird der Button aktiv und Sie k\\u00f6nnen Ihre Empfehlung an Facebook senden. Schon beim Aktivieren werden Daten an Dritte \\u00fcbertragen - siehe <em>i<\\\/em>.\",\"perma_option\":\"off\",\"action\":\"like\",\"language\":\"de_DE\"},\"twitter\":{\"reply_to\":\"\",\"tweet_text\":\"Wie%20finde%20ich%20eine%20seri%C3%B6se%20Stottertherapie%3F%20%C2%BB%20Hessen-Stottern.de\",\"status\":\"on\",\"txt_info\":\"2 Klicks f\\u00fcr mehr Datenschutz: Erst wenn Sie hier klicken, wird der Button aktiv und Sie k\\u00f6nnen Ihre Empfehlung an Twitter senden. Schon beim Aktivieren werden Daten an Dritte \\u00fcbertragen - siehe <em>i<\\\/em>.\",\"perma_option\":\"off\",\"language\":\"de\",\"referrer_track\":\"\"}},\"txt_help\":\"Wenn Sie diese Felder durch einen Klick aktivieren, werden Informationen an Facebook, Twitter, Flattr, Xing, t3n, LinkedIn, Pinterest oder Google eventuell ins Ausland \\u00fcbertragen und unter Umst\\u00e4nden auch dort gespeichert. N\\u00e4heres erfahren Sie durch einen Klick auf das <em>i<\\\/em>.\",\"settings_perma\":\"Dauerhaft aktivieren und Daten\\u00fcber-tragung zustimmen:\",\"info_link\":\"http:\\\/\\\/www.heise.de\\\/ct\\\/artikel\\\/2-Klicks-fuer-mehr-Datenschutz-1333879.html\",\"uri\":\"https:\\\/\\\/www.hessen-stottern.de\\\/?page_id=40254\",\"post_id\":40254,\"post_title_referrer_track\":\"Wie+finde+ich+eine+seri%C3%B6se+Stottertherapie%3F\",\"display_infobox\":\"on\"});}});\n\/* ]]> *\/<\/script><\/div>\n\n\n<div class=\"wp-block-group\"><div class=\"wp-block-group__inner-container is-layout-constrained wp-block-group-is-layout-constrained\">\n<div class=\"wp-block-group\"><div class=\"wp-block-group__inner-container is-layout-constrained wp-block-group-is-layout-constrained\"><\/div><\/div>\n<\/div><\/div>\n\n\n\n<p>Seri\u00f6se Stottertherapien und ihre Therapeuten von unseri\u00f6sen und fragw\u00fcrdigen Stottermethoden zu unterscheiden ist nicht einfach und bedarf ein genaueres unter die Lupe nehmen. Es geht darum die sprichtw\u00f6rtliche Spreu vom Weizen zu trennen und fundierte gutarbeitende Logop\u00e4dinnen und Logop\u00e4den zu st\u00e4rken und in ihrer wertvollen Arbeit f\u00fcr Stotternde Menschen zu unterst\u00fctzen und gleichzeitig den unseri\u00f6sen Anbietern ihre Arbeit so zu erschweren das diese in Zukunft m\u00f6glichst keinen Menschen mehr sch\u00e4digen k\u00f6nnen.<\/p>\n<p><strong>Seri\u00f6se Therapien finden<\/strong> Sie durch eine geeignete Beratung und Recherche unter<\/p>\n<p>\u2022 Stotterberater c.\/o Landesverband Hessen der Stotterer Selbsthilfe e.V.) (interner <a title=\"Beratung\" href=\"http:\/\/www.hessen-stottern.de\">Link<\/a>)<\/p>\n<p>\u2022 Interdisziplin\u00e4re Vereinigung der Stottertherapeuten e.V. (ivs) (externer <a title=\"Interdisziplin\u00e4re Vereinigung der Stottertherapeuten e.V.\" href=\"https:\/\/www.ivs-online.de\" target=\"_blank\" rel=\"noopener\">Link<\/a>)<\/p>\n<p>\u2022 Bundesverband f\u00fcr Logop\u00e4die e.V. (externer <a title=\"Bundesverband f\u00fcr Logop\u00e4die e.V.\" href=\"https:\/\/www.dbl-ev.de\" target=\"_blank\" rel=\"noopener\">Link<\/a>)<\/p>\n<p>\u2022 Bundesvereinigung Stottern und Selbsthilfe e.V. (externer <a title=\"Bundesvereinigung Stottern und Selbsthilfe e.V.\" href=\"http:\/www.bvss.de\" target=\"_blank\" rel=\"noopener\">Link<\/a>)<\/p>\n<p>\u2022 Sprechraum-Beratung c.o\/ Stottern &amp; Selbsthilfe Landesverband Ost e.V. (externer <a title=\"Sprechraum Beratung\" href=\"https:\/\/sprechraum-beratung.de\/\" target=\"_blank\" rel=\"noopener\">Link<\/a>)<\/p>\n<p>1.) Seri\u00f6se Therapien<strong> beziehen das Umfeld des Stotternden<\/strong> mit in die geeignete Stottertherapeutische Ma\u00dfnahmen mit ein und erl\u00e4utern nicht nur die Inhalte der Therapie sondern beraten und beziehen diese auch miz in die geignenten stabsilsiertenden Handlungma\u00dfnahmen mit ein um so die bestm\u00f6gliche Voraussetzungen f\u00fcr eine langfristig erfolgreiche Therapie im Alltag\u00a0 w\u00e4hrend und vorallem auch nach der absolvierten Stottertherapie schaffen zu k\u00f6nnen.<\/p>\n<p>2.) In Absprache mit dem Stotternden <strong>beziehen<\/strong> seri\u00f6se Therapeuten den <strong>Kindergarten<\/strong>, die <strong>Schule<\/strong>, den <strong>Ausbildungsbetrieb<\/strong> und das <strong>Unternehmen<\/strong> <strong>mit ihre therapeutische Arbeit mit ein<\/strong> und nehmen Kontakt auf um so die bestm\u00f6gliche Voraussetzungen w\u00e4hrend und auch nach der Therapie zu schaffen.<\/p>\n<p>3.) Seri\u00f6se Therapien und ihre Therapeuten vermiteln schon vor einer umfangreichen Anamnese eine <strong>realitische Erwartungshaltung<\/strong> (Prognose). Von <strong>unseri\u00f6sen Heilungsversprechen nehmen<\/strong> seri\u00f6se Therapeuten stets Abstand.<\/p>\n<p>4.) <strong>Auf dem aktuellen Stand der Wissenschaft<\/strong> und der <strong>therapeutischen Erkentnisse<\/strong> legen seri\u00f6se Therapeuten gro\u00dfen wert. Anerkannte Standarts in der Analyse von Stottersymptomen, Sprechverhalten und Einbeziehung der Befragung der Eltern in der Entwicklung ihres Kindes sind die Regel. Auch Ma\u00dfnahmen wie Therapie im Alltag integriert angewendet werden k\u00f6nnen sind Teil einer guten Therapie<\/p>\n<p>5.) Stellt sich <strong>keine Ver\u00e4nderung des Stotterns<\/strong> wie bei der Abnahme der Stotterh\u00e4ufigkeit, Einstellungs\u00e4nderung zum eigenen Stottersymptompatik, Angst- Sprech- und Vermeidungsverhalten w\u00e4hrend der ersten <strong>20-30 Sitzungen<\/strong> \/ innerhalb von ca. <strong>6 Monaten<\/strong> ein ist ein seri\u00f6ser Therpeut in der Lage seine eigenen <strong>therapeutischen Ma\u00dfnahmen so an den Bed\u00fcrfnissen seines Klienten anzupassen<\/strong> das sich bei diesem eine positive Ver\u00e4nderung einstellen oder er <strong>verweist auf einen anderen Therapeuten<\/strong> mit speziellen Erfahrungen \u00fcber besondere Kentnisse verf\u00fcgt,<\/p>\n<p>6.) Seri\u00f6se Therapeuten bieten nach der Anmeldung <strong>nach sp\u00e4testens 14 Tagen ein Erstgespr\u00e4ch<\/strong> an.<\/p>\n<p>7.) Therapeutinnen und Therapeuten <strong>absolvieren regelm\u00e4ssig fachliche <\/strong><span class=\"ILfuVd\" lang=\"de\"><span class=\"hgKElc\"><b>Qualifikationsma\u00dfnahmen, <\/b>dazu nehmen sie<b> regelm\u00e4\u00dfig <\/b>an de<b>m Austausch zwischen ihren Kolleginnen und Kollegen teil <\/b>und Besuchen <b>Fortbildungen um ihre pers\u00f6nlichen Fachkompetenzen <\/b>zu erweitern \/ vertiefen.<b><br \/><\/b><\/span><\/span><\/p>\n<p><span class=\"ILfuVd\" lang=\"de\"><span class=\"hgKElc\">8.) Seri\u00f6se Therapeuten und Therapieeinrichtungen <b>arbeiten Hand in Hand mit der \u00f6rtlichen Stotterer Selbsthilfe zusammen <\/b>und <b>empfehlen <\/b><b>den Besuch einer Selbsthilfegruppe. <\/b>Hierzu halten Sie w\u00e4hrend der Therapiesitzung die <b>aktuellen Flyer, Prospekte und Angebote vor Ort f\u00fcr ihre Klienten griffbereit.<\/b> <\/span><\/span><\/p>\n<p>9.) <strong>Seri\u00f6se Therapien werden von Gesetzlichen Krankenkasse<\/strong> gr\u00f6\u00dftenteils <strong>\u00fcbernommen<\/strong>. Es k\u00f6nnen ledigliche Zuzahlungen in geringer H\u00f6he anfallen.<\/p>\n<p>10. Seri\u00f6se Therapeuten und ihre logop\u00e4dischen Einrichtungen<strong> sind in seri\u00f6sen Vereinigungen<\/strong> wie in der\u00a0 Interdisziplin\u00e4re Vereinigung der Stottertherapeuten e.V. (ivs) <a title=\"Interdisziplin\u00e4re Vereinigung der Stottertherapeuten e.V.\" href=\"https:\/\/www.ivs-online.de\/\" target=\"_blank\" rel=\"noopener\">&lt;&gt;<\/a> , dem Bundesverband f\u00fcr Logop\u00e4die e.V.\u00a0 <a title=\"https:\/\/www.dbl-ev.de\" href=\"https:\/\/www.dbl-ev.de\" target=\"_blank\" rel=\"noopener\">&lt;&gt;<\/a> und in der Bundesvereingung Stottern und Selbsthilfe e.V. <a title=\"Bundesvereingung Stottern und Selbsthilfe e.V.\" href=\"http:\/\/www.bvss.de\" target=\"_blank\" rel=\"noopener\">&lt;&gt;<\/a> und ihren derzeit 10 Landesverb\u00e4nden <strong>organisiert.<\/strong><\/p>\n","protected":false},"excerpt":{"rendered":"<p>Seri\u00f6se Stottertherapien und ihre Therapeuten von unseri\u00f6sen und fragw\u00fcrdigen Stottermethoden zu unterscheiden ist nicht einfach und bedarf ein genaueres unter die Lupe nehmen. Es geht darum die sprichtw\u00f6rtliche Spreu vom Weizen zu trennen und fundierte gutarbeitende Logop\u00e4dinnen und Logop\u00e4den zu &hellip; <a href=\"https:\/\/www.hessen-stottern.de\/?page_id=40254\">Weiterlesen <span class=\"meta-nav\">&rarr;<\/span><\/a><\/p>\n","protected":false},"author":6,"featured_media":0,"parent":13591,"menu_order":0,"comment_status":"closed","ping_status":"closed","template":"","meta":{"_price":"","_stock":"","_tribe_ticket_header":"","_tribe_default_ticket_provider":"","_tribe_ticket_capacity":"0","_ticket_start_date":"","_ticket_end_date":"","_tribe_ticket_show_description":"","_tribe_ticket_show_not_going":false,"_tribe_ticket_use_global_stock":"","_tribe_ticket_global_stock_level":"","_global_stock_mode":"","_global_stock_cap":"","_tribe_rsvp_for_event":"","_tribe_ticket_going_count":"","_tribe_ticket_not_going_count":"","_tribe_tickets_list":"[]","_tribe_ticket_has_attendee_info_fields":false,"footnotes":"","_tec_slr_enabled":"","_tec_slr_layout":"","_links_to":"","_links_to_target":""},"class_list":["post-40254","page","type-page","status-publish","hentry"],"aioseo_notices":[],"ticketed":false,"_links":{"self":[{"href":"https:\/\/www.hessen-stottern.de\/index.php?rest_route=\/wp\/v2\/pages\/40254","targetHints":{"allow":["GET"]}}],"collection":[{"href":"https:\/\/www.hessen-stottern.de\/index.php?rest_route=\/wp\/v2\/pages"}],"about":[{"href":"https:\/\/www.hessen-stottern.de\/index.php?rest_route=\/wp\/v2\/types\/page"}],"author":[{"embeddable":true,"href":"https:\/\/www.hessen-stottern.de\/index.php?rest_route=\/wp\/v2\/users\/6"}],"replies":[{"embeddable":true,"href":"https:\/\/www.hessen-stottern.de\/index.php?rest_route=%2Fwp%2Fv2%2Fcomments&post=40254"}],"version-history":[{"count":1,"href":"https:\/\/www.hessen-stottern.de\/index.php?rest_route=\/wp\/v2\/pages\/40254\/revisions"}],"predecessor-version":[{"id":44271,"href":"https:\/\/www.hessen-stottern.de\/index.php?rest_route=\/wp\/v2\/pages\/40254\/revisions\/44271"}],"up":[{"embeddable":true,"href":"https:\/\/www.hessen-stottern.de\/index.php?rest_route=\/wp\/v2\/pages\/13591"}],"wp:attachment":[{"href":"https:\/\/www.hessen-stottern.de\/index.php?rest_route=%2Fwp%2Fv2%2Fmedia&parent=40254"}],"curies":[{"name":"wp","href":"https:\/\/api.w.org\/{rel}","templated":true}]}}