{"id":40282,"date":"2024-11-28T20:00:00","date_gmt":"2024-11-28T19:00:00","guid":{"rendered":"https:\/\/www.hessen-stottern.de\/?page_id=40282"},"modified":"2024-11-28T20:01:42","modified_gmt":"2024-11-28T19:01:42","slug":"wie-erkenne-ich-unserioese-stottertherapien","status":"publish","type":"page","link":"https:\/\/www.hessen-stottern.de\/?page_id=40282","title":{"rendered":"Wie erkenne ich unseri\u00f6se Stottertherapien?"},"content":{"rendered":"<div class=\"twoclick_social_bookmarks_post_40282 social_share_privacy clearfix 1.6.4 locale-de_DE sprite-de_DE\"><\/div><div class=\"twoclick-js\"><script type=\"text\/javascript\">\/* <![CDATA[ *\/\njQuery(document).ready(function($){if($('.twoclick_social_bookmarks_post_40282')){$('.twoclick_social_bookmarks_post_40282').socialSharePrivacy({\"services\":{\"facebook\":{\"status\":\"on\",\"txt_info\":\"2 Klicks f\\u00fcr mehr Datenschutz: Erst wenn Sie hier klicken, wird der Button aktiv und Sie k\\u00f6nnen Ihre Empfehlung an Facebook senden. Schon beim Aktivieren werden Daten an Dritte \\u00fcbertragen - siehe <em>i<\\\/em>.\",\"perma_option\":\"off\",\"action\":\"like\",\"language\":\"de_DE\"},\"twitter\":{\"reply_to\":\"\",\"tweet_text\":\"Wie%20erkenne%20ich%20unseri%C3%B6se%20Stottertherapien%3F%20%C2%BB%20Hessen-Stottern.de\",\"status\":\"on\",\"txt_info\":\"2 Klicks f\\u00fcr mehr Datenschutz: Erst wenn Sie hier klicken, wird der Button aktiv und Sie k\\u00f6nnen Ihre Empfehlung an Twitter senden. Schon beim Aktivieren werden Daten an Dritte \\u00fcbertragen - siehe <em>i<\\\/em>.\",\"perma_option\":\"off\",\"language\":\"de\",\"referrer_track\":\"\"}},\"txt_help\":\"Wenn Sie diese Felder durch einen Klick aktivieren, werden Informationen an Facebook, Twitter, Flattr, Xing, t3n, LinkedIn, Pinterest oder Google eventuell ins Ausland \\u00fcbertragen und unter Umst\\u00e4nden auch dort gespeichert. N\\u00e4heres erfahren Sie durch einen Klick auf das <em>i<\\\/em>.\",\"settings_perma\":\"Dauerhaft aktivieren und Daten\\u00fcber-tragung zustimmen:\",\"info_link\":\"http:\\\/\\\/www.heise.de\\\/ct\\\/artikel\\\/2-Klicks-fuer-mehr-Datenschutz-1333879.html\",\"uri\":\"https:\\\/\\\/www.hessen-stottern.de\\\/?page_id=40282\",\"post_id\":40282,\"post_title_referrer_track\":\"Wie+erkenne+ich+unseri%C3%B6se+Stottertherapien%3F\",\"display_infobox\":\"on\"});}});\n\/* ]]> *\/<\/script><\/div>\n\n\n\n\n<p>Wie kann ich seri\u00f6se Therapien <a title=\"Wie finde ich eine seri\u00f6se Stottertherapie?\" href=\"https:\/\/www.hessen-stottern.de\/?page_id=40254\">&lt;&gt;<\/a> von unseri\u00f6sen Stottertherapien unterscheiden?<\/p>\n<p>10 Merkmale die auf eine unseri\u00f6se Stottertherapie hinweisen<\/p>\n<p>1.) Unseri\u00f6se Stottertherapien versprechen <strong>eine vollst\u00e4ndige Heilung in k\u00fcrzester Zeit<\/strong>, obwohl dies nicht den derzeitigen wissenschaftlichen Studien und Erkentnissen bei Erwachsenen Stotternden f\u00fchrender Experten nicht m\u00f6glich ist. Den Stottern ist nicht heilbar, aber bis ins Hohe Alter stark ver\u00e4nderbar.<\/p>\n<p>2.) Unseri\u00f6se Therapieanbieter nutzen die g\u00e4ngigen<strong> Social Media Kan\u00e4le, das Fernsehen und das Radio<\/strong> um ahnungslose Journalisten, Redakteure und Moderatoren zu t\u00e4uschen und so ihre abenteuerlichsten Geschichten \u00fcber ihre Wundertherapie verbreiten zu k\u00f6nnen. Dabei schrecken die Anbieter auch nicht davor zur\u00fcck gerade den <strong>Eltern stotternder Kinder und Jugendlicher<\/strong> g<strong>ro\u00dfe Angst zu machen<\/strong> und mit g\u00e4ngigen <span class=\"BxUVEf ILfuVd\" lang=\"de\"><span class=\"hgKElc\"><strong>Suggestivfragen<\/strong> wie &#8222;Sie wollen doch als Eltern bestimmt das beste f\u00fcr ihr stotterndes Kleinkind?&#8220; oder sogar &#8222;Wenn ihr Kind jetzt nicht stotterfrei sprechen lernt wird ihr Nachwuchs sp\u00e4ter einmal keinen Beruf erlernen&#8220;<\/span><\/span><\/p>\n<p>In den Fernsehbeitr\u00e4gen wie in Boulevard-Sendungen, Reportage-Magazinen und Trash-Sendungen\/Scripred-Reality-Formaten werden Stotternde stets in sehr <strong>kurzen Vorher-Nachher-Sequenzen<\/strong> gezeigt, wo vorher das Stottern sehr stark ausgepr\u00e4gt ist und die menschliche Aussprache nahezu unm\u00f6glich verst\u00e4ndlich ist und in wenigen Augenblicken sp\u00e4ter eine nahezu geheilte Person mit keinen oder sehr gerringen Stottersymptomen. <strong>Trauen Sie diesen Schwindlern nicht<\/strong>, es ist n\u00e4mlich nicht sicher ob es sich wirklich um <strong>tats\u00e4chlich stotternde Menschen<\/strong> handelt oder nur um <strong>gecoucht, einstudierte Nicht-stotternde Schauspieler<\/strong> die vor der Kamera ihre Show mit dem Stottern vorspielen. Die Bild\/Bild-Ton Aufnahmen werden auch in zwielichtigen Radiobeitr\u00e4gen und nat\u00fcrlich auf der <strong>Webseite der Scharlatan-Therapeuten<\/strong> zum Zweck einer <strong>effektiven Kundenakquise<\/strong> angeboten.<\/p>\n<p>3.) Unseri\u00f6se Anbieter <strong>scheuen die kostenlose und professionelle Fachberatung<\/strong> wie der Interdiziplin\u00e4ren Vereinigung (IVS <a href=\"https:\/\/www.ivs-online.de\/\" target=\"_blank\" rel=\"noopener\">&lt;&gt;<\/a>), dem Bundesverband der Logop\u00e4die e.V. (DBL <a href=\"https:\/\/www.dbl-ev.de\" target=\"_blank\" rel=\"noopener\">&lt;&gt;<\/a>) und der Bundesvereinigung Stottern und Selbsthilfe e.V. (BVSS <a href=\"http:\/\/www.bvss.de\" target=\"_blank\" rel=\"noopener\">&lt;&gt;<\/a>) wie dem Teufel das Weihwasser. Den seri\u00f6se, unanh\u00e4ngige Einrichtungen w\u00fcrde niemals unseri\u00f6se Stottertherapien empfehlen.<\/p>\n<p>4.) <strong>Unseri\u00f6se sind gef\u00e4hrlich f\u00fcr Stotternde Menschen<\/strong> die ohnehin aufgrund ihres hohen Leidensdrucks eine erh\u00f6hte Suizidrate haben. <strong>Sie nutzen es Schamlos aus<\/strong> und <strong>geben ihren Klienten die Schuld wenn die Therapie keinen Erfolg<\/strong> mehr zeigt. Dabei ist die anf\u00e4ngliche Ver\u00e4nderung des Stotterns aufgrund der hohen sprachver\u00e4nderten Ma\u00dfnahmen gegen\u00fcber dem vorherigen Stottern rie\u00dfig und es gelingt Stotternden <strong>zu Beginn einer unseri\u00f6sen Therapie<\/strong> auch leicht sich auf die gro\u00dfen und erschwerlichen Prozesse w\u00e4hrend der Therapie einuilassen. Doch <strong>nach der Therapie<\/strong> knickt dies ganz schnell ein wenn der Alltag des Klienten zur\u00fcckkehrt und die Routine von Schule, Arbeit, Haushalt, Familie und Alltag wieder das Leben vorrangig bestimmen. So lassen sich nicht mehr alle strengen Vorgaben des <strong>Pseudotherapeuten<\/strong> in das reale Leben integrieren und, <strong>Angst, Frustration und Angst vor dem wiederkehrenden starken Stottern bestimmen wieder ihr Leben<\/strong>. Die Therapie ist gescheitert. Und bei den unseri\u00f6sen Therapeuten sind <strong>wieder einmal nur ihr Klient selbst schuld dran.<\/strong><\/p>\n<p>5.) Die <strong>gesetzliche Krankenkasse<\/strong> (GKV) <strong>\u00fcbernimmt zu Recht nicht die Kosten<\/strong> f\u00fcr eine unseri\u00f6se Stottertherapie. Die <strong>sehr hohen Therapiekosten<\/strong> zuz\u00fcglich der <strong>Reisekosten, Unterbringung <\/strong>und <strong>Verpflegung tragen die Klienten<\/strong> bzw. deren Angeh\u00f6rigen <strong>ohne Zusch\u00fcsse selbst.<\/strong><\/p>\n<p>6.) Scharlatan-Therapeuten die <strong>nur das schnelle Geld machen<\/strong> wollen ist eine auf lange Zeit ausgerichtete <strong>Therapie-Nachsorge-Programm<\/strong> in der die bereits erlernten Inhalte der Therapie gefestigt, nachgeschult und mit aktivernden praxisnahen Methoden wieder aufgefrischt werden.<\/p>\n<p>7.) Auch <strong>meiden<\/strong> die unseri\u00f6sen Heiler ein ehrliche und offene Konfrontation mit den Stotterer Selbsthilfegruppen und gemeinn\u00fctzigen Vereinen rund ums Thema Stottern. Daher <strong>empfielt auch<\/strong> ein solcher Anbieter <strong>nie eine vorherige Teilnahme an einem Gruppenabend<\/strong>, wo sich langj\u00e4hrige Stotternde untereinander \u00fcber ihre <strong>Therapieerfahrungen<\/strong> unter realistischen\u00a0 Bedingungen und <strong>Langzeiterfahrungen austauschen<\/strong> k\u00f6nnen. Jeder Unseri\u00f6se weiss genau das ein <strong>Besuch eine Selbsthilfegruppe<\/strong> von Betroffenen zu einem <strong>Knockout<\/strong> seiner z<strong>wielichtigen Angebote<\/strong> f\u00fchren w\u00fcrde.<\/p>\n<p>8.) Unseri\u00f6se Therapieanbieter<strong> darf man nicht \u00f6ffentlich mit ihrem Namen nennen<\/strong> und die <strong>berechtigten Kritikpunkte<\/strong> ansprechen. Sofort droht eine Unterlassungserkl\u00e4rung ihres Rechtsanwaltes<\/p>\n<p>9.) Unseri\u00f6se Therapieanbieter <strong>machen keine Fortbildungen und\u00a0 Weiterbildungen<\/strong>, ihnen fehlt es nicht nur an <strong>menschlicher Empathie<\/strong> und <strong>Anstand<\/strong> sondern auch am <strong>wirklichen fachlichen K\u00f6nnen<\/strong> <strong>und Wissen auf allen Fachgebieten<\/strong>. Diese Klufft zwischen wirklichen langj\u00e4hrigen Experten und den <strong>Laienschauspielern im Fachbereich Stottern<\/strong> liegen Welten auseinander.<\/p>\n<p>10.) Der Unseri\u00f6se Stottertherapeut besitzt<strong> keine M\u00f6glichkeit sein umfassende Fachkompetenz anzupassen<\/strong> da er nur seine eigene eindimensionales Mantra (Nach Schema F) <strong>seiner perfekten und einzigartigen Therapie kennt<\/strong> und dies<strong> nach gottgleicher Unfehlbarkeit<\/strong> verfolgt und <strong>keine andere Experteneinsch\u00e4tzung zul\u00e4sst<\/strong>.<\/p>\n<p><strong><span style=\"color: #ff0000;\">Auch gibt es keine Medikamente die seri\u00f6s und wirksam gegen das Stottern dauerhaft helfen !<\/span><\/strong><\/p>\n","protected":false},"excerpt":{"rendered":"<p>Wie kann ich seri\u00f6se Therapien &lt;&gt; von unseri\u00f6sen Stottertherapien unterscheiden? 10 Merkmale die auf eine unseri\u00f6se Stottertherapie hinweisen 1.) Unseri\u00f6se Stottertherapien versprechen eine vollst\u00e4ndige Heilung in k\u00fcrzester Zeit, obwohl dies nicht den derzeitigen wissenschaftlichen Studien und Erkentnissen bei Erwachsenen Stotternden &hellip; <a href=\"https:\/\/www.hessen-stottern.de\/?page_id=40282\">Weiterlesen <span class=\"meta-nav\">&rarr;<\/span><\/a><\/p>\n","protected":false},"author":6,"featured_media":0,"parent":13591,"menu_order":0,"comment_status":"closed","ping_status":"closed","template":"","meta":{"_price":"","_stock":"","_tribe_ticket_header":"","_tribe_default_ticket_provider":"","_tribe_ticket_capacity":"0","_ticket_start_date":"","_ticket_end_date":"","_tribe_ticket_show_description":"","_tribe_ticket_show_not_going":false,"_tribe_ticket_use_global_stock":"","_tribe_ticket_global_stock_level":"","_global_stock_mode":"","_global_stock_cap":"","_tribe_rsvp_for_event":"","_tribe_ticket_going_count":"","_tribe_ticket_not_going_count":"","_tribe_tickets_list":"[]","_tribe_ticket_has_attendee_info_fields":false,"footnotes":"","_tec_slr_enabled":"","_tec_slr_layout":"","_links_to":"","_links_to_target":""},"class_list":["post-40282","page","type-page","status-publish","hentry"],"aioseo_notices":[],"ticketed":false,"_links":{"self":[{"href":"https:\/\/www.hessen-stottern.de\/index.php?rest_route=\/wp\/v2\/pages\/40282","targetHints":{"allow":["GET"]}}],"collection":[{"href":"https:\/\/www.hessen-stottern.de\/index.php?rest_route=\/wp\/v2\/pages"}],"about":[{"href":"https:\/\/www.hessen-stottern.de\/index.php?rest_route=\/wp\/v2\/types\/page"}],"author":[{"embeddable":true,"href":"https:\/\/www.hessen-stottern.de\/index.php?rest_route=\/wp\/v2\/users\/6"}],"replies":[{"embeddable":true,"href":"https:\/\/www.hessen-stottern.de\/index.php?rest_route=%2Fwp%2Fv2%2Fcomments&post=40282"}],"version-history":[{"count":20,"href":"https:\/\/www.hessen-stottern.de\/index.php?rest_route=\/wp\/v2\/pages\/40282\/revisions"}],"predecessor-version":[{"id":44270,"href":"https:\/\/www.hessen-stottern.de\/index.php?rest_route=\/wp\/v2\/pages\/40282\/revisions\/44270"}],"up":[{"embeddable":true,"href":"https:\/\/www.hessen-stottern.de\/index.php?rest_route=\/wp\/v2\/pages\/13591"}],"wp:attachment":[{"href":"https:\/\/www.hessen-stottern.de\/index.php?rest_route=%2Fwp%2Fv2%2Fmedia&parent=40282"}],"curies":[{"name":"wp","href":"https:\/\/api.w.org\/{rel}","templated":true}]}}