{"id":40730,"date":"2024-12-14T11:00:04","date_gmt":"2024-12-14T10:00:04","guid":{"rendered":"https:\/\/www.hessen-stottern.de\/?page_id=40730"},"modified":"2024-12-14T11:08:09","modified_gmt":"2024-12-14T10:08:09","slug":"welttag-des-stotterns","status":"publish","type":"page","link":"https:\/\/www.hessen-stottern.de\/?page_id=40730","title":{"rendered":"Welttag des Stotterns"},"content":{"rendered":"<div class=\"twoclick_social_bookmarks_post_40730 social_share_privacy clearfix 1.6.4 locale-de_DE sprite-de_DE\"><\/div><div class=\"twoclick-js\"><script type=\"text\/javascript\">\/* <![CDATA[ *\/\njQuery(document).ready(function($){if($('.twoclick_social_bookmarks_post_40730')){$('.twoclick_social_bookmarks_post_40730').socialSharePrivacy({\"services\":{\"facebook\":{\"status\":\"on\",\"txt_info\":\"2 Klicks f\\u00fcr mehr Datenschutz: Erst wenn Sie hier klicken, wird der Button aktiv und Sie k\\u00f6nnen Ihre Empfehlung an Facebook senden. Schon beim Aktivieren werden Daten an Dritte \\u00fcbertragen - siehe <em>i<\\\/em>.\",\"perma_option\":\"off\",\"action\":\"like\",\"language\":\"de_DE\"},\"twitter\":{\"reply_to\":\"\",\"tweet_text\":\"Welttag%20des%20Stotterns%20%C2%BB%20Hessen-Stottern.de\",\"status\":\"on\",\"txt_info\":\"2 Klicks f\\u00fcr mehr Datenschutz: Erst wenn Sie hier klicken, wird der Button aktiv und Sie k\\u00f6nnen Ihre Empfehlung an Twitter senden. Schon beim Aktivieren werden Daten an Dritte \\u00fcbertragen - siehe <em>i<\\\/em>.\",\"perma_option\":\"off\",\"language\":\"de\",\"referrer_track\":\"\"}},\"txt_help\":\"Wenn Sie diese Felder durch einen Klick aktivieren, werden Informationen an Facebook, Twitter, Flattr, Xing, t3n, LinkedIn, Pinterest oder Google eventuell ins Ausland \\u00fcbertragen und unter Umst\\u00e4nden auch dort gespeichert. N\\u00e4heres erfahren Sie durch einen Klick auf das <em>i<\\\/em>.\",\"settings_perma\":\"Dauerhaft aktivieren und Daten\\u00fcber-tragung zustimmen:\",\"info_link\":\"http:\\\/\\\/www.heise.de\\\/ct\\\/artikel\\\/2-Klicks-fuer-mehr-Datenschutz-1333879.html\",\"uri\":\"https:\\\/\\\/www.hessen-stottern.de\\\/?page_id=40730\",\"post_id\":40730,\"post_title_referrer_track\":\"Welttag+des+Stotterns\",\"display_infobox\":\"on\"});}});\n\/* ]]> *\/<\/script><\/div>\n<p>Seit dem 22.Oktober 1998 findet j\u00e4hrlich der Welttag des Stottern (International Stuttering Awareness Day kurz ISAD) statt. Ziel ist es ein Bewusstsein in der Gesellschaft f\u00fcr das Thema zu schaffen und eine sensibilt\u00e4t f\u00fcr die berechtigten Bed\u00fcrfnisse, Sorgen, \u00c4ngste und Not zu schaffen die Menschen mit Stottern allt\u00e4glich erleben.<\/p>\n<p>Um dein Stottern zu ver\u00e4ndern kannst du diesen Tag der Aufkl\u00e4rung nutzen um auf das Problem Stottern aufzukl\u00e4ren, in dem Du von deinem pers\u00f6nlichen Werdegang in deiner Tageszeitung, Online-Magagin, Social-Media-Kan\u00e4len, Radio und Fernsehen berichtet.<\/p>\n<p>Zum einen gibt es dir ganz pers\u00f6nlich ein Statement zu setzen und Dir mit deinem Stottern-Problem geh\u00f6r zu verschaffen und anderseits reduzierst du durch die pers\u00f6nliche Medien-Arbeit deine Stotterangst (Sprechangst). Denn wenn da drau\u00dfen alle dein Problem Stottern sowieso schon Wissen gibt es keinen Grund mehr sich f\u00fcr sein Stottern beim Metzger um die Ecke daf\u00fcr zu verstecken, oder irgendwelche Scham f\u00fcr seine Sprechbehinderung zu empfinden. Zudem h\u00e4rtest Du Dich ab (z.b. vor m\u00f6glichen Beleidigungen, Angriffen und Mobbing) und Du kannst souver\u00e4ner, also Selbstbewusster mit deinem eigenen Stottern den Alltag starten.<br \/><br \/>Tipp: Wenn Du noch nie Kontakte zu Medienvertretern hattest sind wir gerne bereit diesen Kontakt f\u00fcr Dich gemeinsam herzustellen. Ideal f\u00fcr die Planung ist daf\u00fcr der zeitliche Rahmen zwischen dem 24.September und dem 8.Oktober.<\/p>\n<p>\u00a0<\/p>\n","protected":false},"excerpt":{"rendered":"<p>Seit dem 22.Oktober 1998 findet j\u00e4hrlich der Welttag des Stottern (International Stuttering Awareness Day kurz ISAD) statt. Ziel ist es ein Bewusstsein in der Gesellschaft f\u00fcr das Thema zu schaffen und eine sensibilt\u00e4t f\u00fcr die berechtigten Bed\u00fcrfnisse, Sorgen, \u00c4ngste und &hellip; <a href=\"https:\/\/www.hessen-stottern.de\/?page_id=40730\">Weiterlesen <span class=\"meta-nav\">&rarr;<\/span><\/a><\/p>\n","protected":false},"author":6,"featured_media":0,"parent":43036,"menu_order":0,"comment_status":"closed","ping_status":"closed","template":"","meta":{"_price":"","_stock":"","_tribe_ticket_header":"","_tribe_default_ticket_provider":"","_tribe_ticket_capacity":"0","_ticket_start_date":"","_ticket_end_date":"","_tribe_ticket_show_description":"","_tribe_ticket_show_not_going":false,"_tribe_ticket_use_global_stock":"","_tribe_ticket_global_stock_level":"","_global_stock_mode":"","_global_stock_cap":"","_tribe_rsvp_for_event":"","_tribe_ticket_going_count":"","_tribe_ticket_not_going_count":"","_tribe_tickets_list":"[]","_tribe_ticket_has_attendee_info_fields":false,"footnotes":"","_tec_slr_enabled":"","_tec_slr_layout":"","_links_to":"","_links_to_target":""},"class_list":["post-40730","page","type-page","status-publish","hentry"],"aioseo_notices":[],"ticketed":false,"_links":{"self":[{"href":"https:\/\/www.hessen-stottern.de\/index.php?rest_route=\/wp\/v2\/pages\/40730","targetHints":{"allow":["GET"]}}],"collection":[{"href":"https:\/\/www.hessen-stottern.de\/index.php?rest_route=\/wp\/v2\/pages"}],"about":[{"href":"https:\/\/www.hessen-stottern.de\/index.php?rest_route=\/wp\/v2\/types\/page"}],"author":[{"embeddable":true,"href":"https:\/\/www.hessen-stottern.de\/index.php?rest_route=\/wp\/v2\/users\/6"}],"replies":[{"embeddable":true,"href":"https:\/\/www.hessen-stottern.de\/index.php?rest_route=%2Fwp%2Fv2%2Fcomments&post=40730"}],"version-history":[{"count":4,"href":"https:\/\/www.hessen-stottern.de\/index.php?rest_route=\/wp\/v2\/pages\/40730\/revisions"}],"predecessor-version":[{"id":44509,"href":"https:\/\/www.hessen-stottern.de\/index.php?rest_route=\/wp\/v2\/pages\/40730\/revisions\/44509"}],"up":[{"embeddable":true,"href":"https:\/\/www.hessen-stottern.de\/index.php?rest_route=\/wp\/v2\/pages\/43036"}],"wp:attachment":[{"href":"https:\/\/www.hessen-stottern.de\/index.php?rest_route=%2Fwp%2Fv2%2Fmedia&parent=40730"}],"curies":[{"name":"wp","href":"https:\/\/api.w.org\/{rel}","templated":true}]}}