{"id":40755,"date":"2024-12-14T11:30:35","date_gmt":"2024-12-14T10:30:35","guid":{"rendered":"https:\/\/www.hessen-stottern.de\/?page_id=40755"},"modified":"2024-12-14T11:38:20","modified_gmt":"2024-12-14T10:38:20","slug":"ereignisse-im-april-2024-stottern","status":"publish","type":"page","link":"https:\/\/www.hessen-stottern.de\/?page_id=40755","title":{"rendered":"Internationaler Coming-Out-Day"},"content":{"rendered":"<div class=\"twoclick_social_bookmarks_post_40755 social_share_privacy clearfix 1.6.4 locale-de_DE sprite-de_DE\"><\/div><div class=\"twoclick-js\"><script type=\"text\/javascript\">\/* <![CDATA[ *\/\njQuery(document).ready(function($){if($('.twoclick_social_bookmarks_post_40755')){$('.twoclick_social_bookmarks_post_40755').socialSharePrivacy({\"services\":{\"facebook\":{\"status\":\"on\",\"txt_info\":\"2 Klicks f\\u00fcr mehr Datenschutz: Erst wenn Sie hier klicken, wird der Button aktiv und Sie k\\u00f6nnen Ihre Empfehlung an Facebook senden. Schon beim Aktivieren werden Daten an Dritte \\u00fcbertragen - siehe <em>i<\\\/em>.\",\"perma_option\":\"off\",\"action\":\"like\",\"language\":\"de_DE\"},\"twitter\":{\"reply_to\":\"\",\"tweet_text\":\"Internationaler%20Coming-Out-Day%20%C2%BB%20Hessen-Stottern.de\",\"status\":\"on\",\"txt_info\":\"2 Klicks f\\u00fcr mehr Datenschutz: Erst wenn Sie hier klicken, wird der Button aktiv und Sie k\\u00f6nnen Ihre Empfehlung an Twitter senden. Schon beim Aktivieren werden Daten an Dritte \\u00fcbertragen - siehe <em>i<\\\/em>.\",\"perma_option\":\"off\",\"language\":\"de\",\"referrer_track\":\"\"}},\"txt_help\":\"Wenn Sie diese Felder durch einen Klick aktivieren, werden Informationen an Facebook, Twitter, Flattr, Xing, t3n, LinkedIn, Pinterest oder Google eventuell ins Ausland \\u00fcbertragen und unter Umst\\u00e4nden auch dort gespeichert. N\\u00e4heres erfahren Sie durch einen Klick auf das <em>i<\\\/em>.\",\"settings_perma\":\"Dauerhaft aktivieren und Daten\\u00fcber-tragung zustimmen:\",\"info_link\":\"http:\\\/\\\/www.heise.de\\\/ct\\\/artikel\\\/2-Klicks-fuer-mehr-Datenschutz-1333879.html\",\"uri\":\"https:\\\/\\\/www.hessen-stottern.de\\\/?page_id=40755\",\"post_id\":40755,\"post_title_referrer_track\":\"Internationaler+Coming-Out-Day\",\"display_infobox\":\"on\"});}});\n\/* ]]> *\/<\/script><\/div>\n\n\n<p>Der Internationaler Coming-Out-Day (Weltouting-Tag) <a href=\"https:\/\/de.wikipedia.org\/wiki\/Coming_Out_Day\" target=\"_blank\" rel=\"noopener\">&lt;&gt;<\/a> bietet die allerbeste Gelegenheit mit dem Versteckspiel des Stotterns aufzur\u00e4umen. Sich mit seiner Sprechbehinderung Tag f\u00fcr Tag verstecken und sich zu verstellen zu m\u00fcssen und nicht die Person zu sein \u2500 die Du mit dem Stottern wirklich bist <a href=\"https:\/\/www.youtube.com\/watch?v=rHq3PGLCJcE\" target=\"_blank\" rel=\"noopener\">&lt;&gt;<\/a> ist kein Leben sondern eine endlos andauernde Qual, das man nicht als Leben bezeichnen kann.<\/p>\n<p>Bereite dich auf deinen gr\u00f6\u00dften und enscheidensten Tag deines Leben vor in dem Du es in deiner Stotterer Selbsthilfegruppe vor Ort zum Thema machst und mit anderen Betroffenen diskutierst (Reale Vor- &amp; Nachteile, Risiken + Chancen) in Rollenspielen gemeinsam ein\u00fcbst und die Erfahrungen anderer Teilnehmer nutzt. . Auch dein Stottertherapeut kann dir dabei helfen den Comingout-Prozess zu lancieren damit Du mit dem n\u00f6tigen Grund-Selbstbewusstsein f\u00fcr diesen wichtigen Schritt ausgestattet bist.<\/p>\n<p>Zum Coming out kannst du auch die <a title=\"Pyramide\" href=\"https:\/\/www.hessen-stottern.de\/?page_id=43068\">Pyramide<\/a> nutzen in der Step bei Step das noch nicht ausgesprochene Stottern in deimem eigenen Tempo aussprechbar wird. Auch die \u00bbStotterstolz-Bewegung\u00ab <a title=\"Stotterstolz-Bewegung\" href=\"https:\/\/www.hessen-stottern.de\/?page_id=44111\">&lt;&gt;<\/a> d\u00fcrfte dich in diesem Zusammenhang wahrscheinlich interessieren!<\/p>\n<p>\u00a0<\/p>\n\n\n\n\n","protected":false},"excerpt":{"rendered":"<p>Der Internationaler Coming-Out-Day (Weltouting-Tag) &lt;&gt; bietet die allerbeste Gelegenheit mit dem Versteckspiel des Stotterns aufzur\u00e4umen. Sich mit seiner Sprechbehinderung Tag f\u00fcr Tag verstecken und sich zu verstellen zu m\u00fcssen und nicht die Person zu sein \u2500 die Du mit dem &hellip; <a href=\"https:\/\/www.hessen-stottern.de\/?page_id=40755\">Weiterlesen <span class=\"meta-nav\">&rarr;<\/span><\/a><\/p>\n","protected":false},"author":6,"featured_media":0,"parent":41289,"menu_order":4,"comment_status":"closed","ping_status":"closed","template":"","meta":{"_price":"","_stock":"","_tribe_ticket_header":"","_tribe_default_ticket_provider":"","_tribe_ticket_capacity":"0","_ticket_start_date":"","_ticket_end_date":"","_tribe_ticket_show_description":"","_tribe_ticket_show_not_going":false,"_tribe_ticket_use_global_stock":"","_tribe_ticket_global_stock_level":"","_global_stock_mode":"","_global_stock_cap":"","_tribe_rsvp_for_event":"","_tribe_ticket_going_count":"","_tribe_ticket_not_going_count":"","_tribe_tickets_list":"[]","_tribe_ticket_has_attendee_info_fields":false,"footnotes":"","_tec_slr_enabled":"","_tec_slr_layout":"","_links_to":"","_links_to_target":""},"class_list":["post-40755","page","type-page","status-publish","hentry"],"aioseo_notices":[],"ticketed":false,"_links":{"self":[{"href":"https:\/\/www.hessen-stottern.de\/index.php?rest_route=\/wp\/v2\/pages\/40755","targetHints":{"allow":["GET"]}}],"collection":[{"href":"https:\/\/www.hessen-stottern.de\/index.php?rest_route=\/wp\/v2\/pages"}],"about":[{"href":"https:\/\/www.hessen-stottern.de\/index.php?rest_route=\/wp\/v2\/types\/page"}],"author":[{"embeddable":true,"href":"https:\/\/www.hessen-stottern.de\/index.php?rest_route=\/wp\/v2\/users\/6"}],"replies":[{"embeddable":true,"href":"https:\/\/www.hessen-stottern.de\/index.php?rest_route=%2Fwp%2Fv2%2Fcomments&post=40755"}],"version-history":[{"count":9,"href":"https:\/\/www.hessen-stottern.de\/index.php?rest_route=\/wp\/v2\/pages\/40755\/revisions"}],"predecessor-version":[{"id":44521,"href":"https:\/\/www.hessen-stottern.de\/index.php?rest_route=\/wp\/v2\/pages\/40755\/revisions\/44521"}],"up":[{"embeddable":true,"href":"https:\/\/www.hessen-stottern.de\/index.php?rest_route=\/wp\/v2\/pages\/41289"}],"wp:attachment":[{"href":"https:\/\/www.hessen-stottern.de\/index.php?rest_route=%2Fwp%2Fv2%2Fmedia&parent=40755"}],"curies":[{"name":"wp","href":"https:\/\/api.w.org\/{rel}","templated":true}]}}