{"id":40777,"date":"2024-12-19T10:30:11","date_gmt":"2024-12-19T09:30:11","guid":{"rendered":"https:\/\/www.hessen-stottern.de\/?page_id=40777"},"modified":"2024-12-19T13:06:41","modified_gmt":"2024-12-19T12:06:41","slug":"emotionen","status":"publish","type":"page","link":"https:\/\/www.hessen-stottern.de\/?page_id=40777","title":{"rendered":"Emotionen"},"content":{"rendered":"<div class=\"twoclick_social_bookmarks_post_40777 social_share_privacy clearfix 1.6.4 locale-de_DE sprite-de_DE\"><\/div><div class=\"twoclick-js\"><script type=\"text\/javascript\">\/* <![CDATA[ *\/\njQuery(document).ready(function($){if($('.twoclick_social_bookmarks_post_40777')){$('.twoclick_social_bookmarks_post_40777').socialSharePrivacy({\"services\":{\"facebook\":{\"status\":\"on\",\"txt_info\":\"2 Klicks f\\u00fcr mehr Datenschutz: Erst wenn Sie hier klicken, wird der Button aktiv und Sie k\\u00f6nnen Ihre Empfehlung an Facebook senden. Schon beim Aktivieren werden Daten an Dritte \\u00fcbertragen - siehe <em>i<\\\/em>.\",\"perma_option\":\"off\",\"action\":\"like\",\"language\":\"de_DE\"},\"twitter\":{\"reply_to\":\"\",\"tweet_text\":\"Emotionen%20%C2%BB%20Hessen-Stottern.de\",\"status\":\"on\",\"txt_info\":\"2 Klicks f\\u00fcr mehr Datenschutz: Erst wenn Sie hier klicken, wird der Button aktiv und Sie k\\u00f6nnen Ihre Empfehlung an Twitter senden. Schon beim Aktivieren werden Daten an Dritte \\u00fcbertragen - siehe <em>i<\\\/em>.\",\"perma_option\":\"off\",\"language\":\"de\",\"referrer_track\":\"\"}},\"txt_help\":\"Wenn Sie diese Felder durch einen Klick aktivieren, werden Informationen an Facebook, Twitter, Flattr, Xing, t3n, LinkedIn, Pinterest oder Google eventuell ins Ausland \\u00fcbertragen und unter Umst\\u00e4nden auch dort gespeichert. N\\u00e4heres erfahren Sie durch einen Klick auf das <em>i<\\\/em>.\",\"settings_perma\":\"Dauerhaft aktivieren und Daten\\u00fcber-tragung zustimmen:\",\"info_link\":\"http:\\\/\\\/www.heise.de\\\/ct\\\/artikel\\\/2-Klicks-fuer-mehr-Datenschutz-1333879.html\",\"uri\":\"https:\\\/\\\/www.hessen-stottern.de\\\/?page_id=40777\",\"post_id\":40777,\"post_title_referrer_track\":\"Emotionen\",\"display_infobox\":\"on\"});}});\n\/* ]]> *\/<\/script><\/div>\n<p>Mit dem Stottern zu Leben ist nicht einfach besonders wenn man noch aktuell gro\u00dfe Probleme mit dem Stottern hat und negative R\u00fcckmeldungen dauerhaft von Au\u00dfen auf einen einstr\u00f6men. <br \/><br \/>Aristoteles schrieb (der selbst stotterte <a title=\"Ber\u00fchmte Stotterer\" href=\"https:\/\/www.hessen-stottern.de\/?page_id=18763\">&lt;&gt;<\/a>) von Katarsis, das, das Ausleben innerer Konflikte und das verdr\u00e4ngen Emotionen zu einer Reduzierung dieser Konflikte und Gef\u00fchle f\u00fchren soll. Nat\u00fcrlich klingt das sehr theoretisch und auch komplziert aber lassen Sie mich dies weiter ausf\u00fchren:<br \/><br \/><\/p>\n<p>Ich kenne aus meiner eigenen Biografie als Stotterer die Gedanken, Gef\u00fchle und aufgestauten Emotionen nur zu gut und m\u00f6chte L\u00f6sungswege und Alternativen aufzeigen anstatt Gewalt aktiv auszuleben. Ich m\u00f6chte besonders betonen das ich jede Form von Gewalt ablehne da diese nicht zielf\u00fchrend sind und nur weiteren Hass sch\u00fcren.<\/p>\n<p>Und mit Gewalt meine ich:<\/p>\n<p>\u2022 psychische Gewalt gegen dich selbst (Selbstbestrafung, auch die in den eigenen Gedanken)<br \/>\u2022 k\u00f6rperliche Gewalt gegen dich selbst (Selbstvergiftung, Ritzen, Schlagen<\/p>\n<p>Besonders betonen m\u00f6chte ich das es niemals einen Grund gibt sich deshalb zu verstecken und Wut nach Innen oder Au\u00dfen mit k\u00f6rperlicher Gewalt gegen sich selbst, anderren Personen oder Gegenst\u00e4nden auszu\u00fcben.<\/p>\n<p>Wenn Du zum Bespiel Wut gegen dich Dich selbst versp\u00fcrst weil Du mal wieder heftig gestotterst hast bei einem wichtigen Vortrag und diese Klausur wegen deinem Stottern nicht bestanden hast.gibt es zwei Wege im Umgang mit dem Problem.<\/p>\n<p><strong>Du kannst Dir selbst die Schuld geben<\/strong>, dir einreden wie schlecht, mies und ein bedauernswerter Mensch Du mit dem Stottern bist. Wut, Hass und Unverst\u00e4ndnis wie man auf dein Stottern wieder einmal regiert wurde kann ich als langj\u00e4hriger Stotternder gut verstehen und nachvollziehen. Ich sagte mir fr\u00fcher t\u00e4glich selbst: \u00bbIch verdammter Schei\u00df Stotterer\u00ab (negative Selbstgespr\u00e4che), doch gebracht hat es nichts, im Gegenteil es f\u00fchrte zu drei Suizid-Versuchen.<\/p>\n<p><strong>oder<\/strong><\/p>\n<p><strong>Eine L\u00f6sung suchen<\/strong> die Probleme langfristig zu ver\u00e4ndern.<\/p>\n<p>\u2022 Konfronation deines Gegen\u00fcbers bringt zwar die aufgestauten Emotionen nach drau\u00dfen und stellt deinen Standpunkt klar, aber verh\u00e4rtet nur die Situation und bringt keinen wirklich weiter, au\u00dfer Dich vielleicht f\u00fcr einen sehr kurzen Moment der Emotionsbefriedigung. Du k\u00f6nnrtest dir auch einen Boxsack besorgen oder auf dein Kissen schlagen, laut schreien wenn Du alleine bist,<\/p>\n\n\n\n\n","protected":false},"excerpt":{"rendered":"<p>Mit dem Stottern zu Leben ist nicht einfach besonders wenn man noch aktuell gro\u00dfe Probleme mit dem Stottern hat und negative R\u00fcckmeldungen dauerhaft von Au\u00dfen auf einen einstr\u00f6men. Aristoteles schrieb (der selbst stotterte &lt;&gt;) von Katarsis, das, das Ausleben innerer &hellip; <a href=\"https:\/\/www.hessen-stottern.de\/?page_id=40777\">Weiterlesen <span class=\"meta-nav\">&rarr;<\/span><\/a><\/p>\n","protected":false},"author":6,"featured_media":0,"parent":25645,"menu_order":0,"comment_status":"closed","ping_status":"closed","template":"","meta":{"_price":"","_stock":"","_tribe_ticket_header":"","_tribe_default_ticket_provider":"","_tribe_ticket_capacity":"0","_ticket_start_date":"","_ticket_end_date":"","_tribe_ticket_show_description":"","_tribe_ticket_show_not_going":false,"_tribe_ticket_use_global_stock":"","_tribe_ticket_global_stock_level":"","_global_stock_mode":"","_global_stock_cap":"","_tribe_rsvp_for_event":"","_tribe_ticket_going_count":"","_tribe_ticket_not_going_count":"","_tribe_tickets_list":"[]","_tribe_ticket_has_attendee_info_fields":false,"footnotes":"","_tec_slr_enabled":"","_tec_slr_layout":"","_links_to":"","_links_to_target":""},"class_list":["post-40777","page","type-page","status-publish","hentry"],"aioseo_notices":[],"ticketed":false,"_links":{"self":[{"href":"https:\/\/www.hessen-stottern.de\/index.php?rest_route=\/wp\/v2\/pages\/40777","targetHints":{"allow":["GET"]}}],"collection":[{"href":"https:\/\/www.hessen-stottern.de\/index.php?rest_route=\/wp\/v2\/pages"}],"about":[{"href":"https:\/\/www.hessen-stottern.de\/index.php?rest_route=\/wp\/v2\/types\/page"}],"author":[{"embeddable":true,"href":"https:\/\/www.hessen-stottern.de\/index.php?rest_route=\/wp\/v2\/users\/6"}],"replies":[{"embeddable":true,"href":"https:\/\/www.hessen-stottern.de\/index.php?rest_route=%2Fwp%2Fv2%2Fcomments&post=40777"}],"version-history":[{"count":5,"href":"https:\/\/www.hessen-stottern.de\/index.php?rest_route=\/wp\/v2\/pages\/40777\/revisions"}],"predecessor-version":[{"id":44549,"href":"https:\/\/www.hessen-stottern.de\/index.php?rest_route=\/wp\/v2\/pages\/40777\/revisions\/44549"}],"up":[{"embeddable":true,"href":"https:\/\/www.hessen-stottern.de\/index.php?rest_route=\/wp\/v2\/pages\/25645"}],"wp:attachment":[{"href":"https:\/\/www.hessen-stottern.de\/index.php?rest_route=%2Fwp%2Fv2%2Fmedia&parent=40777"}],"curies":[{"name":"wp","href":"https:\/\/api.w.org\/{rel}","templated":true}]}}