{"id":40973,"date":"2024-12-13T10:20:25","date_gmt":"2024-12-13T09:20:25","guid":{"rendered":"https:\/\/www.hessen-stottern.de\/?page_id=40973"},"modified":"2024-12-13T10:22:32","modified_gmt":"2024-12-13T09:22:32","slug":"selbsthilfegruppe-gruenden","status":"publish","type":"page","link":"https:\/\/www.hessen-stottern.de\/?page_id=40973","title":{"rendered":"Selbsthilfegruppe gr\u00fcnden"},"content":{"rendered":"<div class=\"twoclick_social_bookmarks_post_40973 social_share_privacy clearfix 1.6.4 locale-de_DE sprite-de_DE\"><\/div><div class=\"twoclick-js\"><script type=\"text\/javascript\">\/* <![CDATA[ *\/\njQuery(document).ready(function($){if($('.twoclick_social_bookmarks_post_40973')){$('.twoclick_social_bookmarks_post_40973').socialSharePrivacy({\"services\":{\"facebook\":{\"status\":\"on\",\"txt_info\":\"2 Klicks f\\u00fcr mehr Datenschutz: Erst wenn Sie hier klicken, wird der Button aktiv und Sie k\\u00f6nnen Ihre Empfehlung an Facebook senden. Schon beim Aktivieren werden Daten an Dritte \\u00fcbertragen - siehe <em>i<\\\/em>.\",\"perma_option\":\"off\",\"action\":\"like\",\"language\":\"de_DE\"},\"twitter\":{\"reply_to\":\"\",\"tweet_text\":\"Selbsthilfegruppe%20gr%C3%BCnden%20%C2%BB%20Hessen-Stottern.de\",\"status\":\"on\",\"txt_info\":\"2 Klicks f\\u00fcr mehr Datenschutz: Erst wenn Sie hier klicken, wird der Button aktiv und Sie k\\u00f6nnen Ihre Empfehlung an Twitter senden. Schon beim Aktivieren werden Daten an Dritte \\u00fcbertragen - siehe <em>i<\\\/em>.\",\"perma_option\":\"off\",\"language\":\"de\",\"referrer_track\":\"\"}},\"txt_help\":\"Wenn Sie diese Felder durch einen Klick aktivieren, werden Informationen an Facebook, Twitter, Flattr, Xing, t3n, LinkedIn, Pinterest oder Google eventuell ins Ausland \\u00fcbertragen und unter Umst\\u00e4nden auch dort gespeichert. N\\u00e4heres erfahren Sie durch einen Klick auf das <em>i<\\\/em>.\",\"settings_perma\":\"Dauerhaft aktivieren und Daten\\u00fcber-tragung zustimmen:\",\"info_link\":\"http:\\\/\\\/www.heise.de\\\/ct\\\/artikel\\\/2-Klicks-fuer-mehr-Datenschutz-1333879.html\",\"uri\":\"https:\\\/\\\/www.hessen-stottern.de\\\/?page_id=40973\",\"post_id\":40973,\"post_title_referrer_track\":\"Selbsthilfegruppe+gr%C3%BCnden\",\"display_infobox\":\"on\"});}});\n\/* ]]> *\/<\/script><\/div>\n\n\n<p>Du hast eine Stottertherapie gerade absolviert oder steckst mitten drin in deiner Therapie? Du hast bereits von einer Stotterer Selbsthilfegruppe geh\u00f6rt oder deine Therapeutin hat dir den Besuch einer Selbsthilfegruppe empfohlen?<br \/><br \/>Du warst auf der Suche <a title=\"Selbsthilfe finden\" href=\"https:\/\/www.hessen-stottern.de\/?page_id=43\">&lt;&gt;<\/a> nach einer Selbsthilfegruppe oder hast nur eine aktive Gruppe <a title=\"Aktive Selbsthilfegruppen\" href=\"https:\/\/www.hessen-stottern.de\/?page_id=39931\">&lt;&gt;<\/a> gefunden in weiterer Entferung? Du bist begeistert und motiviert von der Wirksamkeit der gemeinsamen Gruppenabend?<\/p>\n<p>Wenn du bereits Mitstreiter suchst zur Gr\u00fcndung einer neuen Selbsthilfegruppe, m\u00f6chten Wir dir gerne dabei behilflich sein.<br \/><br \/>Vorteile f\u00fcr Dich:<br \/>\u2022\u00a0 Mit der Neugrun\u00fcdnung, Reaktivierung und St\u00e4rkung einer Stotterer Selbsthilfegruppe bist du Vorbild f\u00fcr Andere Menschen und genie\u00dft gleichzeitig den Vorteil einer wohnortnahen Stotterer Selbsthilfegruppe (in der Regel 35 Kilometer um deinen Wohnort)<br \/>\u2022 Als Ansprechpartner bist Du aktiv im geschehen in vordererster Reihe mit dabei und zeigst mit deinen Akvit\u00e4ten und der \u00d6ffentlichung der Kontaktdaten das Du zu deinet Sprechbehinderung Stottern offen stehst, damit nicht mehr versteckst, f\u00fcr deine Behinderung sch\u00e4mst, das gibt anderen Interessierten Mut und Hoffung mit ihrem eigenen Stottern und erm\u00f6glicht es Ihnen erst eine Stotterer Selbsthilfegruppe ebenfalls regelm\u00e4\u00dfig zu besuchen.<br \/>Werde ein Teil der gro\u00dfen Ver\u00e4nderung und hilf mit eine weitere Stotterer Selbsthilfegruppe zu gr\u00fcnden damit Wir gemeinsam eines Tages in ganz Hessen eine Selbsthilfegruppe anbieten k\u00f6nnen und die Menschen eine wohnortnahe auf einer Distanz von 35 Kilometer (91% besuchen zu k\u00f6nnen.<br \/><br \/><\/p>\n<p>Bereits in folgenden St\u00e4dten gibt es eine Stotterer Selbsthilfegruppe: <a title=\"Aktive Selbsthilfegruppen\" href=\"https:\/\/www.hessen-stottern.de\/?page_id=39931\">&lt;&gt;<\/a><br \/>\u2022 Gie\u00dfen<br \/>\u2022 Darmstadt<br \/>\u2022 Frankfurt<br \/>\u2022 LImburg<\/p>\n<p>In folgenen St\u00e4dten gab es bereits einmal eine Stotterer Selbsthilfegruppe <a title=\"Reaktivierung der Selbsthilfegruppen\" href=\"https:\/\/www.hessen-stottern.de\/?page_id=40959\">&lt;&gt;<\/a><br \/>\u2022 Kassel<br \/>\u2022 Fulda<br \/>\u2022 Wiesbaden<br \/>\u2022 Gelnhausen<\/p>\n<p>Die wieder reaktiviert und mit neuem Leben dem Feuer der Liebe f\u00fcr eine Stotterer Selbsthilfegruppe wiederbelebt werden m\u00fcssen.<br \/><br \/>Und in diesen St\u00e4dten m\u00f6chte ich gerne noch eine Stotterer Selbsthilfegruppe neu gr\u00fcnden: <a title=\"Neugr\u00fcndungen von Selbsthllfegruppen\" href=\"https:\/\/www.hessen-stottern.de\/?page_id=39940\">&lt;&gt;<\/a><\/p>\n<p>\u2022 Alsfeld<br \/>\u2022 Bad Hersfeld<br \/>\u2022 Bad Nauheim<br \/>\u2022 Dillenburg<br \/>\u2022 Eschwege<br \/>\u2022 Frankenberg (Eder)<br \/>\u2022 Heppenheim<br \/>\u2022 Homberg (Efze)<br \/>\u2022 Korbach<br \/>\u2022 Michelstadt<br \/><br \/><br \/><br \/><br \/><br \/><\/p>\n<p>Du stotterst und wohnst bestimmt nicht unbedingt gerade in einer hessischen Stadt wo es eine Stotterer Selbsthilfegruppe bereis exstiert? Du m\u00f6chtest eine Gruppe regelm\u00e4\u00dfig besuchen oder hast bereits in einen Gruppenabend hineingeschnuppert?<\/p>\n<p>Dann lass uns gemeinsam eine weitere Stotterer Selbsthilfegruppe gr\u00fcnden !<\/p>\n<p>Alles was Du tun musst ist relativ<\/p>\n<p>In Hessen gibt es derzeit 6 Stotterer Selbsthilfegruppen (Gie\u00dfen, Frankfurt, Darmstadt und<\/p>\n","protected":false},"excerpt":{"rendered":"<p>Du hast eine Stottertherapie gerade absolviert oder steckst mitten drin in deiner Therapie? Du hast bereits von einer Stotterer Selbsthilfegruppe geh\u00f6rt oder deine Therapeutin hat dir den Besuch einer Selbsthilfegruppe empfohlen? Du warst auf der Suche &lt;&gt; nach einer Selbsthilfegruppe &hellip; <a href=\"https:\/\/www.hessen-stottern.de\/?page_id=40973\">Weiterlesen <span class=\"meta-nav\">&rarr;<\/span><\/a><\/p>\n","protected":false},"author":6,"featured_media":0,"parent":43109,"menu_order":5,"comment_status":"closed","ping_status":"closed","template":"","meta":{"_price":"","_stock":"","_tribe_ticket_header":"","_tribe_default_ticket_provider":"","_tribe_ticket_capacity":"0","_ticket_start_date":"","_ticket_end_date":"","_tribe_ticket_show_description":"","_tribe_ticket_show_not_going":false,"_tribe_ticket_use_global_stock":"","_tribe_ticket_global_stock_level":"","_global_stock_mode":"","_global_stock_cap":"","_tribe_rsvp_for_event":"","_tribe_ticket_going_count":"","_tribe_ticket_not_going_count":"","_tribe_tickets_list":"[]","_tribe_ticket_has_attendee_info_fields":false,"footnotes":"","_tec_slr_enabled":"","_tec_slr_layout":"","_links_to":"","_links_to_target":""},"class_list":["post-40973","page","type-page","status-publish","hentry"],"aioseo_notices":[],"ticketed":false,"_links":{"self":[{"href":"https:\/\/www.hessen-stottern.de\/index.php?rest_route=\/wp\/v2\/pages\/40973","targetHints":{"allow":["GET"]}}],"collection":[{"href":"https:\/\/www.hessen-stottern.de\/index.php?rest_route=\/wp\/v2\/pages"}],"about":[{"href":"https:\/\/www.hessen-stottern.de\/index.php?rest_route=\/wp\/v2\/types\/page"}],"author":[{"embeddable":true,"href":"https:\/\/www.hessen-stottern.de\/index.php?rest_route=\/wp\/v2\/users\/6"}],"replies":[{"embeddable":true,"href":"https:\/\/www.hessen-stottern.de\/index.php?rest_route=%2Fwp%2Fv2%2Fcomments&post=40973"}],"version-history":[{"count":5,"href":"https:\/\/www.hessen-stottern.de\/index.php?rest_route=\/wp\/v2\/pages\/40973\/revisions"}],"predecessor-version":[{"id":44491,"href":"https:\/\/www.hessen-stottern.de\/index.php?rest_route=\/wp\/v2\/pages\/40973\/revisions\/44491"}],"up":[{"embeddable":true,"href":"https:\/\/www.hessen-stottern.de\/index.php?rest_route=\/wp\/v2\/pages\/43109"}],"wp:attachment":[{"href":"https:\/\/www.hessen-stottern.de\/index.php?rest_route=%2Fwp%2Fv2%2Fmedia&parent=40973"}],"curies":[{"name":"wp","href":"https:\/\/api.w.org\/{rel}","templated":true}]}}