{"id":41157,"date":"2025-02-13T17:30:16","date_gmt":"2025-02-13T16:30:16","guid":{"rendered":"https:\/\/www.hessen-stottern.de\/?page_id=41157"},"modified":"2025-03-27T11:36:09","modified_gmt":"2025-03-27T10:36:09","slug":"musik-hoeren","status":"publish","type":"page","link":"https:\/\/www.hessen-stottern.de\/?page_id=41157","title":{"rendered":"Musik"},"content":{"rendered":"<div class=\"twoclick_social_bookmarks_post_41157 social_share_privacy clearfix 1.6.4 locale-de_DE sprite-de_DE\"><\/div><div class=\"twoclick-js\"><script type=\"text\/javascript\">\/* <![CDATA[ *\/\njQuery(document).ready(function($){if($('.twoclick_social_bookmarks_post_41157')){$('.twoclick_social_bookmarks_post_41157').socialSharePrivacy({\"services\":{\"facebook\":{\"status\":\"on\",\"txt_info\":\"2 Klicks f\\u00fcr mehr Datenschutz: Erst wenn Sie hier klicken, wird der Button aktiv und Sie k\\u00f6nnen Ihre Empfehlung an Facebook senden. Schon beim Aktivieren werden Daten an Dritte \\u00fcbertragen - siehe <em>i<\\\/em>.\",\"perma_option\":\"off\",\"action\":\"like\",\"language\":\"de_DE\"},\"twitter\":{\"reply_to\":\"\",\"tweet_text\":\"Musik%20%C2%BB%20Hessen-Stottern.de\",\"status\":\"on\",\"txt_info\":\"2 Klicks f\\u00fcr mehr Datenschutz: Erst wenn Sie hier klicken, wird der Button aktiv und Sie k\\u00f6nnen Ihre Empfehlung an Twitter senden. Schon beim Aktivieren werden Daten an Dritte \\u00fcbertragen - siehe <em>i<\\\/em>.\",\"perma_option\":\"off\",\"language\":\"de\",\"referrer_track\":\"\"}},\"txt_help\":\"Wenn Sie diese Felder durch einen Klick aktivieren, werden Informationen an Facebook, Twitter, Flattr, Xing, t3n, LinkedIn, Pinterest oder Google eventuell ins Ausland \\u00fcbertragen und unter Umst\\u00e4nden auch dort gespeichert. N\\u00e4heres erfahren Sie durch einen Klick auf das <em>i<\\\/em>.\",\"settings_perma\":\"Dauerhaft aktivieren und Daten\\u00fcber-tragung zustimmen:\",\"info_link\":\"http:\\\/\\\/www.heise.de\\\/ct\\\/artikel\\\/2-Klicks-fuer-mehr-Datenschutz-1333879.html\",\"uri\":\"https:\\\/\\\/www.hessen-stottern.de\\\/?page_id=41157\",\"post_id\":41157,\"post_title_referrer_track\":\"Musik\",\"display_infobox\":\"on\"});}});\n\/* ]]> *\/<\/script><\/div>\n\n\n\n\n<p>Das Lymbische System des Hippocampus verarbeitet die Emotionen des Menschen das die k\u00f6rpereigenen <span class=\"mw-page-title-main\">Opioide (Opiade) wie die Gl\u00fcckshormone (Dopamin, Serotonin, Noradrenalin, Oxytocin und Endophine u.a durch Musik aussch\u00fcttet und verarbeitet.<br \/><br \/>Musik verbindet weltweit Menschen auch wenn diese nicht die selbe Sprache sprechen und verstehen k\u00f6nnen. Durch ihre tiefe Vernetzung im Langzeitged\u00e4chnis und der gleichzeitigen Verkn\u00fcpfung mit ihren Interaktionen (Menschen, Orte, Ereignissen wie z.b. dem allerersten Kuss der Freundin k\u00f6nnen diese beim wieder h\u00f6ren des gleichen Musikst\u00fcckes, das\u00a0 manchmal\u00a0 Jahrzente zur\u00fcckliegen kann, die gleichen Gef\u00fchle in die Gegenwart und in das aktive Ged\u00e4chnis zur\u00fcckgeholt werden. Pl\u00f6tzlich ist es m\u00f6glich sich auch an n\u00e4here Details zu erinnern und manchmal sp\u00fcrt man sogar an den Geschmack des Salzwasser&#8217;s das man vor \u00fcber 40 Jahren an der s\u00fcdspanischen Mittelmeerk\u00fcste geschmeckt hatte.<br \/><br \/>Musik h\u00f6ren und singen ist besonders gut f\u00fcr sehr stark stotternde Menschen die ansonsten aufgrund ihrer h\u00f6chstgradigen Sprechbehinderung nicht an dem gesellschaftlichen Leben teilnehmen k\u00f6nnen und keine M\u00f6glichkeit besitzen sich m\u00fcndlich auszudr\u00fccken. Musik gibt Ihnen die erste M\u00f6glichkeit mit ihrem Singen wieder ein Gef\u00fchl zu bekommen am menschlichen Leben teilhaben zu k\u00f6nnen. M\u00f6glich ist dies da Sprechen und Singen in zwei unanabh\u00e4nigen Bereichen des Gehirn verarbeitet werden und nur sehr moderat die Sprech-Sing\/Sing-Sprech Eigenchaften voneinander beinflusst werden. Singen funktioniert in der Regel nahezu sehr geringen Ausnahmef\u00e4llen vollst\u00e4ndig fl\u00fcssig, auch wenn gleichzeitig beim sprechen eine mittel- bis schwergradiges Stottern vorliegt. Durch diese Erfahrung und das Gef\u00fchl pl\u00f6tzlich wieder ein St\u00fcck am gesellschaftlichen Leben teilhaben zu k\u00f6nnen und auch nur f\u00fcr die kurze Zeit des Singens stotterfrei\/sorgenfrei interagieren zu k\u00f6mmem gibt stark stotternden Menschen neuen Lebensmut und Hoffung.<\/span><\/p>\n<p>In Japan gibt es Karaoke-Bars mit Karaokeveranstaltungen in den Playback (Musiktitel ohne Gesang) munter auf der B\u00fchne gesungen wird. Sogar in einiges Autos sollen Karaokesysteme verbaut worden sein, das sich Vekehrspsychologisch positiv auf das Verhalten und vorallem auf das Agressionslevel positiv auswirken soll.<br \/><br \/>Und auch einige ber\u00fchmte Stotterer waren S\u00e4ngerinnen und S\u00e4nger <a title=\"Stotternde Musiker | Stottern + Musik\" href=\"https:\/\/www.hessen-stottern.de\/?page_id=40799\">&lt;&gt;<\/a> wie z.B. Marilyn Monroe, John Larkin, <span class=\"BxUVEf ILfuVd\" lang=\"de\"><span class=\"hgKElc\">Ed Sheeran<\/span><\/span>, Gareth Gates und Kylie Minogue weil sie die Musik als Ausdrucksform nutzten und sp\u00fcrten wie gut ihnen das musizieren als bereichenden Ausgleich zu ihrem oft anstrengenden Stottern tat. Also schaltet \u00f6fters mal die Musik ein oder lernt ein Musikinstrument zu spielen und sp\u00fcrt das wunderbare Gef\u00fchl der Musik in allen Bereichen eures K\u00f6rpers.<br \/><br \/>Musik ist in Verbindung mit <a title=\"Sport\" href=\"https:\/\/www.hessen-stottern.de\/?page_id=44610\">Sport<\/a>, Theater, Entspannung sowie in vielen anderen Bereichen wechselseitig einsetzbar.<\/p>\n\n\n\n\n","protected":false},"excerpt":{"rendered":"<p>Das Lymbische System des Hippocampus verarbeitet die Emotionen des Menschen das die k\u00f6rpereigenen Opioide (Opiade) wie die Gl\u00fcckshormone (Dopamin, Serotonin, Noradrenalin, Oxytocin und Endophine u.a durch Musik aussch\u00fcttet und verarbeitet. Musik verbindet weltweit Menschen auch wenn diese nicht die selbe &hellip; <a href=\"https:\/\/www.hessen-stottern.de\/?page_id=41157\">Weiterlesen <span class=\"meta-nav\">&rarr;<\/span><\/a><\/p>\n","protected":false},"author":6,"featured_media":0,"parent":2,"menu_order":0,"comment_status":"closed","ping_status":"closed","template":"","meta":{"_price":"","_stock":"","_tribe_ticket_header":"","_tribe_default_ticket_provider":"","_tribe_ticket_capacity":"0","_ticket_start_date":"","_ticket_end_date":"","_tribe_ticket_show_description":"","_tribe_ticket_show_not_going":false,"_tribe_ticket_use_global_stock":"","_tribe_ticket_global_stock_level":"","_global_stock_mode":"","_global_stock_cap":"","_tribe_rsvp_for_event":"","_tribe_ticket_going_count":"","_tribe_ticket_not_going_count":"","_tribe_tickets_list":"[]","_tribe_ticket_has_attendee_info_fields":false,"footnotes":"","_tec_slr_enabled":"","_tec_slr_layout":"","_links_to":"","_links_to_target":""},"class_list":["post-41157","page","type-page","status-publish","hentry"],"aioseo_notices":[],"ticketed":false,"_links":{"self":[{"href":"https:\/\/www.hessen-stottern.de\/index.php?rest_route=\/wp\/v2\/pages\/41157","targetHints":{"allow":["GET"]}}],"collection":[{"href":"https:\/\/www.hessen-stottern.de\/index.php?rest_route=\/wp\/v2\/pages"}],"about":[{"href":"https:\/\/www.hessen-stottern.de\/index.php?rest_route=\/wp\/v2\/types\/page"}],"author":[{"embeddable":true,"href":"https:\/\/www.hessen-stottern.de\/index.php?rest_route=\/wp\/v2\/users\/6"}],"replies":[{"embeddable":true,"href":"https:\/\/www.hessen-stottern.de\/index.php?rest_route=%2Fwp%2Fv2%2Fcomments&post=41157"}],"version-history":[{"count":14,"href":"https:\/\/www.hessen-stottern.de\/index.php?rest_route=\/wp\/v2\/pages\/41157\/revisions"}],"predecessor-version":[{"id":44833,"href":"https:\/\/www.hessen-stottern.de\/index.php?rest_route=\/wp\/v2\/pages\/41157\/revisions\/44833"}],"up":[{"embeddable":true,"href":"https:\/\/www.hessen-stottern.de\/index.php?rest_route=\/wp\/v2\/pages\/2"}],"wp:attachment":[{"href":"https:\/\/www.hessen-stottern.de\/index.php?rest_route=%2Fwp%2Fv2%2Fmedia&parent=41157"}],"curies":[{"name":"wp","href":"https:\/\/api.w.org\/{rel}","templated":true}]}}