{"id":41168,"date":"2024-12-13T09:10:31","date_gmt":"2024-12-13T08:10:31","guid":{"rendered":"https:\/\/www.hessen-stottern.de\/?page_id=41168"},"modified":"2024-12-13T09:10:56","modified_gmt":"2024-12-13T08:10:56","slug":"gruppenabend-teilnehmen","status":"publish","type":"page","link":"https:\/\/www.hessen-stottern.de\/?page_id=41168","title":{"rendered":"Gruppenabend teilnehmen"},"content":{"rendered":"<div class=\"twoclick_social_bookmarks_post_41168 social_share_privacy clearfix 1.6.4 locale-de_DE sprite-de_DE\"><\/div><div class=\"twoclick-js\"><script type=\"text\/javascript\">\/* <![CDATA[ *\/\njQuery(document).ready(function($){if($('.twoclick_social_bookmarks_post_41168')){$('.twoclick_social_bookmarks_post_41168').socialSharePrivacy({\"services\":{\"facebook\":{\"status\":\"on\",\"txt_info\":\"2 Klicks f\\u00fcr mehr Datenschutz: Erst wenn Sie hier klicken, wird der Button aktiv und Sie k\\u00f6nnen Ihre Empfehlung an Facebook senden. Schon beim Aktivieren werden Daten an Dritte \\u00fcbertragen - siehe <em>i<\\\/em>.\",\"perma_option\":\"off\",\"action\":\"like\",\"language\":\"de_DE\"},\"twitter\":{\"reply_to\":\"\",\"tweet_text\":\"Gruppenabend%20teilnehmen%20%C2%BB%20Hessen-Stottern.de\",\"status\":\"on\",\"txt_info\":\"2 Klicks f\\u00fcr mehr Datenschutz: Erst wenn Sie hier klicken, wird der Button aktiv und Sie k\\u00f6nnen Ihre Empfehlung an Twitter senden. Schon beim Aktivieren werden Daten an Dritte \\u00fcbertragen - siehe <em>i<\\\/em>.\",\"perma_option\":\"off\",\"language\":\"de\",\"referrer_track\":\"\"}},\"txt_help\":\"Wenn Sie diese Felder durch einen Klick aktivieren, werden Informationen an Facebook, Twitter, Flattr, Xing, t3n, LinkedIn, Pinterest oder Google eventuell ins Ausland \\u00fcbertragen und unter Umst\\u00e4nden auch dort gespeichert. N\\u00e4heres erfahren Sie durch einen Klick auf das <em>i<\\\/em>.\",\"settings_perma\":\"Dauerhaft aktivieren und Daten\\u00fcber-tragung zustimmen:\",\"info_link\":\"http:\\\/\\\/www.heise.de\\\/ct\\\/artikel\\\/2-Klicks-fuer-mehr-Datenschutz-1333879.html\",\"uri\":\"https:\\\/\\\/www.hessen-stottern.de\\\/?page_id=41168\",\"post_id\":41168,\"post_title_referrer_track\":\"Gruppenabend+teilnehmen\",\"display_infobox\":\"on\"});}});\n\/* ]]> *\/<\/script><\/div>\n\n\n<p>In einer Stotterer Selbsthilfegruppe hast Du die M\u00f6glichkeit<\/p>\n<p>\u2022 andere stotternde Menschen kennentzulernen<br \/>\u2022 mehr \u00fcber dein eigene Stottern und das anderern Teilnehmer zu erfahren<br \/>\u2022 Dich \u00fcber Therapeierfahrungen zu informeiren und auszutauschen<br \/>\u2022 die Selbsthilfegruppe mit deiner Therapie zu verkn\u00fcpfen und als \u00dcbungsraum f\u00fcr das bereits erlernte w\u00e4hrend einer Therapie zu festigen.<br \/>\u2022 im Rahmen der \u00d6ffentlichkeitsarbeit deine Selbsthilfegruppe bei einem Infostand vorzustellen und dich dabei mit deinem Stottern zu identifizieren.<br \/>\u2022 Deine Selbsthilfegruppe mitzugestalten und einen <a href=\"https:\/\/www.hessen-stottern.de\/?page_id=41245\">Gruppenabend zu organieren<\/a><br \/>\u2022 Gemeinsam Spa\u00df zu haben z.b. beim gemeinsamem Billard spielen \/ Grillen, Theater spielen uvm.<br \/>\u2022 Zu entspannen und auszuprobieren<br \/>\u2022 an Seminaren und Workshops teilzunehmen<br \/><br \/><strong>Voraussetzungen:<\/strong><br \/>Am Anfang braucht Du etwas \u00dcberwindung einen Gruppenabend der Stotterer Selbsthilfetgruppe zu besuchen. In Absprache kannst Du bestimmt eine dir vertraute Person zum allerersten Gruppenabend mitbringen. Falls Du gerade eine Therapie absolvierst ist es auch m\u00f6glich dein Stottertherpeuten \/ Logop\u00e4din mit zu bringen \u2500 dann lernt sich gleich die Stotterer Selbsthilfegruppe vor Ort einmal pers\u00f6nlich kennen und kann sich einen eigenen positiven Eindruck verschaffen. Die Teilnahme an einem Gruppenabend ist \u00fcbrigens grunds\u00e4tzlich kostenlos !<\/p>\n<p><strong>Wo finde ich eine Stotterer Selbsthilfegruppe?<\/strong><br \/>Eine Stotterer Selbsthilfegruppe des Landesverbandes Hessen der Stotterer Selbsthilfe e.V. findest Du in <a href=\"https:\/\/www.hessen-stottern.de\/?cat=45\">Kassel<\/a>, <a href=\"https:\/\/www.hessen-stottern.de\/?cat=43\">Gie\u00dfen<\/a>, <a href=\"https:\/\/www.hessen-stottern.de\/?cat=41\">Frankfurt<\/a>, <a href=\"https:\/\/www.hessen-stottern.de\/?cat=47\">Limburg<\/a>, <a href=\"https:\/\/www.hessen-stottern.de\/?cat=36\">Darmstadt<\/a>. Und wo noch keine Gruppe ist kann mit deiner Unterst\u00fctzung auch noch eine weitere Stotterer Selbsthilfegruppe entstehen. <br \/><br \/>Denn ich plane eine fl\u00e4chendeckende Selbsthilfe in den\u00a0 weiteren St\u00e4dten:<br \/>\u00a0\u2022 Nordhessen in <a href=\"https:\/\/www.hessen-stottern.de\/?cat=38\">Eschwege<\/a>, <a href=\"https:\/\/www.hessen-stottern.de\/?cat=40\">Frankenberg (Eder)<\/a>, <a href=\"https:\/\/www.hessen-stottern.de\/?cat=46\">Korbach<\/a>, <a href=\"https:\/\/www.hessen-stottern.de\/?cat=44\">Homberg (Efze)<\/a>, <a href=\"https:\/\/www.hessen-stottern.de\/?cat=34\">Bad Hersfeld<\/a><br \/>\u00a0\u2022 Mittelhessen in <a href=\"https:\/\/www.hessen-stottern.de\/?cat=37\">Dillenburg<\/a>, <a href=\"https:\/\/www.hessen-stottern.de\/?cat=33\">Alsfeld<\/a>, <a href=\"https:\/\/www.hessen-stottern.de\/?cat=39\">Fulda<\/a>,\u00a0<a href=\"https:\/\/www.hessen-stottern.de\/?cat=35\">Bad Nauheim<\/a><br \/>\u00a0\u2022 S\u00fcdhessen in <a href=\"https:\/\/www.hessen-stottern.de\/?cat=42\">Gelnhausen<\/a>, <a href=\"https:\/\/www.hessen-stottern.de\/?cat=71\">Heppenheim<\/a>, <a href=\"https:\/\/www.hessen-stottern.de\/?cat=49\">Wiesbaden<\/a>, <a href=\"https:\/\/www.hessen-stottern.de\/?cat=48\">Michelstadt<\/a><br \/><br \/>Mit Eingabe (Lupen-Symbol auf der Startseite oben-rechts) deiner hessischen Postleitzahl kannst du deine wohnortnahe Stotterer Selbsthilfegruppe finden und kannst diese in deinem Wohnort unterst\u00fctzen.[ <a href=\"https:\/\/www.hessen-stottern.de\/?page_id=20045\">\u00dcbersicht <\/a>]<\/p>\n<p><strong>Deine Vorteile:<\/strong><br \/>\u2500 <strong><span style=\"color: #ff0000;\">S<\/span><\/strong>chwirigkeiten \u00fcberwinden<br \/>\u2500 <strong><span style=\"color: #ff0000;\">E<\/span><\/strong>rkennnen und Handeln<br \/>\u2500 <strong><span style=\"color: #ff0000;\">L<\/span><\/strong>eben gestalten<br \/>\u2500 <strong><span style=\"color: #ff0000;\">B<\/span><\/strong>eziehungen aufbauen<br \/>\u2500 <strong><span style=\"color: #ff0000;\">S<\/span><\/strong>ich selbst besttimmen<br \/>\u2500 <span style=\"color: #ff0000;\"><strong>T<\/strong><\/span>eilnehmen und Verstehen<br \/>\u2500 <span style=\"color: #ff0000;\"><strong>H<\/strong><\/span>ilfe geben und Nehmen<br \/>\u2500 <strong><span style=\"color: #ff0000;\">I<\/span><\/strong>nformationen sammeln<br \/>\u2500 <strong><span style=\"color: #ff0000;\">L<\/span><\/strong>ebensmut sch\u00f6pfen<br \/>\u2500 <span style=\"color: #ff0000;\"><strong>F<\/strong><\/span>\u00e4higkeiten st\u00e4rken<br \/>\u2500 <span style=\"color: #ff0000;\"><strong>E<\/strong><\/span>rfahrungen nutzen<br \/>\u2500 <span style=\"color: #ff0000;\"><strong>G<\/strong><\/span>emeinsamkeiten entdecken<br \/>\u2500 <span style=\"color: #ff0000;\"><strong>R<\/strong><\/span>eden und Zuh\u00f6ren<br \/>\u2500 <span style=\"color: #ff0000;\"><strong>U<\/strong><\/span>nterst\u00fctzen und Begleiten<br \/>\u2500 <strong><span style=\"color: #ff0000;\">P<\/span><\/strong>robleme vorbeugen<br \/>\u2500 <span style=\"color: #ff0000;\"><strong>P<\/strong><\/span>ers\u00f6nlichkeiten st\u00e4rken<br \/>\u2500 <strong><span style=\"color: #ff0000;\">E<\/span><\/strong>insamkeit \u00fcberwinden<br \/>\u2500 <strong><span style=\"color: #ff0000;\">N<\/span><\/strong>eue Wege gehen<br \/><br \/>Und wer eine Selbsthilfegruppe auf einen langweiligen Stuhlkreis begrenzt wo sich Menschen nur gegenseitig bedauern und bemitleiden \u2500 hat die wichtige Gruppenarbeit f\u00fcr Stotternde nicht verstanden oder gar selbst erlebt !<\/p>\n","protected":false},"excerpt":{"rendered":"<p>In einer Stotterer Selbsthilfegruppe hast Du die M\u00f6glichkeit \u2022 andere stotternde Menschen kennentzulernen\u2022 mehr \u00fcber dein eigene Stottern und das anderern Teilnehmer zu erfahren\u2022 Dich \u00fcber Therapeierfahrungen zu informeiren und auszutauschen\u2022 die Selbsthilfegruppe mit deiner Therapie zu verkn\u00fcpfen und als &hellip; <a href=\"https:\/\/www.hessen-stottern.de\/?page_id=41168\">Weiterlesen <span class=\"meta-nav\">&rarr;<\/span><\/a><\/p>\n","protected":false},"author":6,"featured_media":0,"parent":43109,"menu_order":3,"comment_status":"closed","ping_status":"closed","template":"","meta":{"_price":"","_stock":"","_tribe_ticket_header":"","_tribe_default_ticket_provider":"","_tribe_ticket_capacity":"0","_ticket_start_date":"","_ticket_end_date":"","_tribe_ticket_show_description":"","_tribe_ticket_show_not_going":false,"_tribe_ticket_use_global_stock":"","_tribe_ticket_global_stock_level":"","_global_stock_mode":"","_global_stock_cap":"","_tribe_rsvp_for_event":"","_tribe_ticket_going_count":"","_tribe_ticket_not_going_count":"","_tribe_tickets_list":"[]","_tribe_ticket_has_attendee_info_fields":false,"footnotes":"","_tec_slr_enabled":"","_tec_slr_layout":"","_links_to":"","_links_to_target":""},"class_list":["post-41168","page","type-page","status-publish","hentry"],"aioseo_notices":[],"ticketed":false,"_links":{"self":[{"href":"https:\/\/www.hessen-stottern.de\/index.php?rest_route=\/wp\/v2\/pages\/41168","targetHints":{"allow":["GET"]}}],"collection":[{"href":"https:\/\/www.hessen-stottern.de\/index.php?rest_route=\/wp\/v2\/pages"}],"about":[{"href":"https:\/\/www.hessen-stottern.de\/index.php?rest_route=\/wp\/v2\/types\/page"}],"author":[{"embeddable":true,"href":"https:\/\/www.hessen-stottern.de\/index.php?rest_route=\/wp\/v2\/users\/6"}],"replies":[{"embeddable":true,"href":"https:\/\/www.hessen-stottern.de\/index.php?rest_route=%2Fwp%2Fv2%2Fcomments&post=41168"}],"version-history":[{"count":1,"href":"https:\/\/www.hessen-stottern.de\/index.php?rest_route=\/wp\/v2\/pages\/41168\/revisions"}],"predecessor-version":[{"id":43227,"href":"https:\/\/www.hessen-stottern.de\/index.php?rest_route=\/wp\/v2\/pages\/41168\/revisions\/43227"}],"up":[{"embeddable":true,"href":"https:\/\/www.hessen-stottern.de\/index.php?rest_route=\/wp\/v2\/pages\/43109"}],"wp:attachment":[{"href":"https:\/\/www.hessen-stottern.de\/index.php?rest_route=%2Fwp%2Fv2%2Fmedia&parent=41168"}],"curies":[{"name":"wp","href":"https:\/\/api.w.org\/{rel}","templated":true}]}}