{"id":41204,"date":"2024-08-20T16:30:46","date_gmt":"2024-08-20T14:30:46","guid":{"rendered":"https:\/\/www.hessen-stottern.de\/?page_id=41204"},"modified":"2024-08-20T16:32:35","modified_gmt":"2024-08-20T14:32:35","slug":"pullout-ueben","status":"publish","type":"page","link":"https:\/\/www.hessen-stottern.de\/?page_id=41204","title":{"rendered":"Pullout \u00fcben"},"content":{"rendered":"<div class=\"twoclick_social_bookmarks_post_41204 social_share_privacy clearfix 1.6.4 locale-de_DE sprite-de_DE\"><\/div><div class=\"twoclick-js\"><script type=\"text\/javascript\">\/* <![CDATA[ *\/\njQuery(document).ready(function($){if($('.twoclick_social_bookmarks_post_41204')){$('.twoclick_social_bookmarks_post_41204').socialSharePrivacy({\"services\":{\"facebook\":{\"status\":\"on\",\"txt_info\":\"2 Klicks f\\u00fcr mehr Datenschutz: Erst wenn Sie hier klicken, wird der Button aktiv und Sie k\\u00f6nnen Ihre Empfehlung an Facebook senden. Schon beim Aktivieren werden Daten an Dritte \\u00fcbertragen - siehe <em>i<\\\/em>.\",\"perma_option\":\"off\",\"action\":\"like\",\"language\":\"de_DE\"},\"twitter\":{\"reply_to\":\"\",\"tweet_text\":\"Pullout%20%C3%BCben%20%C2%BB%20Hessen-Stottern.de\",\"status\":\"on\",\"txt_info\":\"2 Klicks f\\u00fcr mehr Datenschutz: Erst wenn Sie hier klicken, wird der Button aktiv und Sie k\\u00f6nnen Ihre Empfehlung an Twitter senden. Schon beim Aktivieren werden Daten an Dritte \\u00fcbertragen - siehe <em>i<\\\/em>.\",\"perma_option\":\"off\",\"language\":\"de\",\"referrer_track\":\"\"}},\"txt_help\":\"Wenn Sie diese Felder durch einen Klick aktivieren, werden Informationen an Facebook, Twitter, Flattr, Xing, t3n, LinkedIn, Pinterest oder Google eventuell ins Ausland \\u00fcbertragen und unter Umst\\u00e4nden auch dort gespeichert. N\\u00e4heres erfahren Sie durch einen Klick auf das <em>i<\\\/em>.\",\"settings_perma\":\"Dauerhaft aktivieren und Daten\\u00fcber-tragung zustimmen:\",\"info_link\":\"http:\\\/\\\/www.heise.de\\\/ct\\\/artikel\\\/2-Klicks-fuer-mehr-Datenschutz-1333879.html\",\"uri\":\"https:\\\/\\\/www.hessen-stottern.de\\\/?page_id=41204\",\"post_id\":41204,\"post_title_referrer_track\":\"Pullout+%C3%BCben\",\"display_infobox\":\"on\"});}});\n\/* ]]> *\/<\/script><\/div>\n<p>Der Pullout geh\u00f6rt zum sogenannten N<em>on<\/em>-A<em>voidance<\/em>-Ansatz des Nichtvermeidungsansatzes das Charles Van Riper Therapie in den Mitten des letzten Jahrhunderts pr\u00e4gte..Hierbei wird in der letzten Stufe das herausziehen einer bevorstehnenden Stotterblockade wenige Sekunden vorher erkannt und in einem kurzen beabsichtigten therapeutischen Mann\u00f6ver das gestotterte Wort in eine glatte, zeitlich begrenzt und verlandamten Sprechweise in den bereits aktiven Sprechablauf eingegriffen und korrigiert, bevor wieder in das nat\u00fcrliche Sprechen \u00fcbergangen wird.Zu Beginn jeder Van Riper Therapie starten die Klienten mit der Idenfitikationsphase und einer Desensilbisierung in der das Stottern offen gezeigt und nicht l\u00e4nger versteckt wird.Dabei sollen sogar die vorhandenen Blockaden oder per Pseudostottern in zum Beispiel der Fu\u00dfg\u00e4ngerzonen der Stadt den Passanten hautnah prsentiert werden um so die Angst vor Ablehnung, Diskirminierung zu verlieren und ein realsitisches Bild von den Reaktionen der Pasanten auf den Stotternden selbst verdeutlicht werden.<\/p>\n<p>Um den Pullout\u00a0 einzu\u00fcben wird h\u00e4ufig zun\u00e4chst eine sogenanntes Zeitlupensprechen und sp\u00e4ter eine Nachbesserung eintraniert um so die Fertigkeiten f\u00fcr den Pullout zu legen.<\/p>\n<p>Der Pullout ist nat\u00fcrlich nur eine von vielen M\u00f6glichkeiten um so Sprechsicherheit, Selbstsicherheit und Selbstvertrauen mit neuer Sprechfreude zu elangen.<\/p>\n<p>Den Puliout kannst du zun\u00e4chst im gesch\u00fctzen Raum einer Stotterer Selbsthilfegruppe mit anderen Gruppenteilnehmern ein\u00fcben oder Du starest mit einem anderen Teilnehmer aus deiner Therapiegruppe einen In-Vivo-Trianing Tag bei dir um die Ecke.<\/p>\n<p>\u00a0<\/p>\n<p>Als Literaturempfehlung:<br \/>Die Behandlung des Stotterns, ISBN: 9783921897027<br \/>Tipp: Oft kannst du das Buch auch in einer \u00f6rtlichen Stotterer Selbsthilfegruppe kostenlos ausleihen.<\/p>\n<p>\u00a0<\/p>\n<p>\u00a0<\/p>\n","protected":false},"excerpt":{"rendered":"<p>Der Pullout geh\u00f6rt zum sogenannten Non-Avoidance-Ansatz des Nichtvermeidungsansatzes das Charles Van Riper Therapie in den Mitten des letzten Jahrhunderts pr\u00e4gte..Hierbei wird in der letzten Stufe das herausziehen einer bevorstehnenden Stotterblockade wenige Sekunden vorher erkannt und in einem kurzen beabsichtigten therapeutischen &hellip; <a href=\"https:\/\/www.hessen-stottern.de\/?page_id=41204\">Weiterlesen <span class=\"meta-nav\">&rarr;<\/span><\/a><\/p>\n","protected":false},"author":6,"featured_media":0,"parent":43233,"menu_order":0,"comment_status":"closed","ping_status":"closed","template":"","meta":{"_price":"","_stock":"","_tribe_ticket_header":"","_tribe_default_ticket_provider":"","_tribe_ticket_capacity":"0","_ticket_start_date":"","_ticket_end_date":"","_tribe_ticket_show_description":"","_tribe_ticket_show_not_going":false,"_tribe_ticket_use_global_stock":"","_tribe_ticket_global_stock_level":"","_global_stock_mode":"","_global_stock_cap":"","_tribe_rsvp_for_event":"","_tribe_ticket_going_count":"","_tribe_ticket_not_going_count":"","_tribe_tickets_list":"[]","_tribe_ticket_has_attendee_info_fields":false,"footnotes":"","_tec_slr_enabled":"","_tec_slr_layout":"","_links_to":"","_links_to_target":""},"class_list":["post-41204","page","type-page","status-publish","hentry"],"aioseo_notices":[],"ticketed":false,"_links":{"self":[{"href":"https:\/\/www.hessen-stottern.de\/index.php?rest_route=\/wp\/v2\/pages\/41204","targetHints":{"allow":["GET"]}}],"collection":[{"href":"https:\/\/www.hessen-stottern.de\/index.php?rest_route=\/wp\/v2\/pages"}],"about":[{"href":"https:\/\/www.hessen-stottern.de\/index.php?rest_route=\/wp\/v2\/types\/page"}],"author":[{"embeddable":true,"href":"https:\/\/www.hessen-stottern.de\/index.php?rest_route=\/wp\/v2\/users\/6"}],"replies":[{"embeddable":true,"href":"https:\/\/www.hessen-stottern.de\/index.php?rest_route=%2Fwp%2Fv2%2Fcomments&post=41204"}],"version-history":[{"count":1,"href":"https:\/\/www.hessen-stottern.de\/index.php?rest_route=\/wp\/v2\/pages\/41204\/revisions"}],"predecessor-version":[{"id":43236,"href":"https:\/\/www.hessen-stottern.de\/index.php?rest_route=\/wp\/v2\/pages\/41204\/revisions\/43236"}],"up":[{"embeddable":true,"href":"https:\/\/www.hessen-stottern.de\/index.php?rest_route=\/wp\/v2\/pages\/43233"}],"wp:attachment":[{"href":"https:\/\/www.hessen-stottern.de\/index.php?rest_route=%2Fwp%2Fv2%2Fmedia&parent=41204"}],"curies":[{"name":"wp","href":"https:\/\/api.w.org\/{rel}","templated":true}]}}