{"id":41245,"date":"2024-12-13T09:10:00","date_gmt":"2024-12-13T08:10:00","guid":{"rendered":"https:\/\/www.hessen-stottern.de\/?page_id=41245"},"modified":"2024-12-13T09:11:41","modified_gmt":"2024-12-13T08:11:41","slug":"gruppenabend-gestalten","status":"publish","type":"page","link":"https:\/\/www.hessen-stottern.de\/?page_id=41245","title":{"rendered":"Gruppenabend gestalten"},"content":{"rendered":"<div class=\"twoclick_social_bookmarks_post_41245 social_share_privacy clearfix 1.6.4 locale-de_DE sprite-de_DE\"><\/div><div class=\"twoclick-js\"><script type=\"text\/javascript\">\/* <![CDATA[ *\/\njQuery(document).ready(function($){if($('.twoclick_social_bookmarks_post_41245')){$('.twoclick_social_bookmarks_post_41245').socialSharePrivacy({\"services\":{\"facebook\":{\"status\":\"on\",\"txt_info\":\"2 Klicks f\\u00fcr mehr Datenschutz: Erst wenn Sie hier klicken, wird der Button aktiv und Sie k\\u00f6nnen Ihre Empfehlung an Facebook senden. Schon beim Aktivieren werden Daten an Dritte \\u00fcbertragen - siehe <em>i<\\\/em>.\",\"perma_option\":\"off\",\"action\":\"like\",\"language\":\"de_DE\"},\"twitter\":{\"reply_to\":\"\",\"tweet_text\":\"Gruppenabend%20gestalten%20%C2%BB%20Hessen-Stottern.de\",\"status\":\"on\",\"txt_info\":\"2 Klicks f\\u00fcr mehr Datenschutz: Erst wenn Sie hier klicken, wird der Button aktiv und Sie k\\u00f6nnen Ihre Empfehlung an Twitter senden. Schon beim Aktivieren werden Daten an Dritte \\u00fcbertragen - siehe <em>i<\\\/em>.\",\"perma_option\":\"off\",\"language\":\"de\",\"referrer_track\":\"\"}},\"txt_help\":\"Wenn Sie diese Felder durch einen Klick aktivieren, werden Informationen an Facebook, Twitter, Flattr, Xing, t3n, LinkedIn, Pinterest oder Google eventuell ins Ausland \\u00fcbertragen und unter Umst\\u00e4nden auch dort gespeichert. N\\u00e4heres erfahren Sie durch einen Klick auf das <em>i<\\\/em>.\",\"settings_perma\":\"Dauerhaft aktivieren und Daten\\u00fcber-tragung zustimmen:\",\"info_link\":\"http:\\\/\\\/www.heise.de\\\/ct\\\/artikel\\\/2-Klicks-fuer-mehr-Datenschutz-1333879.html\",\"uri\":\"https:\\\/\\\/www.hessen-stottern.de\\\/?page_id=41245\",\"post_id\":41245,\"post_title_referrer_track\":\"Gruppenabend+gestalten\",\"display_infobox\":\"on\"});}});\n\/* ]]> *\/<\/script><\/div>\n<p><strong>EINE WEITERE M\u00d6GLICHKIT DEIN STOTTERN POSITIV ZU VER\u00c4NDERN<\/strong><br \/><br \/><strong>I<\/strong>n einer Stotterer Selbsthilfegruppe hast Du die M\u00f6glichkeit an einem <a href=\"https:\/\/www.hessen-stottern.de\/?page_id=41168\">Gruppenabend teilzunehmen<\/a> oder diesen auch selbstst\u00e4ndig zu gestalten.<\/p>\n<p><strong>Voraussetzungen:<\/strong><br \/>Um einen ersten Gruppenabend selbstst\u00e4ndig gestalten zu k\u00f6nnen und diesen mit Inhalten zu f\u00fcllen ist es ratsam eine gewisse Zeit als Teilnehmer an einem Gruppenabend teilgenommen zu haben um so die Teilnehmer als auch die Inhalte und Vorlieben der Gruppe kennenzulernen.<\/p>\n<p><strong>Vorteile f\u00fcr Dich:<\/strong><br \/>Mit der \u00dcbernahme der Gestaltung eines Gruppenabends hast Du die M\u00f6glichkeit deine eigenen kommunikativen F\u00e4higkeiten und dein bereits erworbene Wissen sowie Ideen in einen Gruppenabend mit einzubringen. Du wirst dich mit den Inhalten vorher auseinander setzen und ihre Vor- und Nachteile abwegen, den gesamten Ablauf im Kopf und vieleicht sogar praktisch im kleinen Rahmen eines Warmups ausprobieren und die notwendigen Utensilien daf\u00fcr organiseren. Du wirst an dem Tag im Rampenlicht deiner eigenen Gruppe stehen in der sich dein Redeanteil gegen\u00fcber den anderen Teilnehmern stark erh\u00f6ht. Das ist bestimmt f\u00fcr Dich auffrengend und eine ganz neue Erfahrung. Bevor es so richtig los geht wirst du die Gruppe \u00fcber deinen bevorstehenden Gruppenabend zeitlich und auch ihaltlich informieren und evtl. mit dem einen oder anderen \u00fcber die Erfahtungen\u00a0 des allerersten selbst-organisierten Gruppenabend diskutieren und dir den einen oder anderen guten Tipp einholen. Vielleicht steht dein Name sogar in einem Programmheft oder Artikel einer Tageszeitung in der f\u00fcr deinen besonderen Gruppenabend geworben wird. Dies ist eine gute M\u00f6glichkeit sich mit deinem eigenen Stottern zu identizifieren und <em>zu desensibilieiren.<\/em> Es st\u00e4rkt dein Selbstvertrauen und deine eigenen Handlungsoptionen in Zukunft nicht nur auf das Stottern !<\/p>\n<p><strong>Vorteile f\u00fcr die Gruppe:<\/strong><br \/>Mit deiner Bereitschaft einen Gruppenabend inhaltich zu gestalten \u00fcbernimmst Du Verantwortung f\u00fcr deine gesamte Gruppe und auch wenn dies vorest nur f\u00fcr einen einzigen Tag ist und nur f\u00fcr eine Zeit von ca. 90 Minuten.. Mit der \u00dcbernahme entlastet du einerseits die Engagierten die sonst regelm\u00e4ssig den Gruppenabend organiseren und gestalten und bringst mit deinem Engaement neuen Wind in deine Gruppe, Du st\u00e4krst den Zusammenhalt der Grupppe und gibst anderen vieleicht noch sch\u00fcchtereren Teilnehmer die Hoffnung selbst auch einmal einen eigenen Gruppenabend wie Du in Zukunft einmal selbst gestalten zu k\u00f6nnen Noch etwas vom Stottern gehemmtere Teilnehmer werden sich vielleicht an dir ein Beispiel nehmen und sich als ihr pers\u00f6nliches Vorbild sehen und ggf. auch einen eigenen Gruppenabend gestalten wollen. Dabei bist du mit deinen k\u00fcrzlich selbst erwrorben Sprung ins kalte Wasser ein sehr guter Gespr\u00e4chspartner und Weichensteller der aus der fr\u00fcheren \u00fcbergro\u00dfen Sprechangst dir zeigen kann was in Zukunft auch f\u00fcr Dich alles m\u00f6glich ist.<\/p>\n","protected":false},"excerpt":{"rendered":"<p>EINE WEITERE M\u00d6GLICHKIT DEIN STOTTERN POSITIV ZU VER\u00c4NDERN In einer Stotterer Selbsthilfegruppe hast Du die M\u00f6glichkeit an einem Gruppenabend teilzunehmen oder diesen auch selbstst\u00e4ndig zu gestalten. Voraussetzungen:Um einen ersten Gruppenabend selbstst\u00e4ndig gestalten zu k\u00f6nnen und diesen mit Inhalten zu f\u00fcllen &hellip; <a href=\"https:\/\/www.hessen-stottern.de\/?page_id=41245\">Weiterlesen <span class=\"meta-nav\">&rarr;<\/span><\/a><\/p>\n","protected":false},"author":6,"featured_media":0,"parent":43109,"menu_order":4,"comment_status":"closed","ping_status":"closed","template":"","meta":{"_price":"","_stock":"","_tribe_ticket_header":"","_tribe_default_ticket_provider":"","_tribe_ticket_capacity":"0","_ticket_start_date":"","_ticket_end_date":"","_tribe_ticket_show_description":"","_tribe_ticket_show_not_going":false,"_tribe_ticket_use_global_stock":"","_tribe_ticket_global_stock_level":"","_global_stock_mode":"","_global_stock_cap":"","_tribe_rsvp_for_event":"","_tribe_ticket_going_count":"","_tribe_ticket_not_going_count":"","_tribe_tickets_list":"[]","_tribe_ticket_has_attendee_info_fields":false,"footnotes":"","_tec_slr_enabled":"","_tec_slr_layout":"","_links_to":"","_links_to_target":""},"class_list":["post-41245","page","type-page","status-publish","hentry"],"aioseo_notices":[],"ticketed":false,"_links":{"self":[{"href":"https:\/\/www.hessen-stottern.de\/index.php?rest_route=\/wp\/v2\/pages\/41245","targetHints":{"allow":["GET"]}}],"collection":[{"href":"https:\/\/www.hessen-stottern.de\/index.php?rest_route=\/wp\/v2\/pages"}],"about":[{"href":"https:\/\/www.hessen-stottern.de\/index.php?rest_route=\/wp\/v2\/types\/page"}],"author":[{"embeddable":true,"href":"https:\/\/www.hessen-stottern.de\/index.php?rest_route=\/wp\/v2\/users\/6"}],"replies":[{"embeddable":true,"href":"https:\/\/www.hessen-stottern.de\/index.php?rest_route=%2Fwp%2Fv2%2Fcomments&post=41245"}],"version-history":[{"count":3,"href":"https:\/\/www.hessen-stottern.de\/index.php?rest_route=\/wp\/v2\/pages\/41245\/revisions"}],"predecessor-version":[{"id":43225,"href":"https:\/\/www.hessen-stottern.de\/index.php?rest_route=\/wp\/v2\/pages\/41245\/revisions\/43225"}],"up":[{"embeddable":true,"href":"https:\/\/www.hessen-stottern.de\/index.php?rest_route=\/wp\/v2\/pages\/43109"}],"wp:attachment":[{"href":"https:\/\/www.hessen-stottern.de\/index.php?rest_route=%2Fwp%2Fv2%2Fmedia&parent=41245"}],"curies":[{"name":"wp","href":"https:\/\/api.w.org\/{rel}","templated":true}]}}