{"id":41289,"date":"2023-09-13T08:55:17","date_gmt":"2023-09-13T06:55:17","guid":{"rendered":"https:\/\/www.hessen-stottern.de\/?page_id=41289"},"modified":"2023-09-13T08:54:10","modified_gmt":"2023-09-13T06:54:10","slug":"outing","status":"publish","type":"page","link":"https:\/\/www.hessen-stottern.de\/?page_id=41289","title":{"rendered":"Outing"},"content":{"rendered":"<div class=\"twoclick_social_bookmarks_post_41289 social_share_privacy clearfix 1.6.4 locale-de_DE sprite-de_DE\"><\/div><div class=\"twoclick-js\"><script type=\"text\/javascript\">\/* <![CDATA[ *\/\njQuery(document).ready(function($){if($('.twoclick_social_bookmarks_post_41289')){$('.twoclick_social_bookmarks_post_41289').socialSharePrivacy({\"services\":{\"facebook\":{\"status\":\"on\",\"txt_info\":\"2 Klicks f\\u00fcr mehr Datenschutz: Erst wenn Sie hier klicken, wird der Button aktiv und Sie k\\u00f6nnen Ihre Empfehlung an Facebook senden. Schon beim Aktivieren werden Daten an Dritte \\u00fcbertragen - siehe <em>i<\\\/em>.\",\"perma_option\":\"off\",\"action\":\"like\",\"language\":\"de_DE\"},\"twitter\":{\"reply_to\":\"\",\"tweet_text\":\"Outing%20%C2%BB%20Hessen-Stottern.de\",\"status\":\"on\",\"txt_info\":\"2 Klicks f\\u00fcr mehr Datenschutz: Erst wenn Sie hier klicken, wird der Button aktiv und Sie k\\u00f6nnen Ihre Empfehlung an Twitter senden. Schon beim Aktivieren werden Daten an Dritte \\u00fcbertragen - siehe <em>i<\\\/em>.\",\"perma_option\":\"off\",\"language\":\"de\",\"referrer_track\":\"\"}},\"txt_help\":\"Wenn Sie diese Felder durch einen Klick aktivieren, werden Informationen an Facebook, Twitter, Flattr, Xing, t3n, LinkedIn, Pinterest oder Google eventuell ins Ausland \\u00fcbertragen und unter Umst\\u00e4nden auch dort gespeichert. N\\u00e4heres erfahren Sie durch einen Klick auf das <em>i<\\\/em>.\",\"settings_perma\":\"Dauerhaft aktivieren und Daten\\u00fcber-tragung zustimmen:\",\"info_link\":\"http:\\\/\\\/www.heise.de\\\/ct\\\/artikel\\\/2-Klicks-fuer-mehr-Datenschutz-1333879.html\",\"uri\":\"https:\\\/\\\/www.hessen-stottern.de\\\/?page_id=41289\",\"post_id\":41289,\"post_title_referrer_track\":\"Outing\",\"display_infobox\":\"on\"});}});\n\/* ]]> *\/<\/script><\/div>\n<p>Ein schwieriges Kapitel ist das Thema Outing da es einige Stotternde f\u00fcr Unverzichtbar und andere f\u00fcr nicht Notwendig oder gar \u00dcberfl\u00fcssig halten. Ich pers\u00f6nlich geh\u00f6re zu den Menschen die eine unheimliche St\u00e4rke aus dem Outing gezogen hat. Doch ein Coming Out des Stotterns ist nicht von 0 auf 100 m\u00f6glich und braucht \u00dcbung und eine Vorbereitungen.<\/p>\n<p>Doch wieso sollte man sich \u00fcberhaupt als Stotternder outen? Ich habe selbst <span style=\"color: #ff6600;\">16 Jahre in vollst\u00e4ndiger Isolation gelebt<\/span> und das Versteckspiel mit meinem Stottern schon nahezu perfektioniert.Doch im Grunde wussten die meisten Menschen das ich stottere und das ein Problem habe doch fast niemand sprach das Thema an.<\/p>\n<p>Gloria Gaynor schrieb in ihrem Lied: I&#8217;m what i am \u00fcbersetzt auf Deutsch:<\/p>\n<p>\u00bb Es ist meine Welt<br \/>auf die ich stolz sein m\u00f6chte<br \/>Meine Welt und es ist nicht ein Platz andem ich mich verstecken muss<br \/>das Leben ist nichts wert<br \/>Bis du sagen kannst<br \/>Ich bin, was ich bin\u00ab<br \/><br \/>Es geht beim Outing nur darum Frei mit dem deinem eigenen Stottern leben zu k\u00f6nnen ohne sich daf\u00fcr verstecken oder sch\u00e4men zu m\u00fcssen. Jede Sekunde die Angst im Nacken sp\u00fcren zu m\u00fcssen pl\u00f6tzlich als Stotternder enttanrt zu werden ist kein Leben sondern ein Spie\u00dfroutenlauf wo nur die Angst das Leben beherrscht.<br \/><br \/>Aber wie kann ich mich outen\u00a0 bzw. mich auf mein Coming out vorbereiten?<\/p>\n<p>Es gibt bekanntlich viele Wege die nach Rom f\u00fchren:<br \/>\u2500 Setzt dich gedanklich mit deinem Stottern auseinander \u2500 beginne Tagebuch zu schreiben<br \/>\u2500 <a href=\"https:\/\/www.hessen-stottern.de\/?page_id=41168\">Besuch einer Stotterer Selbsthilfegruppe<\/a><br \/>\u2500 <a href=\"https:\/\/www.hessen-stottern.de\/?page_id=41208\">Starte eine seri\u00f6se Stottertherapie<\/a><br \/>\u2500 Mitgliedschaft im Landesverband Hessen der Stotterer Selbsthilfe e.V.<br \/>\u2500 Literatur lesen zum Thema Stottern z.b. An einen Stotterer<br \/>\u2500 lerne andere Stotternde Menschen \u2500 das ist auch ganz ohne Selbsthilfegruppe m\u00f6glich<br \/>\u2500 starte die Outing-<em>Pyramide<\/em> in dem Du Schritt f\u00fcr Schritt vorgehst<br \/>\u2500 Schreib ein Outing-Brief oder eine Outing-Whatspp <br \/>\u2500 Setze dich mit den Biografien ber\u00fchmter stotternder Menschen auseinander<br \/>\u2500 Starte ein\u00a0 <a href=\"https:\/\/www.hessen-stottern.de\/?page_id=41233\">In-Vivo-Arbeit Training<\/a><\/p>\n<p>Deine Vorteile nach dem Stotter-Comingout<br \/>\u2500 Keine Ausreden mehr<br \/>\u2500 Einfach drauf los sprechen k\u00f6nnen auch wenn es beim sprechen mal hakt \u2500 so what !<br \/>\u2500 Keine No-Go Areal mehr absofort kannst du an jeden Ort gehen und an allem teilnehmen<br \/>\u2500 Sorgenfrei schlafen und ganz ohne Albtr\u00e4ume<br \/>\u2500 Du kannst zu dir stehen wie Du bist &#8230; auch mit Stottern bist du ein gro\u00dfartiger Mensch<br \/>\u2500 Du bist Vorbild f\u00fcr andere Betroffene<\/p>\n<p>Bleib am Ball und ich w\u00fcnsche dir pers\u00f6nlich f\u00fcr diesen schwierigen Weg des Outings nur das allerbeste\u00a0 Joachim Haas\u00a0 Ps: Heute kann ich mit stolz sagen <span style=\"color: #ff6600;\">\u00bb<em>Ich stottere na und &#8230; !!!<\/em>\u00ab<\/span><\/p>\n<p>\u2022 12 Schritte der Anonymen Alkoholker (<a href=\"https:\/\/www.anonyme-alkoholiker.de\/downloads\/Zw\u00f6lf-Schritte.pdf\" target=\"_blank\" rel=\"noopener\">&lt;&gt;<\/a>) f\u00fcr Stotterer (<a href=\"https:\/\/www.hessen-stottern.de\/?page_id=24292\" target=\"_blank\" rel=\"noopener\">&lt;&gt;<\/a>)<br \/>\u2022 Ich bin was ich bin (<a href=\"https:\/\/www.youtube.com\/watch?v=rHq3PGLCJcE\" target=\"_blank\" rel=\"noopener\">&lt;&gt;<\/a>)<br \/>\u2022 Wenn ein Mann einen Mann liebt (<a href=\"https:\/\/www.youtube.com\/watch?v=o_AqDDqJyOY\" target=\"_blank\" rel=\"noopener\">&lt;&gt;<\/a>)<\/p>\n","protected":false},"excerpt":{"rendered":"<p>Ein schwieriges Kapitel ist das Thema Outing da es einige Stotternde f\u00fcr Unverzichtbar und andere f\u00fcr nicht Notwendig oder gar \u00dcberfl\u00fcssig halten. Ich pers\u00f6nlich geh\u00f6re zu den Menschen die eine unheimliche St\u00e4rke aus dem Outing gezogen hat. Doch ein Coming &hellip; <a href=\"https:\/\/www.hessen-stottern.de\/?page_id=41289\">Weiterlesen <span class=\"meta-nav\">&rarr;<\/span><\/a><\/p>\n","protected":false},"author":6,"featured_media":0,"parent":39217,"menu_order":0,"comment_status":"closed","ping_status":"closed","template":"","meta":{"_price":"","_stock":"","_tribe_ticket_header":"","_tribe_default_ticket_provider":"","_tribe_ticket_capacity":"0","_ticket_start_date":"","_ticket_end_date":"","_tribe_ticket_show_description":"","_tribe_ticket_show_not_going":false,"_tribe_ticket_use_global_stock":"","_tribe_ticket_global_stock_level":"","_global_stock_mode":"","_global_stock_cap":"","_tribe_rsvp_for_event":"","_tribe_ticket_going_count":"","_tribe_ticket_not_going_count":"","_tribe_tickets_list":"[]","_tribe_ticket_has_attendee_info_fields":false,"footnotes":"","_tec_slr_enabled":"","_tec_slr_layout":"","_links_to":"","_links_to_target":""},"class_list":["post-41289","page","type-page","status-publish","hentry"],"aioseo_notices":[],"ticketed":false,"_links":{"self":[{"href":"https:\/\/www.hessen-stottern.de\/index.php?rest_route=\/wp\/v2\/pages\/41289","targetHints":{"allow":["GET"]}}],"collection":[{"href":"https:\/\/www.hessen-stottern.de\/index.php?rest_route=\/wp\/v2\/pages"}],"about":[{"href":"https:\/\/www.hessen-stottern.de\/index.php?rest_route=\/wp\/v2\/types\/page"}],"author":[{"embeddable":true,"href":"https:\/\/www.hessen-stottern.de\/index.php?rest_route=\/wp\/v2\/users\/6"}],"replies":[{"embeddable":true,"href":"https:\/\/www.hessen-stottern.de\/index.php?rest_route=%2Fwp%2Fv2%2Fcomments&post=41289"}],"version-history":[{"count":0,"href":"https:\/\/www.hessen-stottern.de\/index.php?rest_route=\/wp\/v2\/pages\/41289\/revisions"}],"up":[{"embeddable":true,"href":"https:\/\/www.hessen-stottern.de\/index.php?rest_route=\/wp\/v2\/pages\/39217"}],"wp:attachment":[{"href":"https:\/\/www.hessen-stottern.de\/index.php?rest_route=%2Fwp%2Fv2%2Fmedia&parent=41289"}],"curies":[{"name":"wp","href":"https:\/\/api.w.org\/{rel}","templated":true}]}}