{"id":42970,"date":"2024-12-14T10:40:12","date_gmt":"2024-12-14T09:40:12","guid":{"rendered":"https:\/\/www.hessen-stottern.de\/?page_id=42970"},"modified":"2024-12-14T10:39:54","modified_gmt":"2024-12-14T09:39:54","slug":"am-ball-bleiben","status":"publish","type":"page","link":"https:\/\/www.hessen-stottern.de\/?page_id=42970","title":{"rendered":"Am Ball bleiben"},"content":{"rendered":"<div class=\"twoclick_social_bookmarks_post_42970 social_share_privacy clearfix 1.6.4 locale-de_DE sprite-de_DE\"><\/div><div class=\"twoclick-js\"><script type=\"text\/javascript\">\/* <![CDATA[ *\/\njQuery(document).ready(function($){if($('.twoclick_social_bookmarks_post_42970')){$('.twoclick_social_bookmarks_post_42970').socialSharePrivacy({\"services\":{\"facebook\":{\"status\":\"on\",\"txt_info\":\"2 Klicks f\\u00fcr mehr Datenschutz: Erst wenn Sie hier klicken, wird der Button aktiv und Sie k\\u00f6nnen Ihre Empfehlung an Facebook senden. Schon beim Aktivieren werden Daten an Dritte \\u00fcbertragen - siehe <em>i<\\\/em>.\",\"perma_option\":\"off\",\"action\":\"like\",\"language\":\"de_DE\"},\"twitter\":{\"reply_to\":\"\",\"tweet_text\":\"Am%20Ball%20bleiben%20%C2%BB%20Hessen-Stottern.de\",\"status\":\"on\",\"txt_info\":\"2 Klicks f\\u00fcr mehr Datenschutz: Erst wenn Sie hier klicken, wird der Button aktiv und Sie k\\u00f6nnen Ihre Empfehlung an Twitter senden. Schon beim Aktivieren werden Daten an Dritte \\u00fcbertragen - siehe <em>i<\\\/em>.\",\"perma_option\":\"off\",\"language\":\"de\",\"referrer_track\":\"\"}},\"txt_help\":\"Wenn Sie diese Felder durch einen Klick aktivieren, werden Informationen an Facebook, Twitter, Flattr, Xing, t3n, LinkedIn, Pinterest oder Google eventuell ins Ausland \\u00fcbertragen und unter Umst\\u00e4nden auch dort gespeichert. N\\u00e4heres erfahren Sie durch einen Klick auf das <em>i<\\\/em>.\",\"settings_perma\":\"Dauerhaft aktivieren und Daten\\u00fcber-tragung zustimmen:\",\"info_link\":\"http:\\\/\\\/www.heise.de\\\/ct\\\/artikel\\\/2-Klicks-fuer-mehr-Datenschutz-1333879.html\",\"uri\":\"https:\\\/\\\/www.hessen-stottern.de\\\/?page_id=42970\",\"post_id\":42970,\"post_title_referrer_track\":\"Am+Ball+bleiben\",\"display_infobox\":\"on\"});}});\n\/* ]]> *\/<\/script><\/div>\n\n\n<p>Auch wenn Du als Stotterer bereits deine eigenen Probleme mit dem Stottern insbeondere mit deiner Sprechangst gut in den Griff bekommen hast, lohnt es sich sprichw\u00f6rtlich<strong> am Ball zu bleiben.<\/strong><br \/><br \/>Du befindest dich wohl m\u00f6glich in der gl\u00fccklichen Lage unabh\u00e4ngig von deiner eigenen Sprechbehinderung auf das Thema Stottern zu zugehen.Fast m\u00fchlelos (bis auf kleine Ausnahmen von kleinen Stolpersteinen die souver\u00e4n wegsteckst) kannst Du das Wort ergreifen und f\u00fcr deine Meinung einstehen und wenn es n\u00f6tig ist Partei f\u00fcr Schw\u00e4chere ergreifen. Nutze dies den Du hilfst nicht nur Anderen Betroffenen sondern auch dir selbst, da du auf einer viel h\u00f6heren Ebene agierst und n\u00fctzliche Netzwerke bilden kannst. Anleiten, F\u00fchren, Begleiten von anderen Mitbetroffnen ist ein Mangment das es dir erlaubt als eine Art <strong>Souffleur\/Souffleuse <\/strong>t\u00e4tig zu werden<strong>. <\/strong><br \/><br \/>Ein Souffleur (Zufl\u00fcsterer) unterst\u00fctzt im Theater unauff\u00e4llig die Darsteller, vor, w\u00e4hrend und nach dem B\u00fchnenauftritt und sorgt dabei immer f\u00fcr einen reibungslosen Ablauf.<br \/><br \/>So kann es dir gelingen wertvolle Kompetenzen und F\u00e4higkeiten zu erlangen die weit \u00fcber die Problematik und Thematik des Stotterns hinausgehen und Dich zu einem authentischen Vorbild und ein echter Experte in eigener Sache. Und vielleicht gelingt es dir pers\u00f6nlich Dinge aufzuarbeiten die bislang wegen deinem starken Stottern \u00fcber Jahre liegen geblieben sind oder noch nicht ausreichend bearbeitet wurden \u2500 sich auch diesen zu widmen.<br \/><br \/>Das k\u00f6nnte zum Beispiel sein in den Bereichen<br \/>\u2022 Ehrenamtliches Engagement (Stotterer Selbsthilfegruppe, Landesverband)<br \/>\u2022 Entwicklung von Konzepte und Programme f\u00fcr Stotternde<br \/>\u2022 \u00d6ffentlichkeitsarbeit &amp; Aufkl\u00e4rungsarbeit<br \/>\u2022 Toastmasters \u2500 rhetorischer Redemeister<br \/>\u2022 politisches Engagement (Behindertenbeauftragter)<br \/>\u2022 das eigene Suchtverhalten\/Sozialverhalten ver\u00e4ndern<br \/>\u2022\u00a0 Fachausbildung im Bereich Logop\u00e4die, Verhaltens- und Psychotherapie, Soziale Arbeit<br \/>\u2022 sportliche Ambitionen<br \/>\u2022 famil\u00e4re Planungen<br \/>\u2022 Fremdsprachen<\/p>\n","protected":false},"excerpt":{"rendered":"<p>Auch wenn Du als Stotterer bereits deine eigenen Probleme mit dem Stottern insbeondere mit deiner Sprechangst gut in den Griff bekommen hast, lohnt es sich sprichw\u00f6rtlich am Ball zu bleiben. Du befindest dich wohl m\u00f6glich in der gl\u00fccklichen Lage unabh\u00e4ngig &hellip; <a href=\"https:\/\/www.hessen-stottern.de\/?page_id=42970\">Weiterlesen <span class=\"meta-nav\">&rarr;<\/span><\/a><\/p>\n","protected":false},"author":6,"featured_media":0,"parent":43228,"menu_order":0,"comment_status":"closed","ping_status":"closed","template":"","meta":{"_price":"","_stock":"","_tribe_ticket_header":"","_tribe_default_ticket_provider":"","_tribe_ticket_capacity":"0","_ticket_start_date":"","_ticket_end_date":"","_tribe_ticket_show_description":"","_tribe_ticket_show_not_going":false,"_tribe_ticket_use_global_stock":"","_tribe_ticket_global_stock_level":"","_global_stock_mode":"","_global_stock_cap":"","_tribe_rsvp_for_event":"","_tribe_ticket_going_count":"","_tribe_ticket_not_going_count":"","_tribe_tickets_list":"[]","_tribe_ticket_has_attendee_info_fields":false,"footnotes":"","_tec_slr_enabled":"","_tec_slr_layout":"","_links_to":"","_links_to_target":""},"class_list":["post-42970","page","type-page","status-publish","hentry"],"aioseo_notices":[],"ticketed":false,"_links":{"self":[{"href":"https:\/\/www.hessen-stottern.de\/index.php?rest_route=\/wp\/v2\/pages\/42970","targetHints":{"allow":["GET"]}}],"collection":[{"href":"https:\/\/www.hessen-stottern.de\/index.php?rest_route=\/wp\/v2\/pages"}],"about":[{"href":"https:\/\/www.hessen-stottern.de\/index.php?rest_route=\/wp\/v2\/types\/page"}],"author":[{"embeddable":true,"href":"https:\/\/www.hessen-stottern.de\/index.php?rest_route=\/wp\/v2\/users\/6"}],"replies":[{"embeddable":true,"href":"https:\/\/www.hessen-stottern.de\/index.php?rest_route=%2Fwp%2Fv2%2Fcomments&post=42970"}],"version-history":[{"count":24,"href":"https:\/\/www.hessen-stottern.de\/index.php?rest_route=\/wp\/v2\/pages\/42970\/revisions"}],"predecessor-version":[{"id":43035,"href":"https:\/\/www.hessen-stottern.de\/index.php?rest_route=\/wp\/v2\/pages\/42970\/revisions\/43035"}],"up":[{"embeddable":true,"href":"https:\/\/www.hessen-stottern.de\/index.php?rest_route=\/wp\/v2\/pages\/43228"}],"wp:attachment":[{"href":"https:\/\/www.hessen-stottern.de\/index.php?rest_route=%2Fwp%2Fv2%2Fmedia&parent=42970"}],"curies":[{"name":"wp","href":"https:\/\/api.w.org\/{rel}","templated":true}]}}