{"id":43036,"date":"2024-07-20T15:30:03","date_gmt":"2024-07-20T13:30:03","guid":{"rendered":"https:\/\/www.hessen-stottern.de\/?page_id=43036"},"modified":"2024-08-20T15:32:23","modified_gmt":"2024-08-20T13:32:23","slug":"oeffentlichkeitsarbeit","status":"publish","type":"page","link":"https:\/\/www.hessen-stottern.de\/?page_id=43036","title":{"rendered":"\u00d6ffentlichkeitsarbeit"},"content":{"rendered":"<div class=\"twoclick_social_bookmarks_post_43036 social_share_privacy clearfix 1.6.4 locale-de_DE sprite-de_DE\"><\/div><div class=\"twoclick-js\"><script type=\"text\/javascript\">\/* <![CDATA[ *\/\njQuery(document).ready(function($){if($('.twoclick_social_bookmarks_post_43036')){$('.twoclick_social_bookmarks_post_43036').socialSharePrivacy({\"services\":{\"facebook\":{\"status\":\"on\",\"txt_info\":\"2 Klicks f\\u00fcr mehr Datenschutz: Erst wenn Sie hier klicken, wird der Button aktiv und Sie k\\u00f6nnen Ihre Empfehlung an Facebook senden. Schon beim Aktivieren werden Daten an Dritte \\u00fcbertragen - siehe <em>i<\\\/em>.\",\"perma_option\":\"off\",\"action\":\"like\",\"language\":\"de_DE\"},\"twitter\":{\"reply_to\":\"\",\"tweet_text\":\"%C3%96ffentlichkeitsarbeit%20%C2%BB%20Hessen-Stottern.de\",\"status\":\"on\",\"txt_info\":\"2 Klicks f\\u00fcr mehr Datenschutz: Erst wenn Sie hier klicken, wird der Button aktiv und Sie k\\u00f6nnen Ihre Empfehlung an Twitter senden. Schon beim Aktivieren werden Daten an Dritte \\u00fcbertragen - siehe <em>i<\\\/em>.\",\"perma_option\":\"off\",\"language\":\"de\",\"referrer_track\":\"\"}},\"txt_help\":\"Wenn Sie diese Felder durch einen Klick aktivieren, werden Informationen an Facebook, Twitter, Flattr, Xing, t3n, LinkedIn, Pinterest oder Google eventuell ins Ausland \\u00fcbertragen und unter Umst\\u00e4nden auch dort gespeichert. N\\u00e4heres erfahren Sie durch einen Klick auf das <em>i<\\\/em>.\",\"settings_perma\":\"Dauerhaft aktivieren und Daten\\u00fcber-tragung zustimmen:\",\"info_link\":\"http:\\\/\\\/www.heise.de\\\/ct\\\/artikel\\\/2-Klicks-fuer-mehr-Datenschutz-1333879.html\",\"uri\":\"https:\\\/\\\/www.hessen-stottern.de\\\/?page_id=43036\",\"post_id\":43036,\"post_title_referrer_track\":\"%C3%96ffentlichkeitsarbeit\",\"display_infobox\":\"on\"});}});\n\/* ]]> *\/<\/script><\/div>\n<p>In dem Bereich \u00d6ffentlichkeitsarbeit hast Du zahlreiche M\u00f6glichkeiten deinem Stottern pers\u00f6nlich als auch ganz allgemein zu begegnen.<br \/><br \/><em>Ideale Tage sind:<\/em><br \/>\u2022 Welttag des Stotterns (j\u00e4hrlich am 22.Oktober)<br \/>\u2022 Europ\u00e4ischer Tag der Logop\u00e4die (3.M\u00e4rz)<br \/>\u2022 Internationaler Coming-Out-Day (11.Oktober)<br \/>\u2022 Welttag der sozialen Gerechtigkeit (20.Februar)<br \/>\u2022 Europ\u00e4ischer Protesttag zur Gleichstellung von Menschen mit Behinderung (05.Mai)<br \/>\u2022 Internationaler Tag der Menschen mit Behinderung (3.Dezember)<br \/>\u2022 Internationaler Tag des Ehrenamtes (5.Dezember)<br \/><br \/>\u2022 Infostand Stotterer Selbsthilfegruppe\/Landesverband Hessen der Stotterer Selbsthilfe e.V.<br \/>\u2022 Tag der offnen T\u00fcr\/Selbsthilfe<br \/>\u2022 <a title=\"In-Vivo-Training\" href=\"https:\/\/www.hessen-stottern.de\/?page_id=41233\">In-Vivo-Training<\/a> (Selbsterfahrung, St\u00e4rkung gegen negative Faktoren beim Stottern)<br \/>\u2022 Stotterrallye <span class=\"BxUVEf ILfuVd\" lang=\"de\"><span class=\"hgKElc\">(Umfragen) Tausch-Spiel (B\u00fcroklammer) fiktive Stadtf\u00fchrung, Flyer-Verteilung<br \/>\u2022 Flashmob-Aktion<br \/>\u2022 Radio-\/Fernseh,-Zeitungsinterview zum Thema Stottern<br \/>\u2022 Eigene Inhalte zum Stottern in Youtube, Instagram, Twitter, Homepage<br \/>\u2022 Ver\u00f6ffentlich der Autobiografie eines Stotterers<br \/>\u2022 Aushang in der Apothke\/Supermarkt\/Kino mit einem hinaus auf das Stottern<br \/><br \/>Dein Vorteil:<br \/>Mit der \u00f6ffentlichen Auseinandersetzung mit dem Stottern insbesondere mit dem selbstbewussten nach Au\u00dfenstellen des Problems Stotterns und der Benennung des Handikaps Stottern wie z.b. <br \/>\u2022 die Nennung deines Namens und Telefonummer als Ansprechpartner auf Fylern u.\u00e4.<br \/>\u2022 das zeigen der eigenen Kommunikativen Schw\u00e4chen beim Sprechen<br \/>\u2022 das nicht verstecken von Sprechblockaden wenn diese spontan auftreten<br \/>\u2022 das hinter dem Infostand stehen eines Informationsstandes zum Thema Stottern<br \/><br \/>.\u2022 verbessern die Flucht- und Verhaltensmunster bedingten Sprech\u00e4nste positiv<br \/>.\u2022 negative Gedanken\/Sorgen und Sorgen durch das Stottern bedingte Schlafst\u00f6rungen verschwinden<br \/>.\u2022 der Zeitlupensprechen, Nachbesserung der Pullout gelingen leichter<br \/>.\u2022 die lernte Sprechtechnik ist aufgrund der Abnahme des psychischen Drucks leichter durchf\u00fchrbar<\/span><\/span><br \/>\u2022 die Zufriedenheit nimmt zu \/ die Lebensqualit\u00e4t steigt<br \/>\u2022 kein <span class=\"BxUVEf ILfuVd\" lang=\"de\"><span class=\"hgKElc\">Spie\u00dfrutenlauf<\/span><\/span> mehr als Stotternder entarnt\/endeckt zu werden<\/p>\n","protected":false},"excerpt":{"rendered":"<p>In dem Bereich \u00d6ffentlichkeitsarbeit hast Du zahlreiche M\u00f6glichkeiten deinem Stottern pers\u00f6nlich als auch ganz allgemein zu begegnen. Ideale Tage sind:\u2022 Welttag des Stotterns (j\u00e4hrlich am 22.Oktober)\u2022 Europ\u00e4ischer Tag der Logop\u00e4die (3.M\u00e4rz)\u2022 Internationaler Coming-Out-Day (11.Oktober)\u2022 Welttag der sozialen Gerechtigkeit (20.Februar)\u2022 Europ\u00e4ischer &hellip; <a href=\"https:\/\/www.hessen-stottern.de\/?page_id=43036\">Weiterlesen <span class=\"meta-nav\">&rarr;<\/span><\/a><\/p>\n","protected":false},"author":6,"featured_media":0,"parent":39217,"menu_order":0,"comment_status":"closed","ping_status":"closed","template":"","meta":{"_price":"","_stock":"","_tribe_ticket_header":"","_tribe_default_ticket_provider":"","_tribe_ticket_capacity":"0","_ticket_start_date":"","_ticket_end_date":"","_tribe_ticket_show_description":"","_tribe_ticket_show_not_going":false,"_tribe_ticket_use_global_stock":"","_tribe_ticket_global_stock_level":"","_global_stock_mode":"","_global_stock_cap":"","_tribe_rsvp_for_event":"","_tribe_ticket_going_count":"","_tribe_ticket_not_going_count":"","_tribe_tickets_list":"[]","_tribe_ticket_has_attendee_info_fields":false,"footnotes":"","_tec_slr_enabled":"","_tec_slr_layout":"","_links_to":"","_links_to_target":""},"class_list":["post-43036","page","type-page","status-publish","hentry"],"aioseo_notices":[],"ticketed":false,"_links":{"self":[{"href":"https:\/\/www.hessen-stottern.de\/index.php?rest_route=\/wp\/v2\/pages\/43036","targetHints":{"allow":["GET"]}}],"collection":[{"href":"https:\/\/www.hessen-stottern.de\/index.php?rest_route=\/wp\/v2\/pages"}],"about":[{"href":"https:\/\/www.hessen-stottern.de\/index.php?rest_route=\/wp\/v2\/types\/page"}],"author":[{"embeddable":true,"href":"https:\/\/www.hessen-stottern.de\/index.php?rest_route=\/wp\/v2\/users\/6"}],"replies":[{"embeddable":true,"href":"https:\/\/www.hessen-stottern.de\/index.php?rest_route=%2Fwp%2Fv2%2Fcomments&post=43036"}],"version-history":[{"count":9,"href":"https:\/\/www.hessen-stottern.de\/index.php?rest_route=\/wp\/v2\/pages\/43036\/revisions"}],"predecessor-version":[{"id":43050,"href":"https:\/\/www.hessen-stottern.de\/index.php?rest_route=\/wp\/v2\/pages\/43036\/revisions\/43050"}],"up":[{"embeddable":true,"href":"https:\/\/www.hessen-stottern.de\/index.php?rest_route=\/wp\/v2\/pages\/39217"}],"wp:attachment":[{"href":"https:\/\/www.hessen-stottern.de\/index.php?rest_route=%2Fwp%2Fv2%2Fmedia&parent=43036"}],"curies":[{"name":"wp","href":"https:\/\/api.w.org\/{rel}","templated":true}]}}