{"id":44614,"date":"2025-04-11T16:10:14","date_gmt":"2025-04-11T14:10:14","guid":{"rendered":"https:\/\/www.hessen-stottern.de\/?page_id=44614"},"modified":"2025-04-11T16:16:01","modified_gmt":"2025-04-11T14:16:01","slug":"barfussbad","status":"publish","type":"page","link":"https:\/\/www.hessen-stottern.de\/?page_id=44614","title":{"rendered":"Barfu\u00dfpfad"},"content":{"rendered":"<div class=\"twoclick_social_bookmarks_post_44614 social_share_privacy clearfix 1.6.4 locale-de_DE sprite-de_DE\"><\/div><div class=\"twoclick-js\"><script type=\"text\/javascript\">\/* <![CDATA[ *\/\njQuery(document).ready(function($){if($('.twoclick_social_bookmarks_post_44614')){$('.twoclick_social_bookmarks_post_44614').socialSharePrivacy({\"services\":{\"facebook\":{\"status\":\"on\",\"txt_info\":\"2 Klicks f\\u00fcr mehr Datenschutz: Erst wenn Sie hier klicken, wird der Button aktiv und Sie k\\u00f6nnen Ihre Empfehlung an Facebook senden. Schon beim Aktivieren werden Daten an Dritte \\u00fcbertragen - siehe <em>i<\\\/em>.\",\"perma_option\":\"off\",\"action\":\"like\",\"language\":\"de_DE\"},\"twitter\":{\"reply_to\":\"\",\"tweet_text\":\"Barfu%C3%9Fpfad%20%C2%BB%20Hessen-Stottern.de\",\"status\":\"on\",\"txt_info\":\"2 Klicks f\\u00fcr mehr Datenschutz: Erst wenn Sie hier klicken, wird der Button aktiv und Sie k\\u00f6nnen Ihre Empfehlung an Twitter senden. Schon beim Aktivieren werden Daten an Dritte \\u00fcbertragen - siehe <em>i<\\\/em>.\",\"perma_option\":\"off\",\"language\":\"de\",\"referrer_track\":\"\"}},\"txt_help\":\"Wenn Sie diese Felder durch einen Klick aktivieren, werden Informationen an Facebook, Twitter, Flattr, Xing, t3n, LinkedIn, Pinterest oder Google eventuell ins Ausland \\u00fcbertragen und unter Umst\\u00e4nden auch dort gespeichert. N\\u00e4heres erfahren Sie durch einen Klick auf das <em>i<\\\/em>.\",\"settings_perma\":\"Dauerhaft aktivieren und Daten\\u00fcber-tragung zustimmen:\",\"info_link\":\"http:\\\/\\\/www.heise.de\\\/ct\\\/artikel\\\/2-Klicks-fuer-mehr-Datenschutz-1333879.html\",\"uri\":\"https:\\\/\\\/www.hessen-stottern.de\\\/?page_id=44614\",\"post_id\":44614,\"post_title_referrer_track\":\"Barfu%C3%9Fpfad\",\"display_infobox\":\"on\"});}});\n\/* ]]> *\/<\/script><\/div>\n<p><strong>Was hat ein Barfu\u00dfpfad mit dem Stottern zu tun?<br \/><\/strong>Nichts direkt aber indirekt da es um das sp\u00fcren, f\u00fchlen und wahrnehmen des eigenen K\u00f6rpers (Sch\u00e4rfung der Sinne) geht. Und wer seinen K\u00f6rper kennt und auch die feinsten Sinneswahrnehmungen an seinen F\u00fc\u00dfem sp\u00fcren kann, wird auch die sensiblen taktilen Gef\u00fchle f\u00fcr sein Sprechen und sein eigenes Stottern entwickeln um so die sprechmorischen Abl\u00e4ufe besser steuern zu k\u00f6nnen.<strong><br \/><br \/>Was ist ein Barfu\u00dfpfad?<\/strong><br \/>Barfu\u00dfpfade, Barfu\u00dfwege, Barfu\u00dfparks und Barfu\u00dfwanderwege sind k\u00fcnstlich angelegte Fu\u00dfweg um die Sinneseindr\u00fccke ohne Schuhe und Socken erleben zu k\u00f6nnen. Barfu\u00dfpfade sind h\u00e4ufig in mittelgro\u00dfen St\u00e4dten und Gemeinden rund um Kurorte und Naherholungsgebiete sowie wie Parks, Ausflugsorte in anderen Touristischen Freizeitbereichen zu finden. Die angelegten Laufwege sind meist mit unterschiedlichen Naturelementen wie Kieselsteine, unterschiedlich gek\u00f6rnten Sand, Moos, Rindermulch, Pflastersteinen, Wiese, Holzsp\u00e4hne in wechselseitiger Kombination, manchmal auch mit Holzst\u00e4mmen zum balanchieren oder mit Wasserstellen angelegt. <br \/><br \/>Durch die unterschiedlichsten Bodenbelege nimmt der K\u00f6rper unterschiedliche Sinneseindr\u00fccke durch die verschiedenen H\u00e4rtegrade, Standfestigkeit, K\u00e4lte und W\u00e4rmeempfinden war. <br \/><br \/><strong>Vom Barfu\u00dffpfad zum Stottern<\/strong><br \/>Die auch nur kleinsten Ver\u00e4nderungen von z.B. Moos zur Wiesen Untergrund zu sp\u00fcren und feine Senoren in ihrer Struktur und Beschaffenheit ist das was die K\u00f6rperarbeit der Sinne ausmacht und bei einem aufkommenden Stotterblockade zum Beispiel\u00f6 bei der Antwendung des Pullouts (Charles van Riper Therapie) den Unterschied in der Zugriffsgeschwindkeit, Verl\u00e4sslichkeit und letzlich auch in der Zufriedenheit der sprachlichen F\u00e4higkeiten ausmachen kann.<\/p>\n","protected":false},"excerpt":{"rendered":"<p>Was hat ein Barfu\u00dfpfad mit dem Stottern zu tun?Nichts direkt aber indirekt da es um das sp\u00fcren, f\u00fchlen und wahrnehmen des eigenen K\u00f6rpers (Sch\u00e4rfung der Sinne) geht. Und wer seinen K\u00f6rper kennt und auch die feinsten Sinneswahrnehmungen an seinen F\u00fc\u00dfem &hellip; <a href=\"https:\/\/www.hessen-stottern.de\/?page_id=44614\">Weiterlesen <span class=\"meta-nav\">&rarr;<\/span><\/a><\/p>\n","protected":false},"author":6,"featured_media":0,"parent":43231,"menu_order":0,"comment_status":"closed","ping_status":"closed","template":"","meta":{"_price":"","_stock":"","_tribe_ticket_header":"","_tribe_default_ticket_provider":"","_tribe_ticket_capacity":"0","_ticket_start_date":"","_ticket_end_date":"","_tribe_ticket_show_description":"","_tribe_ticket_show_not_going":false,"_tribe_ticket_use_global_stock":"","_tribe_ticket_global_stock_level":"","_global_stock_mode":"","_global_stock_cap":"","_tribe_rsvp_for_event":"","_tribe_ticket_going_count":"","_tribe_ticket_not_going_count":"","_tribe_tickets_list":"[]","_tribe_ticket_has_attendee_info_fields":false,"footnotes":"","_tec_slr_enabled":"","_tec_slr_layout":"","_links_to":"","_links_to_target":""},"class_list":["post-44614","page","type-page","status-publish","hentry"],"aioseo_notices":[],"ticketed":false,"_links":{"self":[{"href":"https:\/\/www.hessen-stottern.de\/index.php?rest_route=\/wp\/v2\/pages\/44614","targetHints":{"allow":["GET"]}}],"collection":[{"href":"https:\/\/www.hessen-stottern.de\/index.php?rest_route=\/wp\/v2\/pages"}],"about":[{"href":"https:\/\/www.hessen-stottern.de\/index.php?rest_route=\/wp\/v2\/types\/page"}],"author":[{"embeddable":true,"href":"https:\/\/www.hessen-stottern.de\/index.php?rest_route=\/wp\/v2\/users\/6"}],"replies":[{"embeddable":true,"href":"https:\/\/www.hessen-stottern.de\/index.php?rest_route=%2Fwp%2Fv2%2Fcomments&post=44614"}],"version-history":[{"count":6,"href":"https:\/\/www.hessen-stottern.de\/index.php?rest_route=\/wp\/v2\/pages\/44614\/revisions"}],"predecessor-version":[{"id":44947,"href":"https:\/\/www.hessen-stottern.de\/index.php?rest_route=\/wp\/v2\/pages\/44614\/revisions\/44947"}],"up":[{"embeddable":true,"href":"https:\/\/www.hessen-stottern.de\/index.php?rest_route=\/wp\/v2\/pages\/43231"}],"wp:attachment":[{"href":"https:\/\/www.hessen-stottern.de\/index.php?rest_route=%2Fwp%2Fv2%2Fmedia&parent=44614"}],"curies":[{"name":"wp","href":"https:\/\/api.w.org\/{rel}","templated":true}]}}