{"id":44670,"date":"2025-07-27T18:40:52","date_gmt":"2025-07-27T16:40:52","guid":{"rendered":"https:\/\/www.hessen-stottern.de\/?page_id=44670"},"modified":"2025-07-27T18:41:09","modified_gmt":"2025-07-27T16:41:09","slug":"tanzen","status":"publish","type":"page","link":"https:\/\/www.hessen-stottern.de\/?page_id=44670","title":{"rendered":"Tanzen"},"content":{"rendered":"<div class=\"twoclick_social_bookmarks_post_44670 social_share_privacy clearfix 1.6.4 locale-de_DE sprite-de_DE\"><\/div><div class=\"twoclick-js\"><script type=\"text\/javascript\">\/* <![CDATA[ *\/\njQuery(document).ready(function($){if($('.twoclick_social_bookmarks_post_44670')){$('.twoclick_social_bookmarks_post_44670').socialSharePrivacy({\"services\":{\"facebook\":{\"status\":\"on\",\"txt_info\":\"2 Klicks f\\u00fcr mehr Datenschutz: Erst wenn Sie hier klicken, wird der Button aktiv und Sie k\\u00f6nnen Ihre Empfehlung an Facebook senden. Schon beim Aktivieren werden Daten an Dritte \\u00fcbertragen - siehe <em>i<\\\/em>.\",\"perma_option\":\"off\",\"action\":\"like\",\"language\":\"de_DE\"},\"twitter\":{\"reply_to\":\"\",\"tweet_text\":\"Tanzen%20%C2%BB%20Hessen-Stottern.de\",\"status\":\"on\",\"txt_info\":\"2 Klicks f\\u00fcr mehr Datenschutz: Erst wenn Sie hier klicken, wird der Button aktiv und Sie k\\u00f6nnen Ihre Empfehlung an Twitter senden. Schon beim Aktivieren werden Daten an Dritte \\u00fcbertragen - siehe <em>i<\\\/em>.\",\"perma_option\":\"off\",\"language\":\"de\",\"referrer_track\":\"\"}},\"txt_help\":\"Wenn Sie diese Felder durch einen Klick aktivieren, werden Informationen an Facebook, Twitter, Flattr, Xing, t3n, LinkedIn, Pinterest oder Google eventuell ins Ausland \\u00fcbertragen und unter Umst\\u00e4nden auch dort gespeichert. N\\u00e4heres erfahren Sie durch einen Klick auf das <em>i<\\\/em>.\",\"settings_perma\":\"Dauerhaft aktivieren und Daten\\u00fcber-tragung zustimmen:\",\"info_link\":\"http:\\\/\\\/www.heise.de\\\/ct\\\/artikel\\\/2-Klicks-fuer-mehr-Datenschutz-1333879.html\",\"uri\":\"https:\\\/\\\/www.hessen-stottern.de\\\/?page_id=44670\",\"post_id\":44670,\"post_title_referrer_track\":\"Tanzen\",\"display_infobox\":\"on\"});}});\n\/* ]]> *\/<\/script><\/div>\n<p>Tanzen ist f\u00fcr stotternde Menschen in den verschiedensten Betrachtungen ein gutes Mittel um das angstbesetzte Stottern langfristig ver\u00e4ndern zu k\u00f6nnen.<br \/><br \/>Tanzen macht nicht nur alleine Spa\u00df, sondern besonders mit einem Tanzpartner:in, zu klassischen Standarttanz wie der Wiener Walzer, Tango und Foxtrot, den wer tanzen will, verl\u00e4sst seine eigene Wohnung und besucht eine Tanzschule, Disco, Bar oder eine Tanzveranstaltung. Das st\u00e4rkt die soziale Interaktion stotternder Menschen, die oft isoliert sind, gerade wenn sie sehr starke Stottersymptomatiken beim Sprechen aufweisen und ein hohes Angst, Flucht und Vermeidungsverhalten hinzukommt.<\/p>\n<p>Da Stottern mit einem Verlust der sprachlichen Koordination verbunden ist, die das eigene Selbstwertgef\u00fchl negativ beeinflusst in dem die eigene F\u00e4higkeiten und M\u00f6glichkeiten vom Betroffenen selbst geringer wahrgenommen wird als diese in der Realit\u00e4t oft entspricht. Den ein tanzen setzt ein hohes Ma\u00df an eigener Ausdrucksform, Kreativit\u00e4t, Selbstbewusstsein und ryhymische Koordniation voraus. Mit dem richtigen Musik und Tanzgruppe steigen die Gl\u00fcckgef\u00fchle und das Wohlbefinden im gesamen K\u00f6rper. Man muss ja nicht gleich ein Profit\u00e4nzer werden und an einem \u00f6ffentlichen Tanzwettbewerben teilnehmen. Egal ob Square Dance, Line Dance, Zumba oder das bei Jugendlichen beliebte Jumpstyle in einer Gruppe zusammen getanzt wird, das wichtigste ist das die eigenen Lebensgeister wieder befl\u00fcgelt werden und eine gesellschaftliche Teilhabe m\u00f6glich wird. Den Tanzen bedeutet raus aus der eigenen Isolation:<br \/><br \/>Hier einige Beispiele: Suchtbegriffe in Youtube:<\/p>\n<p>\u2022 &#8222;Jerusalema Dance&#8220; <a href=\"https:\/\/www.youtube.com\/results?search_query=Jerusalema+Dance\" target=\"_blank\" rel=\"noopener\">&lt;&gt; &#8222;<\/a><br \/>\u2022 &#8222;Jumpstyle Kinder&#8220; <a href=\"https:\/\/www.youtube.com\/results?search_query=Jumpstyle+Kinder\" target=\"_blank\" rel=\"noopener\">&lt;&gt; <\/a>\/ <a href=\"https:\/\/www.youtube.com\/results?search_query=Uywas3w8xC8\" target=\"_blank\" rel=\"noopener\">&lt;&gt;<\/a><br \/>\u2022 &#8222;Linedance Country&#8220; <a href=\"https:\/\/www.youtube.com\/results?search_query=Linedance+Country\" target=\"_blank\" rel=\"noopener\">&lt;&gt;<\/a><\/p>\n\n\n\n\n","protected":false},"excerpt":{"rendered":"<p>Tanzen ist f\u00fcr stotternde Menschen in den verschiedensten Betrachtungen ein gutes Mittel um das angstbesetzte Stottern langfristig ver\u00e4ndern zu k\u00f6nnen. Tanzen macht nicht nur alleine Spa\u00df, sondern besonders mit einem Tanzpartner:in, zu klassischen Standarttanz wie der Wiener Walzer, Tango und &hellip; <a href=\"https:\/\/www.hessen-stottern.de\/?page_id=44670\">Weiterlesen <span class=\"meta-nav\">&rarr;<\/span><\/a><\/p>\n","protected":false},"author":6,"featured_media":45245,"parent":2,"menu_order":0,"comment_status":"closed","ping_status":"closed","template":"","meta":{"_price":"","_stock":"","_tribe_ticket_header":"","_tribe_default_ticket_provider":"","_tribe_ticket_capacity":"0","_ticket_start_date":"","_ticket_end_date":"","_tribe_ticket_show_description":"","_tribe_ticket_show_not_going":false,"_tribe_ticket_use_global_stock":"","_tribe_ticket_global_stock_level":"","_global_stock_mode":"","_global_stock_cap":"","_tribe_rsvp_for_event":"","_tribe_ticket_going_count":"","_tribe_ticket_not_going_count":"","_tribe_tickets_list":"[]","_tribe_ticket_has_attendee_info_fields":false,"footnotes":"","_tec_slr_enabled":"","_tec_slr_layout":"","_links_to":"","_links_to_target":""},"class_list":["post-44670","page","type-page","status-publish","has-post-thumbnail","hentry"],"aioseo_notices":[],"ticketed":false,"_links":{"self":[{"href":"https:\/\/www.hessen-stottern.de\/index.php?rest_route=\/wp\/v2\/pages\/44670","targetHints":{"allow":["GET"]}}],"collection":[{"href":"https:\/\/www.hessen-stottern.de\/index.php?rest_route=\/wp\/v2\/pages"}],"about":[{"href":"https:\/\/www.hessen-stottern.de\/index.php?rest_route=\/wp\/v2\/types\/page"}],"author":[{"embeddable":true,"href":"https:\/\/www.hessen-stottern.de\/index.php?rest_route=\/wp\/v2\/users\/6"}],"replies":[{"embeddable":true,"href":"https:\/\/www.hessen-stottern.de\/index.php?rest_route=%2Fwp%2Fv2%2Fcomments&post=44670"}],"version-history":[{"count":8,"href":"https:\/\/www.hessen-stottern.de\/index.php?rest_route=\/wp\/v2\/pages\/44670\/revisions"}],"predecessor-version":[{"id":44686,"href":"https:\/\/www.hessen-stottern.de\/index.php?rest_route=\/wp\/v2\/pages\/44670\/revisions\/44686"}],"up":[{"embeddable":true,"href":"https:\/\/www.hessen-stottern.de\/index.php?rest_route=\/wp\/v2\/pages\/2"}],"wp:featuredmedia":[{"embeddable":true,"href":"https:\/\/www.hessen-stottern.de\/index.php?rest_route=\/wp\/v2\/media\/45245"}],"wp:attachment":[{"href":"https:\/\/www.hessen-stottern.de\/index.php?rest_route=%2Fwp%2Fv2%2Fmedia&parent=44670"}],"curies":[{"name":"wp","href":"https:\/\/api.w.org\/{rel}","templated":true}]}}