{"id":44786,"date":"2025-03-21T12:20:30","date_gmt":"2025-03-21T11:20:30","guid":{"rendered":"https:\/\/www.hessen-stottern.de\/?page_id=44786"},"modified":"2025-03-21T21:00:36","modified_gmt":"2025-03-21T20:00:36","slug":"stotterschuld","status":"publish","type":"page","link":"https:\/\/www.hessen-stottern.de\/?page_id=44786","title":{"rendered":"Stotterschuld"},"content":{"rendered":"<div class=\"twoclick_social_bookmarks_post_44786 social_share_privacy clearfix 1.6.4 locale-de_DE sprite-de_DE\"><\/div><div class=\"twoclick-js\"><script type=\"text\/javascript\">\/* <![CDATA[ *\/\njQuery(document).ready(function($){if($('.twoclick_social_bookmarks_post_44786')){$('.twoclick_social_bookmarks_post_44786').socialSharePrivacy({\"services\":{\"facebook\":{\"status\":\"on\",\"txt_info\":\"2 Klicks f\\u00fcr mehr Datenschutz: Erst wenn Sie hier klicken, wird der Button aktiv und Sie k\\u00f6nnen Ihre Empfehlung an Facebook senden. Schon beim Aktivieren werden Daten an Dritte \\u00fcbertragen - siehe <em>i<\\\/em>.\",\"perma_option\":\"off\",\"action\":\"like\",\"language\":\"de_DE\"},\"twitter\":{\"reply_to\":\"\",\"tweet_text\":\"Stotterschuld%20%C2%BB%20Hessen-Stottern.de\",\"status\":\"on\",\"txt_info\":\"2 Klicks f\\u00fcr mehr Datenschutz: Erst wenn Sie hier klicken, wird der Button aktiv und Sie k\\u00f6nnen Ihre Empfehlung an Twitter senden. Schon beim Aktivieren werden Daten an Dritte \\u00fcbertragen - siehe <em>i<\\\/em>.\",\"perma_option\":\"off\",\"language\":\"de\",\"referrer_track\":\"\"}},\"txt_help\":\"Wenn Sie diese Felder durch einen Klick aktivieren, werden Informationen an Facebook, Twitter, Flattr, Xing, t3n, LinkedIn, Pinterest oder Google eventuell ins Ausland \\u00fcbertragen und unter Umst\\u00e4nden auch dort gespeichert. N\\u00e4heres erfahren Sie durch einen Klick auf das <em>i<\\\/em>.\",\"settings_perma\":\"Dauerhaft aktivieren und Daten\\u00fcber-tragung zustimmen:\",\"info_link\":\"http:\\\/\\\/www.heise.de\\\/ct\\\/artikel\\\/2-Klicks-fuer-mehr-Datenschutz-1333879.html\",\"uri\":\"https:\\\/\\\/www.hessen-stottern.de\\\/?page_id=44786\",\"post_id\":44786,\"post_title_referrer_track\":\"Stotterschuld\",\"display_infobox\":\"on\"});}});\n\/* ]]> *\/<\/script><\/div>\n<p>\u2500\u00bb <strong>DIE ELTERN SIND NIE SCHULD AN DEM STOTTERN IHRER KINDER !!!<\/strong> \u00ab\u2500<br \/><br \/>Noch immer gibt es Menschen die davon ausgehen das Eltern stotternder Kinder schuld seien an der Erstehung des Stotterns ihrer Kinder.&#8220;. Das ist nicht nur veraltet sondern entspricht. den gesellschaftlichen, moralisiertenden und sittlichen Weltvorstellung zwischen Urknall bis Ende der 1950er Jahre. In dieser Zeit glaubte man, das Kinder die anfangen zu stottern an einem b\u00f6sen Fluch (Stotterfluch) besessen sind, sp\u00e4ter glaubte man dann dran das die Eltern die Schuld (Stotterschuld, Stottermacher) tragen wenn ihre Spr\u00f6\u00dfling pl\u00f6tzlich mit dem Stottern beginnt.<br \/><br \/><strong>Noch immer keine endg\u00fcltige Ursachenforschung:<\/strong><br \/>Die genaue Ursachen des Stotterns sind bis Heute noch nicht endg\u00fcltig gekl\u00e4rt da dies ein komplexes Zusammenspiel zwischen neurologischen, entwicklungsbedingten, genetischen und umweltbedingten Ursachen bei der Entstehung des Stotterns zusammenwirken.<br \/><br \/><strong>Neurologische Ursachen:<\/strong><br \/>Es gibt eine zahlreiche neurologische Urachen die f\u00fcr das Stottern verantwortlich seien k\u00f6nnen. Kl\u00e4ren Sie als Eltern im Zweifel bei l\u00e4ngrt anhaltendem Stottern von l\u00e4nger als 6 Monaten, bei Verschlechterung des Sprechens, Ihr Kind zeigt Angst beim Sprechen bei ihrem Logop\u00e4den (Siehe Unten)<br \/><br \/><strong>Genetische Urachen:<\/strong><br \/>Eltern tragen niemals die Schuld des Stotterns da sie niemals Verusacher des Stotterns bei ihren Kindern sind. Obwohl die selbst Eltern einen erh\u00f6hten Faktor dazu beitragen ist nicht gekl\u00e4rt ob ein Kind auch tats\u00e4chlich stottert oder auch nicht. Die Schuldfrage impliziert das Eltern willentlich und Bo\u00dfhaft das Stottern bei ihren Kindern herbeif\u00fchren k\u00f6nnten um ihren eigenen Nachwuchs zu schaden.. Diese Unterstellung ist eine Abscheulichkeit und zeigt wie sehr noch vereinzelz die Unwissenheit und Niedertracht in punkto gesellschaftliche Viefalt, Aufkl\u00e4rung und Dogmen ausgepr\u00e4gt sind.<br \/><br \/><strong>Die Rolle der Eltern:<\/strong><br \/>Eltern lieben ihre Kinder, alles andere w\u00e4re eine sehr merkw\u00fcrdige und besorgniserregende Vorstellung. Und kein Elternteil egal ob Mutter oder Vater m\u00f6chte das sein Kind zu stottern beginnt. Wir alle kennen die noch bis in die Gegenwart reichende Zeit wo Stottern als Mangel des sprechens angesehen wird und zu Ausgrenzung, Vorurteilen und Hass f\u00fchren.<br \/><br \/>Gerade f\u00fcr junge Eltern ist es emotionale, famil\u00e4re und gesellschaftliche Belastung wenn ihr Kind pl\u00f6tzlich zu stottern beginnen. Gleich kommt die Frage: Ob beide Elternteile einzelnen oder gemeinschaftlich in ihrer Erziehung einen Fehler gemacht habe. Genau in dieser Zeit ben\u00f6tigen die Eltern stotternder Kinder keine von Au\u00dfen zus\u00e4tzlich aufgezwunge Schuld- und Moralpredigt sondern professionelle Unterst\u00fctzung um die psychische Belastungen angemessen verarbeiten bzw.. ausr\u00e4umen zu k\u00f6nnen.<br \/><br \/><strong>Wie k\u00f6nnen Eltern stotternder Kinder Hilfe bekommen?<\/strong><br \/>\u2022 Elternberatung<br \/>Eine professionelle Fachberatung zum Thema Stottern entweder durch einen ausgebildeten Logop\u00e4den <a href=\"https:\/\/www.dbl-ev.de\/logopaedensuche\/\" target=\"_blank\" rel=\"noopener\">&lt;&gt;<\/a>\/<a href=\"https:\/\/www.ivs-online.de\/inhalt\/stottertherapeut\/suche\/#liste\" target=\"_blank\" rel=\"noopener\">&lt;&gt;<\/a> mit dem Schwerpunkt Elternarbeit oder einer Fachberatungsstelle <a href=\"http:\/\/www.bvss.de\" target=\"_blank\" rel=\"noopener\">&lt;&gt;<\/a><br \/>\u2022 Eltern-Ratgeber<br \/>\u00a0\u00a0\u00a0 \u2500\u00a0 Mein Kind stottert \u2500 was nun? (2010) ISBN: 9783921897560 <a href=\"https:\/\/www.google.de\/search?q=ISBN%3A+9783921897560&amp;newwindow=1&amp;sca_esv=fa927a4af76fe362&amp;sxsrf=AHTn8zpPaM4lGzoScp9Bc79DAP_JMRRJBQ%3A1742556459132&amp;ei=K03dZ5TjB62H9u8P0-yEyAo&amp;ved=0ahUKEwjUpP3ViJuMAxWtg_0HHVM2AakQ4dUDCBA&amp;oq=ISBN%3A+9783921897560&amp;gs_lp=Egxnd3Mtd2l6LXNlcnAiE0lTQk46IDk3ODM5MjE4OTc1NjBIAFAAWABwAHgAkAEAmAEAoAEAqgEAuAEMyAEAmAIAoAIAmAMAkgcAoAcAsgcAuAcA&amp;sclient=gws-wiz-serp\" target=\"_blank\" rel=\"noopener\">&lt;&gt;<\/a><br \/>\u00a0\u00a0\u00a0 \u2500 Wenn mein Kind stottert (1995) ISBN: 9783921897270 <a href=\"https:\/\/www.google.de\/search?q=9783921897270&amp;newwindow=1&amp;sca_esv=fa927a4af76fe362&amp;sxsrf=AHTn8zpYiW9SCu1MEG4Q9zXj5PC01o7VWA%3A1742556787871&amp;ei=c07dZ6vrNI6O9u8PzbKsuQs&amp;ved=0ahUKEwjr8N3yiZuMAxUOh_0HHU0ZK7cQ4dUDCBA&amp;oq=9783921897270&amp;gs_lp=Egxnd3Mtd2l6LXNlcnAiDTk3ODM5MjE4OTcyNzAyCxAAGIAEGLADGKIEMgsQABiwAxiiBBiJBTILEAAYsAMYogQYiQUyCxAAGLADGKIEGIkFMggQABiwAxjvBUicsQFQAFgAcAF4AJABAJgBAKABAKoBALgBDMgBAJgCAaACCZgDAIgGAZAGBZIHATGgBwCyBwC4BwA&amp;sclient=gws-wiz-serp\" target=\"_blank\" rel=\"noopener\">&lt;&gt;<\/a><br \/>\u00a0\u00a0\u00a0 \u2500 Wenn ein Kind anf\u00e4ngt zu stottern (1990) ISBN: 9783497012084 <a href=\"https:\/\/www.google.de\/search?q=9783497012084&amp;newwindow=1&amp;sca_esv=fa927a4af76fe362&amp;sxsrf=AHTn8zqLSRaND7PcwKo-7JHp7rOF7F5UtQ%3A1742556646366&amp;ei=5k3dZ9yEFuH87_UPtpL_oAM&amp;ved=0ahUKEwjcj6GviZuMAxVh_rsIHTbJHzQQ4dUDCBA&amp;oq=9783497012084&amp;gs_lp=Egxnd3Mtd2l6LXNlcnAiDTk3ODM0OTcwMTIwODQyCxAAGIAEGLADGKIEMgsQABiABBiwAxiiBDILEAAYgAQYsAMYogQyCBAAGLADGO8FMgsQABiABBiwAxiiBEj4sQFQAFgAcAJ4AJABAJgBAKABAKoBALgBDMgBAJgCAqACC5gDAIgGAZAGBZIHATKgBwCyBwC4BwA&amp;sclient=gws-wiz-serp\" target=\"_blank\" rel=\"noopener\">&lt;&gt;<\/a><br \/>\u2022 Elterngruppen<br \/>\u2500 In leider noch sehr wenigen St\u00e4dten gibt es spezielle \u00bbElterngruppen stotternder Kinder\u00ab \/ \u00bbGruppe f\u00fcr Angeh\u00f6rige und Freunde stotternder Menschen\u00ab. Alternativ k\u00f6nnen Sie auch herk\u00f6mmiche Stotterer Selbsthilfegruppe in ihrer N\u00e4he <a href=\"https:\/\/www.hessen-stottern.de\/?s=Stotterstadt&amp;submit=Suchen\">&lt;&gt;<\/a>\/<a href=\"https:\/\/www.stottern-hessen.de\/#groups\" target=\"_blank\" rel=\"noopener\">&lt;&gt;<\/a>\/<a href=\"https:\/\/www.bvss.de\/selbsthilfe\/gruppen\" target=\"_blank\" rel=\"noopener\">&lt;&gt;<\/a> kontaktieren.<br \/>\u2022 Kontakieren Sie den zust\u00e4ndigen Landesverband der Stotterer Selbsthilfe [Hessen <a href=\"http:\/\/www.stottern-hessen.de\" target=\"_blank\" rel=\"noopener\">&lt;&gt;<\/a>]<\/p>\n\n\n\n\n\n\n","protected":false},"excerpt":{"rendered":"<p>\u2500\u00bb DIE ELTERN SIND NIE SCHULD AN DEM STOTTERN IHRER KINDER !!! \u00ab\u2500 Noch immer gibt es Menschen die davon ausgehen das Eltern stotternder Kinder schuld seien an der Erstehung des Stotterns ihrer Kinder.&#8220;. Das ist nicht nur veraltet sondern &hellip; <a href=\"https:\/\/www.hessen-stottern.de\/?page_id=44786\">Weiterlesen <span class=\"meta-nav\">&rarr;<\/span><\/a><\/p>\n","protected":false},"author":6,"featured_media":0,"parent":13574,"menu_order":0,"comment_status":"closed","ping_status":"closed","template":"","meta":{"_price":"","_stock":"","_tribe_ticket_header":"","_tribe_default_ticket_provider":"","_tribe_ticket_capacity":"0","_ticket_start_date":"","_ticket_end_date":"","_tribe_ticket_show_description":"","_tribe_ticket_show_not_going":false,"_tribe_ticket_use_global_stock":"","_tribe_ticket_global_stock_level":"","_global_stock_mode":"","_global_stock_cap":"","_tribe_rsvp_for_event":"","_tribe_ticket_going_count":"","_tribe_ticket_not_going_count":"","_tribe_tickets_list":"[]","_tribe_ticket_has_attendee_info_fields":false,"footnotes":"","_tec_slr_enabled":"","_tec_slr_layout":"","_links_to":"","_links_to_target":""},"class_list":["post-44786","page","type-page","status-publish","hentry"],"aioseo_notices":[],"ticketed":false,"_links":{"self":[{"href":"https:\/\/www.hessen-stottern.de\/index.php?rest_route=\/wp\/v2\/pages\/44786","targetHints":{"allow":["GET"]}}],"collection":[{"href":"https:\/\/www.hessen-stottern.de\/index.php?rest_route=\/wp\/v2\/pages"}],"about":[{"href":"https:\/\/www.hessen-stottern.de\/index.php?rest_route=\/wp\/v2\/types\/page"}],"author":[{"embeddable":true,"href":"https:\/\/www.hessen-stottern.de\/index.php?rest_route=\/wp\/v2\/users\/6"}],"replies":[{"embeddable":true,"href":"https:\/\/www.hessen-stottern.de\/index.php?rest_route=%2Fwp%2Fv2%2Fcomments&post=44786"}],"version-history":[{"count":16,"href":"https:\/\/www.hessen-stottern.de\/index.php?rest_route=\/wp\/v2\/pages\/44786\/revisions"}],"predecessor-version":[{"id":44817,"href":"https:\/\/www.hessen-stottern.de\/index.php?rest_route=\/wp\/v2\/pages\/44786\/revisions\/44817"}],"up":[{"embeddable":true,"href":"https:\/\/www.hessen-stottern.de\/index.php?rest_route=\/wp\/v2\/pages\/13574"}],"wp:attachment":[{"href":"https:\/\/www.hessen-stottern.de\/index.php?rest_route=%2Fwp%2Fv2%2Fmedia&parent=44786"}],"curies":[{"name":"wp","href":"https:\/\/api.w.org\/{rel}","templated":true}]}}