{"id":44840,"date":"2025-03-29T13:45:15","date_gmt":"2025-03-29T12:45:15","guid":{"rendered":"https:\/\/www.hessen-stottern.de\/?page_id=44840"},"modified":"2025-03-29T13:58:07","modified_gmt":"2025-03-29T12:58:07","slug":"notfall-stottern","status":"publish","type":"page","link":"https:\/\/www.hessen-stottern.de\/?page_id=44840","title":{"rendered":"Notfall Stottern?"},"content":{"rendered":"<div class=\"twoclick_social_bookmarks_post_44840 social_share_privacy clearfix 1.6.4 locale-de_DE sprite-de_DE\"><\/div><div class=\"twoclick-js\"><script type=\"text\/javascript\">\/* <![CDATA[ *\/\njQuery(document).ready(function($){if($('.twoclick_social_bookmarks_post_44840')){$('.twoclick_social_bookmarks_post_44840').socialSharePrivacy({\"services\":{\"facebook\":{\"status\":\"on\",\"txt_info\":\"2 Klicks f\\u00fcr mehr Datenschutz: Erst wenn Sie hier klicken, wird der Button aktiv und Sie k\\u00f6nnen Ihre Empfehlung an Facebook senden. Schon beim Aktivieren werden Daten an Dritte \\u00fcbertragen - siehe <em>i<\\\/em>.\",\"perma_option\":\"off\",\"action\":\"like\",\"language\":\"de_DE\"},\"twitter\":{\"reply_to\":\"\",\"tweet_text\":\"Notfall%20Stottern%3F%20%C2%BB%20Hessen-Stottern.de\",\"status\":\"on\",\"txt_info\":\"2 Klicks f\\u00fcr mehr Datenschutz: Erst wenn Sie hier klicken, wird der Button aktiv und Sie k\\u00f6nnen Ihre Empfehlung an Twitter senden. Schon beim Aktivieren werden Daten an Dritte \\u00fcbertragen - siehe <em>i<\\\/em>.\",\"perma_option\":\"off\",\"language\":\"de\",\"referrer_track\":\"\"}},\"txt_help\":\"Wenn Sie diese Felder durch einen Klick aktivieren, werden Informationen an Facebook, Twitter, Flattr, Xing, t3n, LinkedIn, Pinterest oder Google eventuell ins Ausland \\u00fcbertragen und unter Umst\\u00e4nden auch dort gespeichert. N\\u00e4heres erfahren Sie durch einen Klick auf das <em>i<\\\/em>.\",\"settings_perma\":\"Dauerhaft aktivieren und Daten\\u00fcber-tragung zustimmen:\",\"info_link\":\"http:\\\/\\\/www.heise.de\\\/ct\\\/artikel\\\/2-Klicks-fuer-mehr-Datenschutz-1333879.html\",\"uri\":\"https:\\\/\\\/www.hessen-stottern.de\\\/?page_id=44840\",\"post_id\":44840,\"post_title_referrer_track\":\"Notfall+Stottern%3F\",\"display_infobox\":\"on\"});}});\n\/* ]]> *\/<\/script><\/div>\n<p>Suizid, also das absichtliche Herbeif\u00fchren von Veletzungen (suzidale Gedanken und Verhalten) sind noch immer in unserer Gesellschaft verp\u00f6hnt und bereiten in den allermeisten Menschen Angst und unbehagen, und man m\u00f6chte dieses ernste Thema am liebsten verschweigen. Doch auch stotternde Menschen sind davon Betroffen sowie ihr pers\u00f6nliches Umfeld und die Stotterer Selbsthilfe.<br \/><br \/>In medizinischen oder psychatrischen aktuen Notf\u00e4llen immer die <span style=\"color: #ff0000;\"><strong>1 1 2<\/strong><\/span> (<strong>Rettungsdienst<\/strong>) rufen ! (<a href=\"tel:112\"><span style=\"color: #ff0000;\">anrufen<\/span><\/a>) Die Telefonseelsorge steht zus\u00e4tzlich unter <span style=\"color: #0000ff;\">0800\/1110111<\/span> <a href=\"tel: 08001110111\">&lt;&gt;<\/a> und <span style=\"color: #0000ff;\">0800\/2220222 <a href=\"tel: 08002220222\">&lt;&gt;<\/a><\/span>) mit einem professionellen Team zur Verf\u00fcgung.<br \/><br \/><strong>Was die Stotterer Selbsthilfe ist und was nicht<\/strong> <br \/>Die Stotterer Selbsthilfe ist kein psychtrisch, medizinisch ausgebildetes Fachteam das adequart und direkt vor Ort 365\/24 in Notf\u00e4llen zur Verf\u00fcgung steht und die notwendigen Ma\u00dfnahmen ergreifen kann. Die Stotterer Selbsthilfe besteht aus ehrenamtlich engagierten Menschen die Hilfe zur Selbsthilfe aus eigener Betroffenheit leben und unterst\u00fctzen.<br \/><br \/><strong>ZIVILCOURAGE ZEIGEN<\/strong><br \/>Es gibt immer Kriesen im Leben besonders wenn starkes Mobbing, Ausgrezung und psychische Gewalt vorliegt. Was Sie pers\u00f6nlich tun k\u00f6nnen: Zeigen Sie Zivilcourage auch wenn sie nicht selbst als Mobbingopfer betroffen sind. Stellen Sie sich aktiv hinter oder sogar mutig vor diese Person und Sch\u00fctzen Sie diese vor weiteren psychischen Gewalttaten an der Seele.<br \/><br \/><strong>1.) Hilferufe immer ernst nehmen:<\/strong><br \/>Egal ob ein Freund aus der Stotterer Selbsthilfe oder eine andere Person einen Hilferuf in Form einer Selbstmordank\u00fcndigung direkt oder verklausuliert (nicht eindeutig) ank\u00fcndigt, nehmen Sie diesen Hilferuf der Seele immer ernst.\u00a0 Niedmand macht mit einer solcher schweren suizidalen Vorank\u00fcndigung einen makaberen Scherz. <br \/><br \/><strong>2.) Ansprechen statt wegschauen<\/strong><br \/>Sprechen Sie die Person direkt auf das Thema an, auch wenn dieses Thema nicht klar und eindeutig formuliert wurde. Vergwisseren Sie sich um den genaueren Hintergrund und h\u00f6ren Sie der Hilfesuchenden Person zu. Vergessen Sie dabei wichtige Termine oder Verabredungen, niemals darf ein Menschenleben weniger Wert sein als irgendein anderes unbdeutsames Ereignis.<br \/><br \/>3.) <strong>Suzidale \u00c4u\u00dferungen im Kontext der Stotterer Selbsthilfe<\/strong><br \/>Eine \u00c4u\u00dferung Selbstmord zu begehen ist f\u00fcr alle Menschen eine schwere psychische Belastung, nicht nur f\u00fcr den Hilfesuchenden selbst sondern auch f\u00fcr die Menschen die auf der anderen Seite diesen Hilferuf empfangen. Vorallem unterlassen Sie es dringend Schuldvorw\u00fcrfe zu machen, denn es ben\u00f6tigt keine Anklage sondern Unterst\u00fctzung !<br \/><br \/>Sch\u00e4tzen Sie ab wie ernst der aktue Notfall ist und ob im Rahmen der Ersten Hlfe (<span data-huuid=\"14795564505345454305\">In Deutschland besteht eine gesetzliche Verpflichtung, Erste Hilfe zu leisten. <\/span><span data-huuid=\"14795564505345456684\">Das gilt bei Unf\u00e4llen, gemeiner Gefahr oder Not, StGB 323c <a href=\"https:\/\/www.gesetze-im-internet.de\/stgb\/__323c.html\" target=\"_blank\" rel=\"noopener\">&lt;&gt;<\/a>)<\/span><br \/><br \/>Liegt ein Notfall einer Sofort-Hilfe vor ist eine unmittelbare Sofort Hilfe-Leistung zu leisten und den <strong><span style=\"color: #ff0000;\">Rettungsdienst<\/span><\/strong> zu informieren.(<strong><span style=\"color: #ff0000;\">1 1 2<\/span><\/strong>)<br \/><br \/>\u00dcbrigens: Wer einen Rettungswagen glaubhaft im Besten und Gewissen ruft und seiner b\u00fcrgerlichen Pficht als Ersten Hilfe nachkommt und zum Zeitpunkt daovn ausgehen musste das eine sofortige medizinischer oder psychatrischer Hilfe-Notfall vorlag, kann nicht mit den anfallenden Kosten f\u00fcr den Rettungdienst-Einsatz haftbar gemacht werden, auch wenn sp\u00e4ter kein medizinischer Notfall vorlag.<br \/><br \/><strong>4.) Ruhig auch das Thema Notf\u00e4lle einmal zum Gruppenthema machen<\/strong><br \/>Machen Sie ruhig in ihrer Stotterer Selbsthilfegruppe das Thema Notf\u00e4lle ruhig eimal zum Thema in einer ihrer Gruppenabende. \u00dcberall wo mehere Menschen sind kann es auch zu Unf\u00e4llen kommen oder zu psychischen Problemen. Und jeder Mensch ist froh und dankbar wenn ihm in der gr\u00f6\u00dften Not des Lebens Hilfe widerf\u00e4hrt.<br \/><br \/><strong>Fragen.<\/strong> <br \/>\u2022 Gibt es unter uns ein Gruppenteilnehmer der Ersthelfer (Kurs bei DRK) ist?<br \/>\u2022 Wie gehen wir in der Gruppe mit Notf\u00e4llen (keine Streit) um?<br \/>\u2022 Wo befinden sich das n\u00e4chste Telefon in der N\u00e4he?<br \/>\u2022 Wer unter und kann Erste Hilfe leisten?<br \/>\u2022 Welche Vorerfahrungen sind &#8222;Erste Hilfe&#8220; unter den Gruppenteilnehmern vorhanden?<br \/>\u2022 Wer \u00fcbernimmt welche Aufgabe im Notfall? (Hilfe, Betreuung, Einweisung)<br \/>\u2022 Gibt es jemand aus der Gruppe der einen Ersthelfer-Kurs absolvieren will?<br \/><br \/>5.) <strong>Ist man nicht &#8222;verr\u00fcckt&#8220; wenn man in eine Psychatrie kommt oder einen Psychologe aufsucht?<\/strong><br \/>Primitive Menschen die sehr noch dogmatisch denken ist soetwas eine Schande aber in Wirklichkeit f\u00fcr die allermeisten Menschen ein gro\u00dfes Zeichen der pers\u00f6nliche St\u00e4rke fremde Hilfe annehmen zu k\u00f6nnen. Wenn Sie Zahnschmerzen haben gehen Sie doch auch zum Zahnarzt (Facharzt) und nicht zum Metzger um die Ecke. Und wenn man psychische Probleme aller Art hat egal ob durch\/mit dem Stottern oder etwas ganz anderem geht man zum Psychiater, Psychologen oder zum Logop\u00e4den (Fachleute f\u00fcr die Seele und der Sprache)<br \/><br \/>Traurig ist es wenn man trotz innere Not keine Hilfe bekommt und viel zu fr\u00fch aus dem Leben scheidet. In der Stotterer Selbsthilfe gab es schon solche sehr traurige Schicksalsschl\u00e4ge die uns alle tief getroffen haben, und auch Ich, Joachim Haas kann aus eigener Erfahrung <a title=\"Autobiografie\" href=\"https:\/\/www.hessen-stottern.de\/?page_id=13597\">&lt;&gt;<\/a> von dieser schrecklichen Zeit mit Suzid-Gedanken nur mahnend berichten)<br \/><br \/>5.) <strong>Nicht lebensbedrohliche Unterst\u00fctzungen beim Stottern<\/strong><br \/>\u2500\u2500 Selbsthilfe \u2500\u2500<br \/>\u2022 In Deutschland gibt es rund 80 Stotterer Selbsthilfegruppen davon derzeit 4 in Hessen (aber das muss ja nicht l\u00e4nger so bleiben. Idee einer Fl\u00e4chendeckenden Selbsthilfe in Hessen <a href=\"https:\/\/www.hessen-stottern.de\/?tag=stotterstadt\">&lt;&gt;<\/a>).<br \/>\u2022 in Deutschland gibt es 6 L\u00e4ndesverb\u00e4nde der Stotterer Selbsthilfe (Hessen <a href=\"http:\/\/www.stottern-hessen.de\" target=\"_blank\" rel=\"noopener\">&lt;&gt;<\/a>)<br \/>\u2022 in Deutschland gibt ds Selbsthilfekontaktstellen die mit Rat und Tat die zahlreichen Organisationen vermitteln)<br \/>\u2500\u2500 Beratung \u2500\u2500<br \/>\u2022 in Deutschland gibt es drei Beratungsstellen zum Thema Stottern<br \/>\u2022 Bundesvereinigung Stottern und Selbsthilfe e.V. (Sitz in K\u00f6ln) <a href=\"http:\/\/www.bvss.de\" target=\"_blank\" rel=\"noopener\">&lt;&gt;<\/a><br \/>\u2022 Sprechraum Beratung des LV Ost (Sitz in Berlin)<br \/>\u2022 Ehrenamtliche Peer-to Peer Beratung auf dieser Webseite (Sitz in M\u00fccke, Hessen) (<a title=\"Beratung\" href=\"http:\/\/www.hessen-stottern.de\">&lt;&gt;<\/a>)<br \/><br \/>\u2500\u2500 Logop\u00e4die \u2500\u2500<br \/>\u2022 Deutsche Bundesverband f\u00fcr Logop\u00e4die e.V. (DBL) <a href=\"https:\/\/www.dbl-ev.de\/\" target=\"_blank\" rel=\"noopener\">&lt;&gt;<\/a><br \/>\u2500 Interdiszipln\u00e4re Vereinigung Stottern (IVS) <a href=\"https:\/\/www.ivs-online.de\/\" target=\"_blank\" rel=\"noopener\">&lt;&gt;<\/a><\/p>\n","protected":false},"excerpt":{"rendered":"<p>Suizid, also das absichtliche Herbeif\u00fchren von Veletzungen (suzidale Gedanken und Verhalten) sind noch immer in unserer Gesellschaft verp\u00f6hnt und bereiten in den allermeisten Menschen Angst und unbehagen, und man m\u00f6chte dieses ernste Thema am liebsten verschweigen. Doch auch stotternde Menschen &hellip; <a href=\"https:\/\/www.hessen-stottern.de\/?page_id=44840\">Weiterlesen <span class=\"meta-nav\">&rarr;<\/span><\/a><\/p>\n","protected":false},"author":6,"featured_media":0,"parent":13574,"menu_order":0,"comment_status":"closed","ping_status":"closed","template":"","meta":{"_price":"","_stock":"","_tribe_ticket_header":"","_tribe_default_ticket_provider":"","_tribe_ticket_capacity":"0","_ticket_start_date":"","_ticket_end_date":"","_tribe_ticket_show_description":"","_tribe_ticket_show_not_going":false,"_tribe_ticket_use_global_stock":"","_tribe_ticket_global_stock_level":"","_global_stock_mode":"","_global_stock_cap":"","_tribe_rsvp_for_event":"","_tribe_ticket_going_count":"","_tribe_ticket_not_going_count":"","_tribe_tickets_list":"[]","_tribe_ticket_has_attendee_info_fields":false,"footnotes":"","_tec_slr_enabled":"","_tec_slr_layout":"","_links_to":"","_links_to_target":""},"class_list":["post-44840","page","type-page","status-publish","hentry"],"aioseo_notices":[],"ticketed":false,"_links":{"self":[{"href":"https:\/\/www.hessen-stottern.de\/index.php?rest_route=\/wp\/v2\/pages\/44840","targetHints":{"allow":["GET"]}}],"collection":[{"href":"https:\/\/www.hessen-stottern.de\/index.php?rest_route=\/wp\/v2\/pages"}],"about":[{"href":"https:\/\/www.hessen-stottern.de\/index.php?rest_route=\/wp\/v2\/types\/page"}],"author":[{"embeddable":true,"href":"https:\/\/www.hessen-stottern.de\/index.php?rest_route=\/wp\/v2\/users\/6"}],"replies":[{"embeddable":true,"href":"https:\/\/www.hessen-stottern.de\/index.php?rest_route=%2Fwp%2Fv2%2Fcomments&post=44840"}],"version-history":[{"count":17,"href":"https:\/\/www.hessen-stottern.de\/index.php?rest_route=\/wp\/v2\/pages\/44840\/revisions"}],"predecessor-version":[{"id":44869,"href":"https:\/\/www.hessen-stottern.de\/index.php?rest_route=\/wp\/v2\/pages\/44840\/revisions\/44869"}],"up":[{"embeddable":true,"href":"https:\/\/www.hessen-stottern.de\/index.php?rest_route=\/wp\/v2\/pages\/13574"}],"wp:attachment":[{"href":"https:\/\/www.hessen-stottern.de\/index.php?rest_route=%2Fwp%2Fv2%2Fmedia&parent=44840"}],"curies":[{"name":"wp","href":"https:\/\/api.w.org\/{rel}","templated":true}]}}