{"id":6602,"date":"2021-01-19T10:25:00","date_gmt":"2021-01-19T09:25:00","guid":{"rendered":"http:\/\/www.hessen-stottern.de\/?page_id=6602"},"modified":"2021-01-22T10:26:03","modified_gmt":"2021-01-22T09:26:03","slug":"ueber-uns","status":"publish","type":"page","link":"https:\/\/www.hessen-stottern.de\/?page_id=6602","title":{"rendered":"\u00dcber uns"},"content":{"rendered":"<div class=\"twoclick_social_bookmarks_post_6602 social_share_privacy clearfix 1.6.4 locale-de_DE sprite-de_DE\"><\/div><div class=\"twoclick-js\"><script type=\"text\/javascript\">\/* <![CDATA[ *\/\njQuery(document).ready(function($){if($('.twoclick_social_bookmarks_post_6602')){$('.twoclick_social_bookmarks_post_6602').socialSharePrivacy({\"services\":{\"facebook\":{\"status\":\"on\",\"txt_info\":\"2 Klicks f\\u00fcr mehr Datenschutz: Erst wenn Sie hier klicken, wird der Button aktiv und Sie k\\u00f6nnen Ihre Empfehlung an Facebook senden. Schon beim Aktivieren werden Daten an Dritte \\u00fcbertragen - siehe <em>i<\\\/em>.\",\"perma_option\":\"off\",\"action\":\"like\",\"language\":\"de_DE\"},\"twitter\":{\"reply_to\":\"\",\"tweet_text\":\"%C3%9Cber%20uns%20%C2%BB%20Hessen-Stottern.de\",\"status\":\"on\",\"txt_info\":\"2 Klicks f\\u00fcr mehr Datenschutz: Erst wenn Sie hier klicken, wird der Button aktiv und Sie k\\u00f6nnen Ihre Empfehlung an Twitter senden. Schon beim Aktivieren werden Daten an Dritte \\u00fcbertragen - siehe <em>i<\\\/em>.\",\"perma_option\":\"off\",\"language\":\"de\",\"referrer_track\":\"\"}},\"txt_help\":\"Wenn Sie diese Felder durch einen Klick aktivieren, werden Informationen an Facebook, Twitter, Flattr, Xing, t3n, LinkedIn, Pinterest oder Google eventuell ins Ausland \\u00fcbertragen und unter Umst\\u00e4nden auch dort gespeichert. N\\u00e4heres erfahren Sie durch einen Klick auf das <em>i<\\\/em>.\",\"settings_perma\":\"Dauerhaft aktivieren und Daten\\u00fcber-tragung zustimmen:\",\"info_link\":\"http:\\\/\\\/www.heise.de\\\/ct\\\/artikel\\\/2-Klicks-fuer-mehr-Datenschutz-1333879.html\",\"uri\":\"https:\\\/\\\/www.hessen-stottern.de\\\/?page_id=6602\",\"post_id\":6602,\"post_title_referrer_track\":\"%C3%9Cber+uns\",\"display_infobox\":\"on\"});}});\n\/* ]]> *\/<\/script><\/div><p><strong>Ziel:<\/strong> Grundung der Stotterer Selbsthilfegruppe Bad Nauheim<\/p>\n<p><strong>Wo?<\/strong> In Bad Nauheim (ein genaue Adresse gibt es noch nicht)<\/p>\n<p><strong>Wann?<\/strong> Sobald wir 10-12 Betroffene gefunden haben geht es los&#8230;<\/p>\n<p><strong>Wer?<\/strong> Die Initiatoren des Projektes hei\u00dfen Joachim Haas und Bernhard Jung.<\/p>\n<p><strong>Welche<\/strong> Vorteile bietet mir eine Selbsthilfegruppe<strong>?<\/strong><\/p>\n<ul>\n<li>Hilfe und Verst\u00e4ndnis von Menschen bekommen, die \u00e4hnliche Erfahrungen gemacht haben wie Sie.<\/li>\n<li>in Ruhe ausreden, egal wie lange Sie brauchen.<\/li>\n<li>in vertrauter Atmosph\u00e4re offen \u00fcber das Thema \u201cStottern\u201c sprechen.<\/li>\n<li>Adressen von Therapeut\/Innen bekommen, die wirklich gut sind!<\/li>\n<li>sich von einem \u201cExperten &#8211; Team\u201c beraten lassen. Nat\u00fcrlich kostenlos!<\/li>\n<li>Sprechtechniken erlernen, die es Ihnen erm\u00f6glichen, v\u00f6llig flie\u00dfend zu reden. Immer \u00f6fter &#8230;<\/li>\n<li>\u00fcben, schwierige Alltagssituationen erfolgreich zu bew\u00e4ltigen.<\/li>\n<li>erfahren, was Ihnen das Telefonieren leichter macht.<\/li>\n<li>Vorschl\u00e4ge Ihrer Logop\u00e4din in die Tat umsetzen.<\/li>\n<li>Erfolgserlebnisse sammeln, durch die Sie immer selbstbewusster werden.<\/li>\n<li>sich zum \u201cExperten in eigener Sache\u201c machen.<\/li>\n<li>einen Therapie &#8211; Erfolg stabilisieren.<\/li>\n<li>eine Menge Spa\u00df haben und Freunde finden f\u00fcr gemeinsame Unternehmungen.<\/li>\n<li>immer wieder mitmachen, ohne auch nur 1 Cent daf\u00fcr zu bezahlen!<\/li>\n<\/ul>\n<p><strong>Wie <\/strong>kann ich das Projekt unterst\u00fctzen<strong>?<\/strong><\/p>\n<ul>\n<li>Wenn du Betroffener bist und im <a href=\"http:\/\/www.hessen-stottern.de\/?cat=35\" target=\"_blank\" rel=\"noopener noreferrer\">Einzugsgebiet <\/a>von Bad Nauheim wohnst, einfach unter 06400 \u2500 95 84 84 2 melden oder unserer <a href=\"https:\/\/www.facebook.com\/groups\/411377598874007\/\" target=\"_blank\" rel=\"noopener noreferrer\">Facebook-Gruppe<\/a> beitreten.<\/li>\n<li>Als Logop\u00e4d(e)\/in k\u00f6nnten Sie ihren Klienten von den Vorteilen einer Selbsthilfegruppe berichten.<\/li>\n<li>Als Journalist k\u00f6nnten Sie gemeinsam mit Joachim Haas eine Pressemitteilung schreiben.<\/li>\n<li>Als Nicht-Betroffener k\u00f6nnten Sie ihren Freunden und Bekannten von dem Vorhaben erz\u00e4hlen und die Webseite: \u00bb<em>www.badnauheim.hessen-stottern.de<\/em>\u00ab verlinken.<\/li>\n<\/ul>\n<p>&nbsp;<\/p>\n<p>&nbsp;<\/p>\n<p><a href=\"http:\/\/www.hessen-stottern.de\/?page_id=6603\">Impressionen<\/a><\/p>\n","protected":false},"excerpt":{"rendered":"<p>Ziel: Grundung der Stotterer Selbsthilfegruppe Bad Nauheim Wo? In Bad Nauheim (ein genaue Adresse gibt es noch nicht) Wann? Sobald wir 10-12 Betroffene gefunden haben geht es los&#8230; Wer? Die Initiatoren des Projektes hei\u00dfen Joachim Haas und Bernhard Jung. Welche &hellip; <a href=\"https:\/\/www.hessen-stottern.de\/?page_id=6602\">Weiterlesen <span class=\"meta-nav\">&rarr;<\/span><\/a><\/p>\n","protected":false},"author":2,"featured_media":0,"parent":6601,"menu_order":1,"comment_status":"closed","ping_status":"closed","template":"","meta":{"_price":"","_stock":"","_tribe_ticket_header":"","_tribe_default_ticket_provider":"","_tribe_ticket_capacity":"0","_ticket_start_date":"","_ticket_end_date":"","_tribe_ticket_show_description":"","_tribe_ticket_show_not_going":false,"_tribe_ticket_use_global_stock":"","_tribe_ticket_global_stock_level":"","_global_stock_mode":"","_global_stock_cap":"","_tribe_rsvp_for_event":"","_tribe_ticket_going_count":"","_tribe_ticket_not_going_count":"","_tribe_tickets_list":"[]","_tribe_ticket_has_attendee_info_fields":false,"footnotes":"","_tec_slr_enabled":"","_tec_slr_layout":"","_links_to":"","_links_to_target":""},"class_list":["post-6602","page","type-page","status-publish","hentry"],"aioseo_notices":[],"ticketed":false,"_links":{"self":[{"href":"https:\/\/www.hessen-stottern.de\/index.php?rest_route=\/wp\/v2\/pages\/6602","targetHints":{"allow":["GET"]}}],"collection":[{"href":"https:\/\/www.hessen-stottern.de\/index.php?rest_route=\/wp\/v2\/pages"}],"about":[{"href":"https:\/\/www.hessen-stottern.de\/index.php?rest_route=\/wp\/v2\/types\/page"}],"author":[{"embeddable":true,"href":"https:\/\/www.hessen-stottern.de\/index.php?rest_route=\/wp\/v2\/users\/2"}],"replies":[{"embeddable":true,"href":"https:\/\/www.hessen-stottern.de\/index.php?rest_route=%2Fwp%2Fv2%2Fcomments&post=6602"}],"version-history":[{"count":0,"href":"https:\/\/www.hessen-stottern.de\/index.php?rest_route=\/wp\/v2\/pages\/6602\/revisions"}],"up":[{"embeddable":true,"href":"https:\/\/www.hessen-stottern.de\/index.php?rest_route=\/wp\/v2\/pages\/6601"}],"wp:attachment":[{"href":"https:\/\/www.hessen-stottern.de\/index.php?rest_route=%2Fwp%2Fv2%2Fmedia&parent=6602"}],"curies":[{"name":"wp","href":"https:\/\/api.w.org\/{rel}","templated":true}]}}